{"id":30377,"date":"2024-10-31T14:08:53","date_gmt":"2024-10-31T13:08:53","guid":{"rendered":"http:\/\/igel.wovodo.de:8085\/product\/bachlauf-quellbach-ii-dunkel-grau-3-teilig\/"},"modified":"2025-01-27T12:30:07","modified_gmt":"2025-01-27T11:30:07","slug":"bachlauf-quellbach-ii-dunkel-grau-3-teilig","status":"publish","type":"product","link":"http:\/\/igel.wovodo.de:8085\/en\/product\/bachlauf-quellbach-ii-dunkel-grau-3-teilig\/","title":{"rendered":"Bachlauf QUELLBACH II dunkel-grau, 3-teilig"},"content":{"rendered":"<div class=\"sale_application\">\n<ul>\n<li>3-tlg. Kaskaden-Gartenbrunnen-Set zur effektvollen Bachlauf-Gestaltung<\/li>\n<\/ul><\/div>\n<div class=\"sale_description\">\n<p><strong>Dekorativ &amp; Wohltuend<\/strong><\/p>\n<p>Der naturgetreue Bachlauf in Naturstein-Optik wertet jeden Garten auf und sorgt  f\u00fcr eine tolle Atmosph\u00e4re und Entspannung. Flie\u00dfendes Wasser wirkt sich positiv auf die Stimmung aus und liefert ein angenehmes Mikroklima an hei\u00dfen Sommertagen. Der Kaskaden-Brunnen ist stets der perfekte Blickfang.<\/p>\n<p><strong>Individuelle Bachlauf-Gestaltung<\/strong><\/p>\n<p>Der 3-teilige Gartenbrunnen Bachlauf QUELLBACH II besteht aus einer Schale mit Pumpenanschluss (obere Schale) und zwei gro\u00dfen Erweiterungs-Schalen. Die drei Schalen k\u00f6nnen beliebig zusammengesetzt und so den vorhandenen Platzverh\u00e4ltnissen optimal angepasst werden. Die massiven Schalen sind robust, schwer, frostsicher sowie wind- und wetterfest.<br \/> \n<\/p>\n<p>Bei der Nutzung als Zimmerbrunnen ist ein weiterer Beh\u00e4lter notwendig, um einen geschlossenen Wasserkreislauf zu gew\u00e4hrleisten.<\/p>\n<p><strong>Wertbest\u00e4ndig &amp; innovativ<\/strong><\/p>\n<p>Die Schalen sind von schwerer, wertbest\u00e4ndiger Qualit\u00e4t und k\u00f6nnen bei Bedarf ausgetauscht werden. Auch die Betriebsweise der sch\u00f6nen Bachlaufschalen kann individuell gestaltet werden. Es sind drei verschiedene Betriebsarten denkbar: Der Bachlauf kann wahlweise entweder mit einer 12\/230V-Tauchpumpe oder mit einer Solar-Tauchpumpe oder als Hybrid-Brunnen (eine Kombination von 230V- und Solarbetrieb betrieben werden.<\/p>\n<p><b>Note:<\/b> Frost kann zu Sch\u00e4den am Gartenbrunnen und der Pumpe f\u00fchren. Bei Frostgefahr muss der <b>Gartenbrunnen und die Pumpe entleert werden<\/b>, mit klarem Wasser gesp\u00fclt und trocken eingelagert werden. Dann haben Sie sehr lange Freude daran!<\/p>\n<\/div>\n<h3>Many good reasons why you should buy this product:<\/h3>\n<div class=\"sale_motive\">\n<ul>\n<li>2-year guarantee, service life over 60,000 operating hours* <b>(Note below)<\/b><\/li>\n<li>Gartenbrunnen &#8220;Bachlauf QUELLBACH II&#8221;<\/li>\n<li>3-teiliges Schalen-Set<\/li>\n<li>naturgetreue Stein-Optik<\/li>\n<li>optimal f\u00fcr kleine Fl\u00e4chen<\/li>\n<li>individuelle Anordnung der Schalen m\u00f6glich<\/li>\n<li>stabil, bruchfest &amp; langlebig<\/li>\n<li>Set-Bestandteile austausch- und erweiterbar<\/li>\n<\/ul>\n<p>*Garantie gilt nur f\u00fcr Teichpumpe, nicht Solarpanel, Figure oder Kabel.<\/p>\n<\/div>","protected":false},"excerpt":{"rendered":"<p>Bachlauf QUELLBACH II in dunkel-grau<br \/>\nZwei gro\u00dfe Erweiterungs-Schalen und eine Schale (oberste Schale) &#8211; ohne Pumpe<\/p>","protected":false},"featured_media":39497,"comment_status":"open","ping_status":"closed","template":"","meta":[],"product_cat":[357],"product_tag":[],"class_list":{"0":"post-30377","1":"product","2":"type-product","3":"status-publish","4":"has-post-thumbnail","6":"product_cat-bachlauf","8":"first","9":"instock","10":"taxable","11":"shipping-taxable","12":"purchasable","13":"product-type-simple"},"_links":{"self":[{"href":"http:\/\/igel.wovodo.de:8085\/en\/wp-json\/wp\/v2\/product\/30377","targetHints":{"allow":["GET"]}}],"collection":[{"href":"http:\/\/igel.wovodo.de:8085\/en\/wp-json\/wp\/v2\/product"}],"about":[{"href":"http:\/\/igel.wovodo.de:8085\/en\/wp-json\/wp\/v2\/types\/product"}],"replies":[{"embeddable":true,"href":"http:\/\/igel.wovodo.de:8085\/en\/wp-json\/wp\/v2\/comments?post=30377"}],"version-history":[{"count":4,"href":"http:\/\/igel.wovodo.de:8085\/en\/wp-json\/wp\/v2\/product\/30377\/revisions"}],"predecessor-version":[{"id":39929,"href":"http:\/\/igel.wovodo.de:8085\/en\/wp-json\/wp\/v2\/product\/30377\/revisions\/39929"}],"wp:featuredmedia":[{"embeddable":true,"href":"http:\/\/igel.wovodo.de:8085\/en\/wp-json\/wp\/v2\/media\/39497"}],"wp:attachment":[{"href":"http:\/\/igel.wovodo.de:8085\/en\/wp-json\/wp\/v2\/media?parent=30377"}],"wp:term":[{"taxonomy":"product_cat","embeddable":true,"href":"http:\/\/igel.wovodo.de:8085\/en\/wp-json\/wp\/v2\/product_cat?post=30377"},{"taxonomy":"product_tag","embeddable":true,"href":"http:\/\/igel.wovodo.de:8085\/en\/wp-json\/wp\/v2\/product_tag?post=30377"}],"curies":[{"name":"wp","href":"https:\/\/api.w.org\/{rel}","templated":true}]}}