{"id":30209,"date":"2024-10-31T14:07:12","date_gmt":"2024-10-31T13:07:12","guid":{"rendered":"http:\/\/igel.wovodo.de:8085\/product\/adblue-zapf-pistole-und-zubehoer\/"},"modified":"2025-01-27T12:29:10","modified_gmt":"2025-01-27T11:29:10","slug":"adblue-zapf-pistole-und-zubehoer","status":"publish","type":"product","link":"http:\/\/igel.wovodo.de:8085\/en\/product\/adblue-zapf-pistole-und-zubehoer\/","title":{"rendered":"AdBlue\u00ae - nozzle and accessories"},"content":{"rendered":"<div class=\"sale_application\">\n<ul>\n<li>Komplettes Zubeh\u00f6r-Set f\u00fcr AdBlue\u00ae-, Diesel-, Heiz\u00f6l- und Wasserpumpen<\/li>\n<\/ul>\n<\/div>\n<div class=\"sale_description\">\n<p>Komplett-Set in bew\u00e4hrter Qualit\u00e4t: Zubeh\u00f6r-Set f\u00fcr AdBlue\u00ae-Pumpen, Dieselpumpen, Heiz\u00f6lpumpen und Wasserpumpen! <b>Das AdBlue\u00ae Zubeh\u00f6r-Set besteht aus einer Zapfpistole, einem Schlauch und Anschluss-Zubeh\u00f6r.<\/b><\/p>\n<p>Die Zapfpistole ist aus Kunststoff gefertigt und kann sowohl mit AdBlue\u00ae-Pumpen als auch mit Diesel-, Heiz\u00f6l- und Wasserpumpen zum Einsatz gebracht werden.<\/p>\n<p>Die Kunststoff-Zapfpistole ist mit einer <b>Durchfluss-Verrastung<\/b> ausgestattet.<br \/>\nDer 6 Meter lange PVC-Schlauch hat einen Durchmesser von 1 Zoll. Dieser kann problemlos selbst auf die gew\u00fcnschte L\u00e4nge zugeschnitten werden.<br \/> Die im AdBlue\u00ae-Zubeh\u00f6r-Set enthaltenen T\u00fcllen und Schellen sind auf den Schlauchanschluss passend abgestimmt.<\/p>\n<p><b>Bitte beachten:<\/b> Das Zubeh\u00f6r-Set passt <i>nicht<\/i> zu der hier im Shop erh\u00e4ltlichen Adblue-Fass-Pumpe.<\/p>\n<p><b>Information:<\/b> AdBlue\u00ae ist ein eingetragenes Warenzeichen des Verbands der Deutschen Automobilindustrie (VDA).<\/p>\n<\/div>\n<h3>Many good reasons why you should buy this product:<\/h3>\n<div class=\"sale_motive\">\n<ul>\n<li>Komplettes Zubeh\u00f6r-Set<\/li>\n<li>Geeignet f\u00fcr <b>AdBlue\u00ae-Pumpen<\/b><\/li>\n<li>Geeignet f\u00fcr f\u00fcr <b>Diesel pumps<\/b><\/li>\n<li>Geeignet f\u00fcr <b>Heiz\u00f6lpumpen<\/b><\/li>\n<li>Geeignet f\u00fcr <b>Wasserpumpen<\/b><\/li>\n<li>Zapf-Pistole mit Durchfluss-Verrastung<\/li>\n<li>Zuschneidbarer PVC-Schlauch<\/li>\n<li>Inkl. Anschlusszubeh\u00f6r<\/li>\n<\/ul>\n<\/div>","protected":false},"excerpt":{"rendered":"<p>Komplettes Zubeh\u00f6r-Set f\u00fcr AdBlue\u00ae-, Diesel-, Heiz\u00f6l- und Wasserpumpen Komplett-Set in bew\u00e4hrter Qualit\u00e4t: Zubeh\u00f6r-Set f\u00fcr AdBlue\u00ae-Pumpen, Dieselpumpen, Heiz\u00f6lpumpen und Wasserpumpen! Das<\/p>","protected":false},"featured_media":37622,"comment_status":"open","ping_status":"closed","template":"","meta":[],"product_cat":[304,348,195],"product_tag":[],"class_list":{"0":"post-30209","1":"product","2":"type-product","3":"status-publish","4":"has-post-thumbnail","6":"product_cat-adblue-pumpen-sets","7":"product_cat-adblue-zubehoer","8":"product_cat-diesel-zubehoer","10":"first","11":"instock","12":"taxable","13":"shipping-taxable","14":"purchasable","15":"product-type-simple"},"_links":{"self":[{"href":"http:\/\/igel.wovodo.de:8085\/en\/wp-json\/wp\/v2\/product\/30209","targetHints":{"allow":["GET"]}}],"collection":[{"href":"http:\/\/igel.wovodo.de:8085\/en\/wp-json\/wp\/v2\/product"}],"about":[{"href":"http:\/\/igel.wovodo.de:8085\/en\/wp-json\/wp\/v2\/types\/product"}],"replies":[{"embeddable":true,"href":"http:\/\/igel.wovodo.de:8085\/en\/wp-json\/wp\/v2\/comments?post=30209"}],"version-history":[{"count":1,"href":"http:\/\/igel.wovodo.de:8085\/en\/wp-json\/wp\/v2\/product\/30209\/revisions"}],"predecessor-version":[{"id":34825,"href":"http:\/\/igel.wovodo.de:8085\/en\/wp-json\/wp\/v2\/product\/30209\/revisions\/34825"}],"wp:featuredmedia":[{"embeddable":true,"href":"http:\/\/igel.wovodo.de:8085\/en\/wp-json\/wp\/v2\/media\/37622"}],"wp:attachment":[{"href":"http:\/\/igel.wovodo.de:8085\/en\/wp-json\/wp\/v2\/media?parent=30209"}],"wp:term":[{"taxonomy":"product_cat","embeddable":true,"href":"http:\/\/igel.wovodo.de:8085\/en\/wp-json\/wp\/v2\/product_cat?post=30209"},{"taxonomy":"product_tag","embeddable":true,"href":"http:\/\/igel.wovodo.de:8085\/en\/wp-json\/wp\/v2\/product_tag?post=30209"}],"curies":[{"name":"wp","href":"https:\/\/api.w.org\/{rel}","templated":true}]}}