{"id":30143,"date":"2024-10-31T14:06:36","date_gmt":"2024-10-31T13:06:36","guid":{"rendered":"http:\/\/igel.wovodo.de:8085\/product\/b-ware-profi-airbrush-kompressor-carry-ii-rosa-mit-druckschlauch-netzteil\/"},"modified":"2025-01-27T12:28:53","modified_gmt":"2025-01-27T11:28:53","slug":"b-ware-profi-airbrush-kompressor-carry-ii-rosa-mit-druckschlauch-netzteil","status":"publish","type":"product","link":"http:\/\/igel.wovodo.de:8085\/en\/product\/b-ware-profi-airbrush-kompressor-carry-ii-rosa-mit-druckschlauch-netzteil\/","title":{"rendered":"B-Ware Profi AirBrush Kompressor Carry II Rosa mit Druckschlauch \/ Netzteil"},"content":{"rendered":"<div class=\"sale_application\">\n<b><\/p>\n<p>Ideal for cosmetics &amp; beauty (airbrush nail art, makeup, hair coloring, hair care, spray tanning), body art (body painting, tattoo, mask design), hobby (flowers\/ flower arrangements, model making, ceramics\/ pottery, textiles), small car designs (gas caps\/ helmets), technical illustrations\/ photo touch-ups and food decoration (cakes\/ cupcakes). The possibilities for airbrushing are practically unlimited.<\/p>\n<p><\/b> <\/div>\n<div class=\"sale_description\">\n<h2>B-Ware hei\u00dft hier:<\/h2>\n<ul>\n<li>leichte optische Fehler &#8211; wie kleine Dellen oder Kratzer\n<\/li>\n<li>Kompressor ist voll funktionsf\u00e4hig!\n<\/li>\n<li>Reduzierte gesetzliche Gew\u00e4hrleistung auf max. 1 Jahr\n<p>This oil- and maintenance-free <b>Airbrush Kompressor Carry II<\/b> ist f\u00fcr Arbeiten mit allen<br \/>\n  handels\u00fcblichen Airbrush Farben geeignet. Mit nur 47dB erm\u00f6glicht<br \/>\n  er angenehmes Arbeiten auch in kleineren, geschlossenen R\u00e4umen (bitte f\u00fcr eine Farbnebelabsaugung sorgen).<\/p>\n<p>Der Mini-Kompressor f\u00fcr Airbrush hat eine in <b>5-Power-Stufen<\/b> leicht regulierbare Kompressorleistung. Am Airbrush-Kompressor befinden sich zwei praktische Halterungen f\u00fcr Airbrush-Pistolen.<\/p>\n<p>Sein kompaktes Design, geringes Gewicht und die <b>zwei integrierten Airbrush-Pistolen-Halter<\/b> erleichtern<br \/>\n  den mobilen Einsatz. Dieser kompakte Kompressor ist perfekt<br \/>\n    geeignet, um kleinere Arbeiten unterwegs zu erledigen.<\/p>\n<p>The<br \/>\n  Anwendungsgebiete gehen \u00fcber Nagel Design, Dekoration von<br \/>\n  Torten, Blumen und Gestecken, Makeup, Kosmetik, Body-Painting, Body Art, Spray Tanning,<br \/>\nNagelgestaltung, Tattoos, Haart\u00f6nung, Haarpflege, Maskengestaltung, Bemalung von Hobbyartikeln, Modelherstellung, Gestaltung von Keramik\/Tonwaren, Helm-Design, Textilen aller Art, T-shirt-, Koffer-, Taschen-, Jeans-, Motorrad, Kfz-, Tankdeckel-&#8230; Gestaltungen und h\u00f6ren bei technischen Illustrationen und Fotonachbesserung nicht auf. Es stehen Ihnen praktisch unbegrenzte M\u00f6glichkeiten f\u00fcr Airbrushing zur Verf\u00fcgung.<\/p>\n<p><strong>Weiteres Zubeh&ouml;r k&ouml;nnen Sie kosteng&uuml;nstig bei der Auswahl <font color=\"#FF0000\">&#8220;Optionales Zubeh&ouml;r bitte hier ausw&auml;hlen&#8221;<\/font> zus&auml;tzlich bestellen!<\/strong><\/p>\n<\/li>\n<\/ul>\n<\/div>\n<h3>Many good reasons why you should buy this product:<\/h3>\n<div class=\"sale_motive\">\n<ul>\n<li><strong>vielf\u00e4ltige Einsatzgebiete mit Standard-Anforderungen<\/strong><\/li>\n<li><strong>in 5 Stufen leicht regelbare Kompressorleistung<\/strong><\/li>\n<li>Ideal for mobile use<\/li>\n<li>Transportable and quickly ready for use<\/li>\n<li>\u00d6l- und wartungsfreier Kompressor<\/li>\n<li>Kompressor-Anschluss: T\u00fclle f\u00fcr Standardschlauch (passend f\u00fcr alle g\u00e4ngigen Airbrushpistolen)<\/li>\n<li><strong>fl\u00fcsterleiser Betrieb ca. 47dB<\/strong> (Zum Vergleich: ein normales Gespr\u00e4ch in 1m Abstand = 60dB)<\/li>\n<\/ul>\n<\/div>","protected":false},"excerpt":{"rendered":"<p>AIRBRUSH KOMPRESSOR SET: Mini Airbrush Kompressor CARRY II mit 5-POWER-STUFEN-Kompressor-Leistung (max. Druck 1,7 bar, max. Luftabgabemenge: 16 l\/min, Motorleistung: 12V10W) <\/p>","protected":false},"featured_media":31186,"comment_status":"open","ping_status":"closed","template":"","meta":[],"product_cat":[384,385,386],"product_tag":[],"class_list":{"0":"post-30143","1":"product","2":"type-product","3":"status-publish","4":"has-post-thumbnail","6":"product_cat-b-ware-airbrushkompressor","7":"product_cat-b-ware-profi-airbrush","8":"product_cat-b-ware-profi-airbrush-shops","10":"first","11":"instock","12":"sale","13":"taxable","14":"shipping-taxable","15":"purchasable","16":"product-type-simple"},"_links":{"self":[{"href":"http:\/\/igel.wovodo.de:8085\/en\/wp-json\/wp\/v2\/product\/30143","targetHints":{"allow":["GET"]}}],"collection":[{"href":"http:\/\/igel.wovodo.de:8085\/en\/wp-json\/wp\/v2\/product"}],"about":[{"href":"http:\/\/igel.wovodo.de:8085\/en\/wp-json\/wp\/v2\/types\/product"}],"replies":[{"embeddable":true,"href":"http:\/\/igel.wovodo.de:8085\/en\/wp-json\/wp\/v2\/comments?post=30143"}],"version-history":[{"count":1,"href":"http:\/\/igel.wovodo.de:8085\/en\/wp-json\/wp\/v2\/product\/30143\/revisions"}],"predecessor-version":[{"id":34761,"href":"http:\/\/igel.wovodo.de:8085\/en\/wp-json\/wp\/v2\/product\/30143\/revisions\/34761"}],"wp:featuredmedia":[{"embeddable":true,"href":"http:\/\/igel.wovodo.de:8085\/en\/wp-json\/wp\/v2\/media\/31186"}],"wp:attachment":[{"href":"http:\/\/igel.wovodo.de:8085\/en\/wp-json\/wp\/v2\/media?parent=30143"}],"wp:term":[{"taxonomy":"product_cat","embeddable":true,"href":"http:\/\/igel.wovodo.de:8085\/en\/wp-json\/wp\/v2\/product_cat?post=30143"},{"taxonomy":"product_tag","embeddable":true,"href":"http:\/\/igel.wovodo.de:8085\/en\/wp-json\/wp\/v2\/product_tag?post=30143"}],"curies":[{"name":"wp","href":"https:\/\/api.w.org\/{rel}","templated":true}]}}