{"id":30123,"date":"2024-10-31T14:06:26","date_gmt":"2024-10-31T13:06:26","guid":{"rendered":"http:\/\/igel.wovodo.de:8085\/product\/diesel-diesel-12v-fass-pumpe\/"},"modified":"2025-01-27T12:28:47","modified_gmt":"2025-01-27T11:28:47","slug":"diesel-diesel-12v-fass-pumpe","status":"publish","type":"product","link":"http:\/\/igel.wovodo.de:8085\/en\/product\/diesel-diesel-12v-fass-pumpe\/","title":{"rendered":"Diesel Diesel 12V drum pump"},"content":{"rendered":"<div class=\"sale_description\">\n<p>Die 12-Volt-Fasspumpe ist die ideale Umf\u00fcllpumpe und eignet sich hervorragend zum Be- und Umf\u00fcllen von Diesel und Heiz\u00f6l aus Tanks und F\u00e4ssern. Mit unserer elektrischen Fass-Pumpe kein Problem. Das optimale Werkzeug f\u00fcr jeden Fuhrpark, KFZ-Werkst\u00e4tten, oder in der Landwirtschaft, bei Autoverwertern usw! Hiermit bef\u00fcllen Sie m\u00fchelos jegliche Art von Fahrzeugen und Maschinen.<\/p>\n<p>Sie haben die Wahl zwischen Pumpen, die mit einer Spannung von 12V, 24V oder 230V betrieben werden. So finden Sie hier f\u00fcr jeden Bedarf die richtige Pumpe. Mit den 12\/24V-Fass-Pumpen ist auch ein Umpumpen vom Fass ins Fahrzeug m\u00f6glich. Bei den 12\/24V-Pumpen m\u00fcssen Sie lediglich die Batterieklemmen mit den Polen der Fahrzeugbatterie verbinden. Sie sind so auch im Notfall unabh\u00e4ngig von externen Stromquellen.<\/p>\n<p><b>Bitte unbedingt auf Batteriespannung achten, sonst kann die Pumpe besch\u00e4digt werden! Die Fasspumpen sind f\u00fcr das Pumpen von Benzin, Kerosin oder anderen brennbaren Fl\u00fcssigkeiten nicht geeignet.<\/b><\/p>\n<div class=\"embed-responsive embed-responsive-16by9\">\n<iframe src=\"https:\/\/www.youtube-nocookie.com\/embed\/1-kqtZ5Xxks?rel=0\" title=\"YouTube video player\" allow=\"accelerometer; autoplay; clipboard-write; encrypted-media; gyroscope; picture-in-picture\" allowfullscreen=\"\" width=\"560\" height=\"315\" frameborder=\"0\"><\/iframe>\n<\/div>\n<\/div>\n<h3>Many good reasons why you should buy this product:<\/h3>\n<div class=\"sale_motive\">\n<ul>\n<li>380 Watt-Powerpumpe<\/li>\n<li>Ideal als Umf\u00fcllpumpe<\/li>\n<li>Geeignet f\u00fcr Diesel &amp; Heiz\u00f6l<\/li>\n<li>Hohe Mobilit\u00e4t dank Klemmen zum Anschluss an 12V-Batterie<\/li>\n<li>Bis zu 100 Liter pro Minute. <b>Fast filling!<\/b><\/li>\n<li>Robuste, bew\u00e4hrte Qualit\u00e4t<\/li>\n<li>\"On\" and \"Off\" switch with safety device<\/li>\n<\/ul>\n<\/div>","protected":false},"excerpt":{"rendered":"<p>12-Volt-Fasspumpe f\u00fcr Diesel &amp; Heiz\u00f6l<br \/>\nmit T\u00fclle | mit 92,5 cm langem Ansaugrohr<br \/>\n  Max. flow rate up to 6000l\/h<\/p>\n<p><b>Fast filling!<\/b><br \/>\n  Mit Klemmen zum Anschluss an eine 12-V-Batterie!<\/p>","protected":false},"featured_media":31858,"comment_status":"open","ping_status":"closed","template":"","meta":[],"product_cat":[324,345],"product_tag":[],"class_list":{"0":"post-30123","1":"product","2":"type-product","3":"status-publish","4":"has-post-thumbnail","6":"product_cat-12v-pumpen","7":"product_cat-diesel-und-heizoel-fasspumpen","9":"first","10":"instock","11":"sale","12":"taxable","13":"shipping-taxable","14":"purchasable","15":"product-type-simple"},"_links":{"self":[{"href":"http:\/\/igel.wovodo.de:8085\/en\/wp-json\/wp\/v2\/product\/30123","targetHints":{"allow":["GET"]}}],"collection":[{"href":"http:\/\/igel.wovodo.de:8085\/en\/wp-json\/wp\/v2\/product"}],"about":[{"href":"http:\/\/igel.wovodo.de:8085\/en\/wp-json\/wp\/v2\/types\/product"}],"replies":[{"embeddable":true,"href":"http:\/\/igel.wovodo.de:8085\/en\/wp-json\/wp\/v2\/comments?post=30123"}],"version-history":[{"count":3,"href":"http:\/\/igel.wovodo.de:8085\/en\/wp-json\/wp\/v2\/product\/30123\/revisions"}],"predecessor-version":[{"id":38358,"href":"http:\/\/igel.wovodo.de:8085\/en\/wp-json\/wp\/v2\/product\/30123\/revisions\/38358"}],"wp:featuredmedia":[{"embeddable":true,"href":"http:\/\/igel.wovodo.de:8085\/en\/wp-json\/wp\/v2\/media\/31858"}],"wp:attachment":[{"href":"http:\/\/igel.wovodo.de:8085\/en\/wp-json\/wp\/v2\/media?parent=30123"}],"wp:term":[{"taxonomy":"product_cat","embeddable":true,"href":"http:\/\/igel.wovodo.de:8085\/en\/wp-json\/wp\/v2\/product_cat?post=30123"},{"taxonomy":"product_tag","embeddable":true,"href":"http:\/\/igel.wovodo.de:8085\/en\/wp-json\/wp\/v2\/product_tag?post=30123"}],"curies":[{"name":"wp","href":"https:\/\/api.w.org\/{rel}","templated":true}]}}