{"id":30096,"date":"2024-10-31T14:06:09","date_gmt":"2024-10-31T13:06:09","guid":{"rendered":"http:\/\/igel.wovodo.de:8085\/product\/beste-ergebnisse-dank-starker-leistung-einfach-optimal-unser-profi-opti-drill\/"},"modified":"2025-01-27T12:28:40","modified_gmt":"2025-01-27T11:28:40","slug":"beste-ergebnisse-dank-starker-leistung-einfach-optimal-unser-profi-opti-drill","status":"publish","type":"product","link":"http:\/\/igel.wovodo.de:8085\/en\/product\/beste-ergebnisse-dank-starker-leistung-einfach-optimal-unser-profi-opti-drill\/","title":{"rendered":"Beste Ergebnisse dank starker Leistung &#8211; einfach OPTIMAL,\n  unser &#8220;PROFI-OPTI-DRILL&#8221;!"},"content":{"rendered":"<div class=\"sale_application\">\n<h2>Anwendungsbereiche:<\/h2>\n<ul>\n<li><b> Starke 18V-Leistungsdaten f\u00fcr beste Ergebnisse<\/b><\/li>\n<li>Gro\u00dfer 1500mAh Long-Life Li-Ion Akku, Austauschbar! 2.Akku bei uns im Shop erh\u00e4ltlich<\/li>\n<li>AUFLADUNG in nur 1 Stunde &#8211; <b>Schnell-Ladeger\u00e4t<\/b><\/li>\n<li>Praktisch kein Memory Effekt bei Original-Accu<\/li>\n<li>2-Gang-Getriebe mit 21+1 Drehmomenteinstellungen<\/li>\n<li>Softgriff f\u00fcr bequemes und sicheres Arbeiten<\/li>\n<li>ergonomische Drehmomenteinstellung f\u00fcr bessere Handhabung<\/li>\n<li>Keine Selbstentladung des Akkus, Immer einsatzbereit, bis die Aufladung &#8220;verarbeitet&#8221; ist!<\/li>\n<li>Vorw\u00e4rts- \/ R\u00fcckw\u00e4rtslauf &#8211; leicht schaltbar<\/li>\n<li>LED-Akku-Kontrollstandanzeige<\/li>\n<li>Praktischer Aufbewahrungskoffer mit g\u00e4ngigen Bits und Bohrern<\/li>\n<\/ul><\/div>\n<div class=\"sale_description\">\n<p><b>Optimal-professionell Arbeiten<\/b> &#8211; Mit dem Akkuschrauber <b>PROFI-OPTI-DRILL<\/b> macht Hobby und Arbeit Spa\u00df! Das ergonomische Design mit<br \/>\n  Softgriffen erm\u00f6glicht komfortables Arbeiten in allen Lagen! Das 2-Gang Getriebe mit 21+1 Drehmomenteinstellungen bietet die beste<br \/>\n  Anpassung auf Ihren Einsatzbereich. Die von uns verwendete moderne<b> Profi High-Tech Li-Ion Akkutechnologie<\/b> und das passende 1Std.-Schnelladeger\u00e4t bietet Ihnen starke Leistung bei einer <b> schnellen Aufladung<\/b>. Nach Herstellerangaben werden<b> bis zu 1000 Ladevorg\u00e4nge  <\/b> erreicht. Gut auf Pressdruck<b> regulierbare Laufgeschwindigkeit<\/b> zeichnet dieses Ger\u00e4t zus\u00e4tzlich aus. Vom Hersteller auf GS gepr\u00fcft und mit Erfolg bestanden.<\/p>\n<\/div>","protected":false},"excerpt":{"rendered":"<p>Anwendungsbereiche: Starke 18V-Leistungsdaten f\u00fcr beste Ergebnisse Gro\u00dfer 1500mAh Long-Life Li-Ion Akku, Austauschbar! 2.Akku bei uns im Shop erh\u00e4ltlich AUFLADUNG in<\/p>","protected":false},"featured_media":31747,"comment_status":"open","ping_status":"closed","template":"","meta":[],"product_cat":[367,293],"product_tag":[],"class_list":{"0":"post-30096","1":"product","2":"type-product","3":"status-publish","4":"has-post-thumbnail","6":"product_cat-sale","7":"product_cat-akkuschrauber","9":"first","10":"instock","11":"sale","12":"taxable","13":"shipping-taxable","14":"purchasable","15":"product-type-simple"},"_links":{"self":[{"href":"http:\/\/igel.wovodo.de:8085\/en\/wp-json\/wp\/v2\/product\/30096","targetHints":{"allow":["GET"]}}],"collection":[{"href":"http:\/\/igel.wovodo.de:8085\/en\/wp-json\/wp\/v2\/product"}],"about":[{"href":"http:\/\/igel.wovodo.de:8085\/en\/wp-json\/wp\/v2\/types\/product"}],"replies":[{"embeddable":true,"href":"http:\/\/igel.wovodo.de:8085\/en\/wp-json\/wp\/v2\/comments?post=30096"}],"version-history":[{"count":1,"href":"http:\/\/igel.wovodo.de:8085\/en\/wp-json\/wp\/v2\/product\/30096\/revisions"}],"predecessor-version":[{"id":34714,"href":"http:\/\/igel.wovodo.de:8085\/en\/wp-json\/wp\/v2\/product\/30096\/revisions\/34714"}],"wp:featuredmedia":[{"embeddable":true,"href":"http:\/\/igel.wovodo.de:8085\/en\/wp-json\/wp\/v2\/media\/31747"}],"wp:attachment":[{"href":"http:\/\/igel.wovodo.de:8085\/en\/wp-json\/wp\/v2\/media?parent=30096"}],"wp:term":[{"taxonomy":"product_cat","embeddable":true,"href":"http:\/\/igel.wovodo.de:8085\/en\/wp-json\/wp\/v2\/product_cat?post=30096"},{"taxonomy":"product_tag","embeddable":true,"href":"http:\/\/igel.wovodo.de:8085\/en\/wp-json\/wp\/v2\/product_tag?post=30096"}],"curies":[{"name":"wp","href":"https:\/\/api.w.org\/{rel}","templated":true}]}}