{"id":30072,"date":"2024-10-31T14:05:51","date_gmt":"2024-10-31T13:05:51","guid":{"rendered":"http:\/\/igel.wovodo.de:8085\/product\/diesel-wasser-oel-adblue-digital-durchflussmesser-bre400-190l-min\/"},"modified":"2025-01-27T12:28:33","modified_gmt":"2025-01-27T11:28:33","slug":"diesel-wasser-oel-adblue-digital-durchflussmesser-bre400-190l-min","status":"publish","type":"product","link":"http:\/\/igel.wovodo.de:8085\/en\/product\/diesel-wasser-oel-adblue-digital-durchflussmesser-bre400-190l-min\/","title":{"rendered":"Diesel \/ Wasser \/ \u00d6l\/ Adblue &#8211; Digital-Durchflussmesser BRE400 190L\/min"},"content":{"rendered":"<div class=\"sale_application\">\n<ul>\n<li>Universal einsetzbarer Digital-Durchflussmesser f\u00fcr verschiedene<br \/>\n    Fl\u00fcssigkeiten (Wasser, Diesel, \u00d6l, Adblue)<\/li>\n<\/ul><\/div>\n<div class=\"sale_description\">\n<p>Unser robustes Durchflussmessger\u00e4t mit digitalem Z\u00e4hlwerk eignet sich bestens \u00fcberall dann, wenn die DURCHFLUSS-MENGE PR\u00c4ZISE und ZUVERL\u00c4SSIG gemessen werden mu\u00df: Tankstellen, Fabriken, Speditionen und VIELES MEHR. Damit behalten Sie immer den \u00dcberblick \u00fcber den Verbrauch von Diesel, \u00d6l und anderen Fl\u00fcssigkeiten in Ihrem Unternehmen. Es kann f\u00fcr fast alle nicht korrosiven Fl\u00fcssigkeiten eingesetzt werden. Die entsprechende Viskosit\u00e4t und Temperatur ist stets zu beachten.<\/p>\n<p>Der BRE400 ist ein Turbinenmesssystem f\u00fcr die pr\u00e4zise Messung von Fl\u00fcssigkeiten mit niedriger Viskosit\u00e4t. Die Messelektronik und das LCD-Display sitzen im oberen Teil des BRE400, die von der Messkammer durch eine Dichtung und die Abdeckung getrennt ist. Das Ger\u00e4t arbeitet absolut zuverl\u00e4ssig und wirtschaftlich. Es ist einfach zu installieren und zu kalibrieren. Der Durchflussmesser kann problemlos zwischen Pumpe und Zapfpistole installiert werden. Die Funktion ist durch den geringen Str\u00f6mungswiderstand auch bei Bef\u00fcllungen durch reine Schwerkraft gew\u00e4hrleistet.<\/p>\n<p>Der BRE400 kann als Messwerte Liter, Quarts, Pints und Gallonen anzeigen. Bei Auslieferung ist als Ma\u00dfeinheit Liter voreingestellt. Das Display wird von zwei Typ LR1N-Batterien mit einer Betriebsdauer von ca. 8.000 Std. mit Strom versorgt.<\/p><\/div>\n<h3>Many good reasons why you should buy this product:<\/h3>\n<div class=\"sale_motive\">\n<ul>\n<li>Universaleinsatz f\u00fcr verschiedene Fl\u00fcssigkeiten (Wasser, Diesel, \u00d6l, Adblue, &#8230;)\n<\/li>\n<li>Pr\u00e4zise Messung von Durchfluss und Menge\n<\/li>\n<li>Leichte Handhabung\n<\/li>\n<li>Einfache Kalibrierung und Betrieb<\/li>\n<\/ul>\n<\/div>","protected":false},"excerpt":{"rendered":"<p>Universal einsetzbarer Digital-Durchflussmesser f\u00fcr verschiedene Fl\u00fcssigkeiten (Wasser, Diesel, \u00d6l, Adblue) Unser robustes Durchflussmessger\u00e4t mit digitalem Z\u00e4hlwerk eignet sich bestens \u00fcberall<\/p>","protected":false},"featured_media":39825,"comment_status":"open","ping_status":"closed","template":"","meta":[],"product_cat":[348,201,195],"product_tag":[],"class_list":{"0":"post-30072","1":"product","2":"type-product","3":"status-publish","4":"has-post-thumbnail","6":"product_cat-adblue-zubehoer","7":"product_cat-zubehoer-tauchpumpen","8":"product_cat-diesel-zubehoer","10":"first","11":"instock","12":"taxable","13":"shipping-taxable","14":"purchasable","15":"product-type-simple"},"_links":{"self":[{"href":"http:\/\/igel.wovodo.de:8085\/en\/wp-json\/wp\/v2\/product\/30072","targetHints":{"allow":["GET"]}}],"collection":[{"href":"http:\/\/igel.wovodo.de:8085\/en\/wp-json\/wp\/v2\/product"}],"about":[{"href":"http:\/\/igel.wovodo.de:8085\/en\/wp-json\/wp\/v2\/types\/product"}],"replies":[{"embeddable":true,"href":"http:\/\/igel.wovodo.de:8085\/en\/wp-json\/wp\/v2\/comments?post=30072"}],"version-history":[{"count":1,"href":"http:\/\/igel.wovodo.de:8085\/en\/wp-json\/wp\/v2\/product\/30072\/revisions"}],"predecessor-version":[{"id":34691,"href":"http:\/\/igel.wovodo.de:8085\/en\/wp-json\/wp\/v2\/product\/30072\/revisions\/34691"}],"wp:featuredmedia":[{"embeddable":true,"href":"http:\/\/igel.wovodo.de:8085\/en\/wp-json\/wp\/v2\/media\/39825"}],"wp:attachment":[{"href":"http:\/\/igel.wovodo.de:8085\/en\/wp-json\/wp\/v2\/media?parent=30072"}],"wp:term":[{"taxonomy":"product_cat","embeddable":true,"href":"http:\/\/igel.wovodo.de:8085\/en\/wp-json\/wp\/v2\/product_cat?post=30072"},{"taxonomy":"product_tag","embeddable":true,"href":"http:\/\/igel.wovodo.de:8085\/en\/wp-json\/wp\/v2\/product_tag?post=30072"}],"curies":[{"name":"wp","href":"https:\/\/api.w.org\/{rel}","templated":true}]}}