{"id":30047,"date":"2024-10-31T14:05:35","date_gmt":"2024-10-31T13:05:35","guid":{"rendered":"http:\/\/igel.wovodo.de:8085\/product\/invert-tech-6-800-10-hauswasserwerk-inverter-permanent-magnet\/"},"modified":"2025-01-27T12:28:23","modified_gmt":"2025-01-27T11:28:23","slug":"invert-tech-6-800-10-hauswasserwerk-inverter-permanent-magnet","status":"publish","type":"product","link":"http:\/\/igel.wovodo.de:8085\/en\/product\/invert-tech-6-800-10-hauswasserwerk-inverter-permanent-magnet\/","title":{"rendered":"INVERT-TECH 6-800-10 HAUSWASSERWERK-INVERTER Permanent Magnet"},"content":{"rendered":"<div class=\"sale_application\">\n<ul>\n<li>Hochwertige, mehrstufige, Kreiselpumpe<\/li>\n<li>zur F\u00f6rderung von Klarwasser<\/li>\n<\/ul><\/div>\n<div class=\"sale_description\">\n<p>Das Hauswasserwerk INVERT-TECH 6-800-10 mit integriertem Inverter ist nach neuestem technischen Stand entwickelt worden. Es eignet sich zur Brauchwassernutzung in Haus &amp; Garten gro\u00dfer Wassermengen.<br \/>\n<br \/>The <b>Inverter-Hauswasserwerk ist eine echte Sensation<\/b> &amp; eine Super-Alternative zu \u00fcblichen Hauswasserwerken und Druckerh\u00f6hungsanlagen!<\/p>\n<p>Durch den eingebauten Inverter verf\u00fcgt das Hauswasserwerk INVERTER-HAUSWASSERWERK \u00fcber intelligente Selbst\u00fcberwachungseigenschaften. Der Arbeitsdruck l\u00e4sst sich pr\u00e4zise einstellen<\/p>\n<p>Die maximale F\u00f6rdermenge betr\u00e4gt <b>3.500 l\/h<\/b>, der maximale Druck liegt bei <b>4,5 bar<\/b> und die maximale F\u00f6rderh\u00f6he <b>45m<\/b>.<\/p>\n<p>Man kann immer die aktuell ben\u00f6tigte Energieleistung sehen und direkt nachvollziehen, wie energiesparsam die Pumpe ist!<\/p>\n<p>Das Inverter-Hauswasserwerk <b><\/b> hat dabei eine <b>sehr hohe Wasserleistung<\/b>. Spitze!<\/p>\n<p>Die Pumpe l\u00e4uft sanft los, und regelt die Drehzahl \u00fcber mehrere Stufen runter, bis sie sich abschaltet.<br \/>\nDie Druckeinstellung erfolgt \u00fcber die beiden Pfeiltasten: hoch und runter.<br \/>\n  <b>Mehr muss nichts eingestellt werden!<\/b><\/p>\n<p>  Kurzum: <b>Technik, die begeistert!<\/b>\n<\/p>\n<div class=\"embed-responsive embed-responsive-16by9\">\n<iframe src=\"https:\/\/www.youtube-nocookie.com\/embed\/RtYwplbwjvU?rel=0\" title=\"YouTube video player\" allow=\"accelerometer; autoplay; clipboard-write; encrypted-media; gyroscope; picture-in-picture\" allowfullscreen=\"\" width=\"560\" height=\"315\" frameborder=\"0\"><\/iframe>\n<\/div>\n<\/div>\n<h3>Many good reasons why you should buy this product:<\/h3>\n<div class=\"sale_motive\">\n<ul>\n<li>Hochwertiges, mehrstufiges Hauswasserwerk<\/li>\n<li><b>Gut f\u00fcr die Umwelt &amp; das Klima und KOSTENSPAREND zugleich<\/b><\/li>\n<li>Ausgezeichnete Effizienz, leistungsstark, energiesparend<\/li>\n<li>Mit intelligenter Inverter-Steuerung f\u00fcr konstanten Leitungsdruck<\/li>\n<li>Optimal f\u00fcr ver\u00e4nderlichen Wasserbedarf<\/li>\n<li>G\u00e4ngiger 1 Zoll Anschluss<\/li>\n<li>\u00dcbersichtliches Display mit LED-Anzeige<\/li>\n<li>nach neuestem Stand der Technik entwickelt<\/li>\n<\/ul>\n<\/div>","protected":false},"excerpt":{"rendered":"<p><b>Inverter-Hauswasserwerk<br \/>\n  mit selbstansaugender, mehrstufiger Kreiselpumpe, integriertem Inverter,<br \/>\n  LED-Display, variabler Umdrehungszahl,<br \/>\n <\/b><br \/>\n  Qmax 3.500 L\/h | Hmax 45m | Pmax 4,5 bar<\/p>","protected":false},"featured_media":37595,"comment_status":"open","ping_status":"closed","template":"","meta":[],"product_cat":[266],"product_tag":[],"class_list":{"0":"post-30047","1":"product","2":"type-product","3":"status-publish","4":"has-post-thumbnail","6":"product_cat-hauswasserautomat","8":"first","9":"instock","10":"taxable","11":"shipping-taxable","12":"purchasable","13":"product-type-simple"},"_links":{"self":[{"href":"http:\/\/igel.wovodo.de:8085\/en\/wp-json\/wp\/v2\/product\/30047","targetHints":{"allow":["GET"]}}],"collection":[{"href":"http:\/\/igel.wovodo.de:8085\/en\/wp-json\/wp\/v2\/product"}],"about":[{"href":"http:\/\/igel.wovodo.de:8085\/en\/wp-json\/wp\/v2\/types\/product"}],"replies":[{"embeddable":true,"href":"http:\/\/igel.wovodo.de:8085\/en\/wp-json\/wp\/v2\/comments?post=30047"}],"version-history":[{"count":4,"href":"http:\/\/igel.wovodo.de:8085\/en\/wp-json\/wp\/v2\/product\/30047\/revisions"}],"predecessor-version":[{"id":39724,"href":"http:\/\/igel.wovodo.de:8085\/en\/wp-json\/wp\/v2\/product\/30047\/revisions\/39724"}],"wp:featuredmedia":[{"embeddable":true,"href":"http:\/\/igel.wovodo.de:8085\/en\/wp-json\/wp\/v2\/media\/37595"}],"wp:attachment":[{"href":"http:\/\/igel.wovodo.de:8085\/en\/wp-json\/wp\/v2\/media?parent=30047"}],"wp:term":[{"taxonomy":"product_cat","embeddable":true,"href":"http:\/\/igel.wovodo.de:8085\/en\/wp-json\/wp\/v2\/product_cat?post=30047"},{"taxonomy":"product_tag","embeddable":true,"href":"http:\/\/igel.wovodo.de:8085\/en\/wp-json\/wp\/v2\/product_tag?post=30047"}],"curies":[{"name":"wp","href":"https:\/\/api.w.org\/{rel}","templated":true}]}}