{"id":29989,"date":"2024-10-31T14:04:54","date_gmt":"2024-10-31T13:04:54","guid":{"rendered":"http:\/\/igel.wovodo.de:8085\/product\/profi-airbrush-carry-ii-tattoo-set\/"},"modified":"2025-01-27T12:28:09","modified_gmt":"2025-01-27T11:28:09","slug":"profi-airbrush-carry-ii-tattoo-set","status":"publish","type":"product","link":"http:\/\/igel.wovodo.de:8085\/en\/product\/profi-airbrush-carry-ii-tattoo-set\/","title":{"rendered":"Profi-AirBrush Carry II Tattoo Set"},"content":{"rendered":"<div class=\"sale_application\">\n<b><\/p>\n<p>Ideal for cosmetics &amp; beauty (airbrush nail art, makeup, hair coloring, hair care, spray tanning), body art (body painting, tattoo, mask design), hobby (flowers\/ flower arrangements, model making, ceramics\/ pottery, textiles), small car designs (gas caps\/ helmets), technical illustrations\/ photo touch-ups and food decoration (cakes\/ cupcakes). The possibilities for airbrushing are practically unlimited.<\/p>\n<p><\/b> <\/div>\n<div class=\"sale_description\">\n<p>Hier erhalten Sie neben dem Airbrush Kompressor &nbsp;CARRY II Tattoo Set<b> zum Spitzenpreis<\/b> noch 4 Stck. trendige Airbrush Farben und 6 Tatto Schablonen. Design-Vorlagen f\u00fcr die einfache und schnelle Erstellung von professionellen Designs. Lassen Sie Ihrer Kreativit\u00e4t freien Lauf!<\/p>\n<p>Dieses Airbrush Kompressor <b>Airbrush Kompressor Carry II <\/b>ist ideal f\u00fcr den Einstieg in das Hobby der Airbrushtechnik. Die Vielseitigkeit der Ausstattung bietet Ihnen die M\u00f6glichkeit, fast alle Anwendungen auszuprobieren und gleich richtig zu betreiben. Neben dem im Set enthaltenen&nbsp;<b> Farben Set<\/b> sind auch weitere <b>Farb-Sets <\/b>zum <b>g\u00fcnstigen Preis<\/b> frachtfrei lieferbar. Insbesondere m\u00f6chten wir Ihnen die 100ml Sunless- Tanning-Lotion zum Kennenlernpreis empfehlen. Das <b>Airbrush Kompressor Carry II <\/b> ist f\u00fcr das Arbeiten mit allen handels\u00fcblichen Airbrush Farben geeignet. Die Anwendungsgebiete gehen \u00fcber Nagel Design, Tattoo, Lebensmittel-Dekoration wie Torten, Cup-Cake, Blumen und Gestecke, bis zu feinen Modellbau-Projekten. Mit nur 47dB erm\u00f6glicht er angenehmes Arbeiten auch in kleineren, geschlossenen R\u00e4umen.<\/p>\n<p><b>Die UNIVERSAL-Airbrush-Pistole <strong>&#8220;Double-Action-Gun 134s&#8221;<\/strong> ist einzigartig und einmalig f\u00fcr diese Preisklasse!<\/b><\/p>\n<p>Die Airbrush-Pistole &#8220;Double-Action-Gun 134s&#8221; mit 0,2mm \/ 0,3mm \/ 0,5mm NADEL\/D\u00dcSE Kombination und 2 verschiedenen Farbbeh\u00e4ltern (7ml und 22ml) ist besonders f\u00fcr den Beginner zum Kennenlernen der einzelnen Techniken und f\u00fcr ein z\u00fcgiges Arbeiten optimal geeignet. Damit lassen sich sowohl feine Linien ziehen, als auch gr\u00f6\u00dfere Fl\u00e4chen airbrushen. F\u00fcr gr\u00f6\u00dfere Farbmengen wird der 22ml-Glasbeh\u00e4lter und f\u00fcr kleinere Farbmengen der 7ccl Metallaufsatz verwendet. Mit der UNIVERSAL AIRBRUSH-PISTOLE DOUBLE-ACTION 134s macht das Hobby richtig Spa\u00df!<\/p>\n<\/div>\n<h3>Many good reasons why you should buy this product:<\/h3>\n<div class=\"sale_motive\">\n<ul>\n<li><strong>vielf\u00e4ltige Einsatzgebiete mit Standard-Anforderungen<\/strong><\/li>\n<li><strong>in 5 Stufen leicht regelbare Kompressorleistung<\/strong><\/li>\n<li>Universal-Airbrush-Pistole mit 3 D\u00fcsen und 2 Farb-Beh\u00e4ltern<\/li>\n<li>Ideal for mobile use<\/li>\n<li>Transportable and quickly ready for use<\/li>\n<li>Single-Action Trigger Air-Paint-Control-Pistole<\/li>\n<li>\u00d6l- und wartungsfreier Kompressor<\/li>\n<li>Kompressor-Anschluss: T\u00fclle f\u00fcr Standardschlauch (passend f\u00fcr alle g\u00e4ngigen Airbrushpistolen)<\/li>\n<li><strong>fl\u00fcsterleiser Betrieb ca. 47dB<\/strong> (Zum Vergleich: ein normales Gespr\u00e4ch in 1m Abstand = 60dB)<\/li>\n<\/ul>\n<\/div>","protected":false},"excerpt":{"rendered":"<p><b>GLEICH RICHTIG LOSLEGEN!<\/b><br \/>\nmini Airbrush Kompressor \/ Profi-Airbrush-Pistole &#8220;Dual-Action-Gun&#8221; \/ 0,2mm, 0,3mm und 0,5mm\/Luftschlauch \/ 4x 30ml Airbrush-Tattoo-Farbe \/6 Tattoo Schablonen<\/p>\n<p>Set ideal f\u00fcr Makeup, Kosmetik, Body-Painting, Body Art, Spray Tanning!<\/p>","protected":false},"featured_media":36728,"comment_status":"open","ping_status":"closed","template":"","meta":[],"product_cat":[213],"product_tag":[],"class_list":{"0":"post-29989","1":"product","2":"type-product","3":"status-publish","4":"has-post-thumbnail","6":"product_cat-airbrush-sets-mit-farben","8":"first","9":"instock","10":"taxable","11":"shipping-taxable","12":"purchasable","13":"product-type-simple"},"_links":{"self":[{"href":"http:\/\/igel.wovodo.de:8085\/en\/wp-json\/wp\/v2\/product\/29989","targetHints":{"allow":["GET"]}}],"collection":[{"href":"http:\/\/igel.wovodo.de:8085\/en\/wp-json\/wp\/v2\/product"}],"about":[{"href":"http:\/\/igel.wovodo.de:8085\/en\/wp-json\/wp\/v2\/types\/product"}],"replies":[{"embeddable":true,"href":"http:\/\/igel.wovodo.de:8085\/en\/wp-json\/wp\/v2\/comments?post=29989"}],"version-history":[{"count":1,"href":"http:\/\/igel.wovodo.de:8085\/en\/wp-json\/wp\/v2\/product\/29989\/revisions"}],"predecessor-version":[{"id":34611,"href":"http:\/\/igel.wovodo.de:8085\/en\/wp-json\/wp\/v2\/product\/29989\/revisions\/34611"}],"wp:featuredmedia":[{"embeddable":true,"href":"http:\/\/igel.wovodo.de:8085\/en\/wp-json\/wp\/v2\/media\/36728"}],"wp:attachment":[{"href":"http:\/\/igel.wovodo.de:8085\/en\/wp-json\/wp\/v2\/media?parent=29989"}],"wp:term":[{"taxonomy":"product_cat","embeddable":true,"href":"http:\/\/igel.wovodo.de:8085\/en\/wp-json\/wp\/v2\/product_cat?post=29989"},{"taxonomy":"product_tag","embeddable":true,"href":"http:\/\/igel.wovodo.de:8085\/en\/wp-json\/wp\/v2\/product_tag?post=29989"}],"curies":[{"name":"wp","href":"https:\/\/api.w.org\/{rel}","templated":true}]}}