{"id":29946,"date":"2024-10-31T14:04:28","date_gmt":"2024-10-31T13:04:28","guid":{"rendered":"http:\/\/igel.wovodo.de:8085\/product\/diesel-zapfpistole-mit-digitalem-zaehlwerk\/"},"modified":"2025-01-27T12:27:55","modified_gmt":"2025-01-27T11:27:55","slug":"diesel-zapfpistole-mit-digitalem-zaehlwerk","status":"publish","type":"product","link":"http:\/\/igel.wovodo.de:8085\/en\/product\/diesel-zapfpistole-mit-digitalem-zaehlwerk\/","title":{"rendered":"Diesel nozzle with digital counter"},"content":{"rendered":"<div class=\"sale_application\">\n<ul>\n<li>Bef\u00fcllen, Umpumpen, Umf\u00fcllen, Entleeren von Wasser, Diesel- und Heiz\u00f6ltanks u.v.m\n<\/li>\n<li>Messung von Durchflu\u00df, Durchflu\u00dfmenge u.v.m<\/li>\n<\/ul><\/div>\n<div class=\"sale_description\"> <b>Unsere Zapfpistolen f\u00fcr Diesel und Heiz\u00f6l sind Sicher, Zuverl\u00e4ssig und Effizient<\/b><br \/>\nUnsere hochwertigen Diesel Zapfpistolen sind ein unverzichtbares Werkzeug f\u00fcr die Betankung von Fahrzeugen und Maschinen mit Diesel.<br \/>\nDiese Zapfpistole mit Digitalem Z\u00e4hlwerk erm\u00f6glicht eine einfache und sichere Diesel-Entnahme und kann in PKWs, LKWs, Nutzfahrzeugen und Maschinen mit einer F\u00f6rderleistung von bis zu 120 l\/min verwendet werden.<br \/>\nUnsere Zapfpistolen sind gut verarbeitet langlebig und werden Sie \u00fcber sehr lange Zeit begleiten. <\/div>\n<h3>Many good reasons why you should buy this product:<\/h3>\n<div class=\"sale_motive\">\n<ul>\n<li>Manuelle Bedienung (Keine Abschaltautomatik)<\/li>\n<\/ul>\n<\/div>","protected":false},"excerpt":{"rendered":"<p>High-quality aluminum diesel nozzle with DIGITAL counter and a delivery rate of up to 120 l\/min.<\/p>","protected":false},"featured_media":30926,"comment_status":"open","ping_status":"closed","template":"","meta":[],"product_cat":[195],"product_tag":[],"class_list":{"0":"post-29946","1":"product","2":"type-product","3":"status-publish","4":"has-post-thumbnail","6":"product_cat-diesel-zubehoer","8":"first","9":"instock","10":"taxable","11":"shipping-taxable","12":"purchasable","13":"product-type-simple"},"_links":{"self":[{"href":"http:\/\/igel.wovodo.de:8085\/en\/wp-json\/wp\/v2\/product\/29946","targetHints":{"allow":["GET"]}}],"collection":[{"href":"http:\/\/igel.wovodo.de:8085\/en\/wp-json\/wp\/v2\/product"}],"about":[{"href":"http:\/\/igel.wovodo.de:8085\/en\/wp-json\/wp\/v2\/types\/product"}],"replies":[{"embeddable":true,"href":"http:\/\/igel.wovodo.de:8085\/en\/wp-json\/wp\/v2\/comments?post=29946"}],"version-history":[{"count":1,"href":"http:\/\/igel.wovodo.de:8085\/en\/wp-json\/wp\/v2\/product\/29946\/revisions"}],"predecessor-version":[{"id":34568,"href":"http:\/\/igel.wovodo.de:8085\/en\/wp-json\/wp\/v2\/product\/29946\/revisions\/34568"}],"wp:featuredmedia":[{"embeddable":true,"href":"http:\/\/igel.wovodo.de:8085\/en\/wp-json\/wp\/v2\/media\/30926"}],"wp:attachment":[{"href":"http:\/\/igel.wovodo.de:8085\/en\/wp-json\/wp\/v2\/media?parent=29946"}],"wp:term":[{"taxonomy":"product_cat","embeddable":true,"href":"http:\/\/igel.wovodo.de:8085\/en\/wp-json\/wp\/v2\/product_cat?post=29946"},{"taxonomy":"product_tag","embeddable":true,"href":"http:\/\/igel.wovodo.de:8085\/en\/wp-json\/wp\/v2\/product_tag?post=29946"}],"curies":[{"name":"wp","href":"https:\/\/api.w.org\/{rel}","templated":true}]}}