{"id":36708,"date":"2024-12-03T18:15:54","date_gmt":"2024-12-03T17:15:54","guid":{"rendered":"http:\/\/igel.wovodo.de:8085\/product\/b-ware230v-gartenbrunnen-blueten-frosch-mit-led-licht\/"},"modified":"2025-01-27T12:32:56","modified_gmt":"2025-01-27T11:32:56","slug":"b-ware230v-gartenbrunnen-blueten-frosch-mit-led-licht","status":"publish","type":"product","link":"http:\/\/igel.wovodo.de:8085\/cs\/product\/b-ware230v-gartenbrunnen-blueten-frosch-mit-led-licht\/","title":{"rendered":"B-Ware230V &#8211; Gartenbrunnen BL\u00dcTEN-FROSCH mit LED-Licht"},"content":{"rendered":"<div class=\"sale_application\">\n<p>B-Ware LED-Gartenbrunnen f\u00fcr den Innen- und Au\u00dfenbereich mit 230\/12V-Netzadapter<\/p>\n<\/p><\/div>\n<div class=\"sale_description\"> <font color=\"FF0000\"><b>B-Ware:<\/b><\/p>\n<ul>\n<li>leichte optische Fehler (z.B. kleine Kratzer etc.)<\/li>\n<li>voll funktionsf\u00e4higes Produkt<\/li>\n<li>reduzierte gesetzliche Gew\u00e4hrleistung auf max. 1 Jahr<\/li>\n<\/ul>\n<p><\/font><\/p>\n<p><strong>Dekorativn\u00ed a prosp\u011b\u0161n\u00e9<\/strong><\/p>\n<p>Der Brunnen <b>BL\u00dcTEN-FROSCH<\/b> mit 3 austauschbaren LED-Lichtern (3*1) ist f\u00fcr den Innen- und Au\u00dfenbereich geeignet. Betrieben wird der stilvolle Wasserbrunnen mit einem 230\/12-Volt Netzadapter. Mit der frechen Frosch-Figur und den romantischen Bl\u00fcten sorgt der Gartenbrunnen f\u00fcr eine m\u00e4rchenhafte Atmosph\u00e4re. Das Lebenselixier Wasser belebt Wohnzimmer, Esszimmer, Flure und Eingangsbereiche, Winterg\u00e4rten oder Balkone, Terrassen und G\u00e4rten im privaten wie gewerblichen Umfeld.<\/p>\n<p>\n<strong>Der perfekte Blickfang: die LED-Beleuchtung<\/strong><\/p>\n<p>Der Garten- und Zimmerbrunnen ist sowohl bei Tag als auch bei Nacht der perfekte Hingucker. Die mitgelieferte LED-Beleuchtung entfaltet aber erst in der Nacht ihre komplette Pracht. Die austauschbaren LED-Lichter erstrahlen in einem warmen Wei\u00df.<\/p>\n<p> <br \/>\n<strong>Werthaltig, best\u00e4ndig &amp; betriebssicher<\/strong><\/p>\n<p>Der Wasserbrunnen ist f\u00fcr den 230-Volt-Betrieb vorgesehen. Die Pumpe und die LEDs werden mit sicherer 12V-Niederspannung betrieben (Adapter im Lieferumfang enthalten). Alle Kabelverbindungen sind verpolungssicher, wasserdicht und absolut funktionssicher. Dank praktischer Steckverbindungen sind alle Komponenten jederzeit austauschbar. So k\u00f6nnen Sie den Wasserbrunnen mit der effektvollen LED-Beleuchtung und das flie\u00dfende Wasser jahrelang genie\u00dfen!<\/p>\n<p><\/p>\n<p style=\"font-size:11px;\"><b>Pr\u00e1vn\u00ed upozorn\u011bn\u00ed:<\/b> Na\u0161e v\u00fdrobky jsou barveny ru\u010dn\u011b, tak\u017ee se nelze vyhnout barevn\u00fdm odchylk\u00e1m. Krom\u011b toho se m\u016f\u017ee st\u00e1t, \u017ee v d\u016fsledku sv\u011bteln\u00fdch podm\u00ednek p\u0159i fotografov\u00e1n\u00ed v\u00fdrobku a r\u016fzn\u00fdch nastaven\u00ed obrazovky nebude barva v\u00fdrobku reprodukov\u00e1na autenticky, a proto nen\u00ed d\u016fvodem k reklamaci.<\/p>\n<p><p><b>Pozn\u00e1mka:<\/b> Frost kann zu Sch\u00e4den am Gartenbrunnen und der Pumpe f\u00fchren. Bei Frostgefahr muss der <b>Gartenbrunnen und die Pumpe entleert werden<\/b>, mit klarem Wasser gesp\u00fclt und trocken eingelagert werden. Dann haben Sie sehr lange Freude daran!<\/p>\n<\/p><\/div>\n<h3>Mnoho dobr\u00fdch d\u016fvod\u016f, pro\u010d byste si m\u011bli koupit tento produkt:<\/h3>\n<div class=\"sale_motive\">\n<ul>\n<li>Steckfertiger, sofort einsatzbereiter Gartenbrunnen<\/li>\n<li>zlep\u0161uje kvalitu ovzdu\u0161\u00ed<\/li>\n<li>modernes Design mit interessanter Struktur<\/li>\n<li>Mit LED-Licht f\u00fcr den Nachtbetrieb<\/li>\n<li>m\u00e1 povzbuzuj\u00edc\u00ed \u00fa\u010dinek na smysly.<\/li>\n<li>n\u00fctzlich und dekorativ<\/li>\n<li>Vnit\u0159n\u00ed a venkovn\u00ed zahradn\u00ed font\u00e1ny<\/li>\n<li>S p\u0159ipojen\u00edm 230V\/12V<\/li>\n<li>Komplett-Set inkl. Pumpe und LED-Beleuchtung<\/li>\n<\/ul>\n<\/div>","protected":false},"excerpt":{"rendered":"<p> Gartenbrunnen &#8220;BL\u00dcTEN-FROSCH&#8221; mit 3 austauschbaren LED-Lichtern (3*1)<br \/>\nin wirklichkeitsgetreuer Steinoptik<\/p>","protected":false},"featured_media":39509,"comment_status":"open","ping_status":"closed","template":"","meta":[],"product_cat":[179],"product_tag":[],"class_list":{"0":"post-36708","1":"product","2":"type-product","3":"status-publish","4":"has-post-thumbnail","6":"product_cat-b-ware-garten-u-zimmer-brunnen","8":"first","9":"instock","10":"sale","11":"taxable","12":"shipping-taxable","13":"purchasable","14":"product-type-simple"},"_links":{"self":[{"href":"http:\/\/igel.wovodo.de:8085\/cs\/wp-json\/wp\/v2\/product\/36708","targetHints":{"allow":["GET"]}}],"collection":[{"href":"http:\/\/igel.wovodo.de:8085\/cs\/wp-json\/wp\/v2\/product"}],"about":[{"href":"http:\/\/igel.wovodo.de:8085\/cs\/wp-json\/wp\/v2\/types\/product"}],"replies":[{"embeddable":true,"href":"http:\/\/igel.wovodo.de:8085\/cs\/wp-json\/wp\/v2\/comments?post=36708"}],"version-history":[{"count":2,"href":"http:\/\/igel.wovodo.de:8085\/cs\/wp-json\/wp\/v2\/product\/36708\/revisions"}],"predecessor-version":[{"id":38828,"href":"http:\/\/igel.wovodo.de:8085\/cs\/wp-json\/wp\/v2\/product\/36708\/revisions\/38828"}],"wp:featuredmedia":[{"embeddable":true,"href":"http:\/\/igel.wovodo.de:8085\/cs\/wp-json\/wp\/v2\/media\/39509"}],"wp:attachment":[{"href":"http:\/\/igel.wovodo.de:8085\/cs\/wp-json\/wp\/v2\/media?parent=36708"}],"wp:term":[{"taxonomy":"product_cat","embeddable":true,"href":"http:\/\/igel.wovodo.de:8085\/cs\/wp-json\/wp\/v2\/product_cat?post=36708"},{"taxonomy":"product_tag","embeddable":true,"href":"http:\/\/igel.wovodo.de:8085\/cs\/wp-json\/wp\/v2\/product_tag?post=36708"}],"curies":[{"name":"wp","href":"https:\/\/api.w.org\/{rel}","templated":true}]}}