{"id":36568,"date":"2024-12-03T18:13:24","date_gmt":"2024-12-03T17:13:24","guid":{"rendered":"http:\/\/igel.wovodo.de:8085\/product\/b-ware-heissluft-multifritteuse-eco-air-profi-1350w-rot\/"},"modified":"2025-01-27T12:31:20","modified_gmt":"2025-01-27T11:31:20","slug":"b-ware-heissluft-multifritteuse-eco-air-profi-1350w-rot","status":"publish","type":"product","link":"http:\/\/igel.wovodo.de:8085\/cs\/product\/b-ware-heissluft-multifritteuse-eco-air-profi-1350w-rot\/","title":{"rendered":"B-Ware Hei\u00dfluft-Multifritteuse ECO AIR-PROFI 1350W, rot"},"content":{"rendered":"<div class=\"sale_application\">\n<p>Die wesentlichen Vorteile in der Handhabung der Hei\u00dfluftfritteuse ECO AIR-PROFI 1350W gegen\u00fcber den herk\u00f6mmlichen Fritteusen sind:<\/p>\n<ul>\n<li>Fast keine Ger\u00fcche und kein Fettdunst\n<\/li>\n<li>Kein Fettfilm auf Gegenst\u00e4nden in der K\u00fcche\n<\/li>\n<li>Keine Alt\u00f6lentsorgung\n<\/li>\n<li>Die Reinigung ist einfach und schnell\n<\/li>\n<li>Die Gerichte sind doppelt so schnell fertig<\/li>\n<\/ul><\/div>\n<div class=\"sale_description\"> <font color=\"FF0000\"><b>B-Ware:<\/b><\/p>\n<ul>\n<li>leichte optische Fehler (z.B. kleine Kratzer etc.)<\/li>\n<li>voll funktionsf\u00e4higes Produkt<\/li>\n<li>reduzierte gesetzliche Gew\u00e4hrleistung auf max. 1 Jahr<\/li>\n<\/ul>\n<p><\/font><\/p>\n<p>Mit der Hei\u00dfluft-Multifritteuse ECO AIR-PROFI leben Sie ges\u00fcnder. Die mit Hei\u00dfluft zubereiteten Speisen sind einfach k\u00f6stlich! Beim Erhitzen von Fetten und \u00d6len in herk\u00f6mmlichen Fritteusen kommt es zur Freisetzung von Zersetzungsprodukten, insbesondere von gesundheitssch\u00e4dlichem Acrylamid. In der Hei\u00dfluftfriteuse jedoch nicht, da sie so gut wie <b>ohne Fett oder \u00d6l<\/b> auskommt. Deswegen ist unsere Hei\u00dfluft-Multifritteuse ECO AIR-PROFI eine echte Alternative zur normalen \u00d6l-Fritteuse.<\/p>\n<p>Die ECO AIR-PROFI 1350W verf\u00fcgt \u00fcber eine pr\u00e4zise Temperaturregelung und eine mechanische Zeitschaltuhr mit Abschaltfunktion, die Zubereitungszeiten bis zu 30 Minuten erlaubt. Die ECO AIR-PROFI gl\u00e4nzt in Ihrer K\u00fcche mit sch\u00f6nem Design. Die Fritteuse l\u00e4sst sich leicht &amp; einfach bedienen und ist <b>sehr sicher in der Handhabung<\/b>.<\/p>\n<p>Dank eines modernen Heizelements und eines Ventilators, der die hei\u00dfe Luft zirkulieren l\u00e4sst, werden Gerichte wie Pommes, Fleisch, Snacks und sogar Geb\u00e4ck ganz ohne oder mit sehr wenig Fett, <b>gesund und schnell<\/b> zubereitet. Sehr einfach und wohlschmeckend gelingen auch Gem\u00fcse und Kartoffeln. Die Hei\u00dfluftfritteuse ist auch ideal, um Tiefk\u00fchlkost in einem Schritt aufzutauen und zuzubereiten. Geheim-Tipp: Br\u00f6tchen vom Vortag schmecken und duften wie frisch gebacken und Aufbackware ist im Nu fertig. <b>Kein Vorheizen n\u00f6tig!<\/b> Das bringt Zeit- und Kostenersparnis!<\/p>\n<p>Die Hei\u00dfluftfritteuse hat aber noch mehr Vorteile gegen\u00fcber herk\u00f6mmlichen Fritteusen: Die nat\u00fcrlichen Aromen und Farben der Nahrungsmittel werden weitgehend erhalten und damit auch der nat\u00fcrliche Geschmack der Speisen. Im Vergleich zu normalen Fritteusen werden bei der Hei\u00dfluft-Multifritteuse ECO AIR-PROFI wesentlich mehr <b>Vitamine erhalten<\/b>.<\/p>\n<p>Die zirkulierende Hei\u00dfluft gart die Lebensmittel absolut gleichm\u00e4\u00dfig und schonend &#8211; und das in sehr kurzer Zeit. Es entstehen fast keine Ger\u00fcche und die Reinigung des ECO AIR-PROFI ist im Gegensatz zu herk\u00f6mmlichen Fritteusen ein Kinderspiel. Au\u00dferdem spart man sich die umst\u00e4ndliche Entsorgung des alten Frittierfettes.<\/p>\n<p><b>Schonende Zubereitung \u2013 voller Geschmack!<\/b><\/p>\n<\/p><\/div>\n<h3>Mnoho dobr\u00fdch d\u016fvod\u016f, pro\u010d byste si m\u011bli koupit tento produkt:<\/h3>\n<div class=\"sale_motive\">\n<ul>\n<li><b>Hei\u00dfluft-Multifritteuse ECO AIR-PROFI 1350W<\/b><\/li>\n<li>k\u00f6stliches gesundes Essen fast ganz ohne \u00d6l und Fett!<\/li>\n<li>schnell zubereitet, mit vollem Genuss verspeist<\/li>\n<li>die meisten Gerichte in der H\u00e4lfte der Zeit zubereitet<\/li>\n<li>Gesund &amp; schmackhaft essen mit weniger Stromverbrauch, echt nachhaltig, umweltfreundlich und gut f\u00fcr die Familienkasse<\/li>\n<li>leichte Fritteusen-Reinigung<\/li>\n<li>keine Alt\u00f6lentsorgung<\/li>\n<li>2,7Liter &#8211; gro\u00dfer Frittierkorb, gut f\u00fcr kleine Portionen, gut f\u00fcr gro\u00dfe Portionen<\/li>\n<li>jetzt k\u00f6nnen Sie Ihre alte \u00d6lfritteuse endlich entsorgen. Die aufwendige Fritteuse-Reinigung und die Probleme mit der Alt\u00f6lentsorgung geh\u00f6ren ab sofort der Vergangenheit!<\/li>\n<\/ul>\n<\/div>","protected":false},"excerpt":{"rendered":"<p>1350Watt | Timer: 0-30Min | Temperatur: 0-200\u00b0 | Inhalt des Frittierkorbes: 2,7 Liter<\/p>\n<p><b><font color=\"FF0000\">Radikaler Preissturz \u00fcbers Wochenende!<\/font><br \/>\n  Einfache Bedienung, kurze Zubereitungszeiten, einfache Reinigung<\/b><\/p>","protected":false},"featured_media":36567,"comment_status":"open","ping_status":"closed","template":"","meta":[],"product_cat":[381],"product_tag":[],"class_list":{"0":"post-36568","1":"product","2":"type-product","3":"status-publish","4":"has-post-thumbnail","6":"product_cat-b-ware-haushaltsgeraete","8":"first","9":"instock","10":"sale","11":"taxable","12":"shipping-taxable","13":"purchasable","14":"product-type-simple"},"_links":{"self":[{"href":"http:\/\/igel.wovodo.de:8085\/cs\/wp-json\/wp\/v2\/product\/36568","targetHints":{"allow":["GET"]}}],"collection":[{"href":"http:\/\/igel.wovodo.de:8085\/cs\/wp-json\/wp\/v2\/product"}],"about":[{"href":"http:\/\/igel.wovodo.de:8085\/cs\/wp-json\/wp\/v2\/types\/product"}],"replies":[{"embeddable":true,"href":"http:\/\/igel.wovodo.de:8085\/cs\/wp-json\/wp\/v2\/comments?post=36568"}],"version-history":[{"count":1,"href":"http:\/\/igel.wovodo.de:8085\/cs\/wp-json\/wp\/v2\/product\/36568\/revisions"}],"predecessor-version":[{"id":39014,"href":"http:\/\/igel.wovodo.de:8085\/cs\/wp-json\/wp\/v2\/product\/36568\/revisions\/39014"}],"wp:featuredmedia":[{"embeddable":true,"href":"http:\/\/igel.wovodo.de:8085\/cs\/wp-json\/wp\/v2\/media\/36567"}],"wp:attachment":[{"href":"http:\/\/igel.wovodo.de:8085\/cs\/wp-json\/wp\/v2\/media?parent=36568"}],"wp:term":[{"taxonomy":"product_cat","embeddable":true,"href":"http:\/\/igel.wovodo.de:8085\/cs\/wp-json\/wp\/v2\/product_cat?post=36568"},{"taxonomy":"product_tag","embeddable":true,"href":"http:\/\/igel.wovodo.de:8085\/cs\/wp-json\/wp\/v2\/product_tag?post=36568"}],"curies":[{"name":"wp","href":"https:\/\/api.w.org\/{rel}","templated":true}]}}