{"id":36557,"date":"2024-12-03T18:13:15","date_gmt":"2024-12-03T17:13:15","guid":{"rendered":"http:\/\/igel.wovodo.de:8085\/product\/profi-airbrush-reinigungsbuersten-set-ah-505\/"},"modified":"2025-01-27T12:31:12","modified_gmt":"2025-01-27T11:31:12","slug":"profi-airbrush-reinigungsbuersten-set-ah-505","status":"publish","type":"product","link":"http:\/\/igel.wovodo.de:8085\/cs\/product\/profi-airbrush-reinigungsbuersten-set-ah-505\/","title":{"rendered":"Profi-AirBrush &#8211; Reinigungsb\u00fcrsten-Set AH-505"},"content":{"rendered":"<h3>Mnoho dobr\u00fdch d\u016fvod\u016f, pro\u010d byste si m\u011bli koupit tento produkt:<\/h3>\n<div class=\"sale_motive\">\n<ul>\n<li><strong>5 verschiedene B\u00fcrsten zur gr\u00fcndlichen Reinigung von Airbrush Pistolen<\/strong><\/li>\n<li>f\u00fcr alle g\u00e4ngigen Airbrush Pistolen geeignet<\/li>\n<\/ul>\n<\/div>","protected":false},"excerpt":{"rendered":"<p>gr\u00fcndlichen Reinigung Dank 5 verschiedener B\u00fcrsten!<\/p>","protected":false},"featured_media":36556,"comment_status":"open","ping_status":"closed","template":"","meta":[],"product_cat":[379,328,256],"product_tag":[],"class_list":{"0":"post-36557","1":"product","2":"type-product","3":"status-publish","4":"has-post-thumbnail","6":"product_cat-reinigungsmittel","7":"product_cat-sets","8":"product_cat-zubehoer-airbrush","10":"first","11":"instock","12":"taxable","13":"shipping-taxable","14":"purchasable","15":"product-type-simple"},"_links":{"self":[{"href":"http:\/\/igel.wovodo.de:8085\/cs\/wp-json\/wp\/v2\/product\/36557","targetHints":{"allow":["GET"]}}],"collection":[{"href":"http:\/\/igel.wovodo.de:8085\/cs\/wp-json\/wp\/v2\/product"}],"about":[{"href":"http:\/\/igel.wovodo.de:8085\/cs\/wp-json\/wp\/v2\/types\/product"}],"replies":[{"embeddable":true,"href":"http:\/\/igel.wovodo.de:8085\/cs\/wp-json\/wp\/v2\/comments?post=36557"}],"version-history":[{"count":0,"href":"http:\/\/igel.wovodo.de:8085\/cs\/wp-json\/wp\/v2\/product\/36557\/revisions"}],"wp:featuredmedia":[{"embeddable":true,"href":"http:\/\/igel.wovodo.de:8085\/cs\/wp-json\/wp\/v2\/media\/36556"}],"wp:attachment":[{"href":"http:\/\/igel.wovodo.de:8085\/cs\/wp-json\/wp\/v2\/media?parent=36557"}],"wp:term":[{"taxonomy":"product_cat","embeddable":true,"href":"http:\/\/igel.wovodo.de:8085\/cs\/wp-json\/wp\/v2\/product_cat?post=36557"},{"taxonomy":"product_tag","embeddable":true,"href":"http:\/\/igel.wovodo.de:8085\/cs\/wp-json\/wp\/v2\/product_tag?post=36557"}],"curies":[{"name":"wp","href":"https:\/\/api.w.org\/{rel}","templated":true}]}}