{"id":36410,"date":"2024-12-03T18:10:59","date_gmt":"2024-12-03T17:10:59","guid":{"rendered":"http:\/\/igel.wovodo.de:8085\/product\/airbrush-farbe-aero-metallic-bright-maroon-schmincke-28-917\/"},"modified":"2025-01-27T12:29:32","modified_gmt":"2025-01-27T11:29:32","slug":"airbrush-farbe-aero-metallic-bright-maroon-schmincke-28-917","status":"publish","type":"product","link":"http:\/\/igel.wovodo.de:8085\/cs\/product\/airbrush-farbe-aero-metallic-bright-maroon-schmincke-28-917\/","title":{"rendered":"Airbrush-Farbe AERO METALLIC bright maroon, Schmincke 28 917"},"content":{"rendered":"<div class=\"sale_description\">\n<h2>AERO METALLIC &ndash; Effektfarben<\/h2>\n<p>Bei diesen neun Farbt\u00f6nen handelt es sich um Metallic-Farbt\u00f6ne, die sich durch<br \/>\nbesondere Brillanz- und Glanzeffekte auszeichnen und in Kombination mit Bunt-<br \/>\nsowie Effektfarbt\u00f6nen einzigartige Farbeffekte erm\u00f6glichen.<\/p>\n<p>F\u00fcr vielf\u00e4ltige Effektgestaltungen bietet Schmincke ein Sortiment mit 24 Effektfarbt\u00f6nen, die aufgrund ihrer Vielseitigkeit einzigartige Farbeffekte erm\u00f6glichen. Je nach Schichtdicke, Untergrundfarbe, Beleuchtung und Blickwinkel ergeben sich spektakul\u00e4re Effekte und attraktive Farbschimmer, die das Herz des anspruchsvollen Airbrushers h\u00f6her schlagen lassen.<br \/>\nF\u00fcr weitere faszinierende Farbenspiele lassen sich alle Effektfarben untereinander sowie mit den Farbt\u00f6nen der <strong>AERO COLOR\u00ae Professional<\/strong> kombinieren.<br \/>\nInnerhalb der <strong>AERO COLOR\u00ae Professional<\/strong> Effektfarben lassen sich vier Farbgruppen aufgrund ihrer besonderen Wirkung unterscheiden. Der zweifarbige Untergrund der nachfolgend dargestellten \u201eCarshapes\u201c unterstreicht dabei die Wirkung der einzelnen T\u00f6ne: je nachdem, ob der Untergrund dunkel oder hell gestaltet ist variiert der Effekt stark.<\/p>\n<\/div>\n<h3>Mnoho dobr\u00fdch d\u016fvod\u016f, pro\u010d byste si m\u011bli koupit tento produkt:<\/h3>\n<div class=\"sale_motive\">\n<ul>\n<li>au\u00dfergew\u00f6hnliche Effektfarben mit einzigartiger Farbwirkung\n<li>Speziell f\u00fcr die Airbrush-Pistole entwickelt\n<li>Acrylic Ink \u2013 fl\u00fcssige Acrylfarbe, ideal auch f\u00fcr viele Mischtechniken, Pinsel, Ziehfeder, Tuschef\u00fcller\n<li>Nur h\u00f6chste Lichtechtheiten (4 &#8211; 5 Sterne)\n<li>in standfesten Pipettenfl\u00e4schchen aus Glas (28 ml)\n<li>Ausgezeichnete Haftungseigenschaften auf vielen Untergr\u00fcnden\n<li>Seidenmatte und wasserbest\u00e4ndige Auftrocknung<\/li>\n<\/ul>\n<\/div>","protected":false},"excerpt":{"rendered":"<p>haftet ausgezeichnet auf allen Papier- und Kartonsorten sowie auf g\u00e4ngigen, nicht saugenden Untergr\u00fcnden, wie z.B. Folien, Hart-Kunststoffen und \u2013 nach entsprechender Vorbehandlung \u2013 auf Metall.<\/p>","protected":false},"featured_media":36409,"comment_status":"open","ping_status":"closed","template":"","meta":[],"product_cat":[425,484],"product_tag":[],"class_list":{"0":"post-36410","1":"product","2":"type-product","3":"status-publish","4":"has-post-thumbnail","6":"product_cat-effekt-farben","7":"product_cat-effekt-farben-farben-fa-schmincke-airbrush-farben-profi-airbrush","9":"first","10":"instock","11":"taxable","12":"shipping-taxable","13":"purchasable","14":"product-type-simple"},"_links":{"self":[{"href":"http:\/\/igel.wovodo.de:8085\/cs\/wp-json\/wp\/v2\/product\/36410","targetHints":{"allow":["GET"]}}],"collection":[{"href":"http:\/\/igel.wovodo.de:8085\/cs\/wp-json\/wp\/v2\/product"}],"about":[{"href":"http:\/\/igel.wovodo.de:8085\/cs\/wp-json\/wp\/v2\/types\/product"}],"replies":[{"embeddable":true,"href":"http:\/\/igel.wovodo.de:8085\/cs\/wp-json\/wp\/v2\/comments?post=36410"}],"version-history":[{"count":0,"href":"http:\/\/igel.wovodo.de:8085\/cs\/wp-json\/wp\/v2\/product\/36410\/revisions"}],"wp:featuredmedia":[{"embeddable":true,"href":"http:\/\/igel.wovodo.de:8085\/cs\/wp-json\/wp\/v2\/media\/36409"}],"wp:attachment":[{"href":"http:\/\/igel.wovodo.de:8085\/cs\/wp-json\/wp\/v2\/media?parent=36410"}],"wp:term":[{"taxonomy":"product_cat","embeddable":true,"href":"http:\/\/igel.wovodo.de:8085\/cs\/wp-json\/wp\/v2\/product_cat?post=36410"},{"taxonomy":"product_tag","embeddable":true,"href":"http:\/\/igel.wovodo.de:8085\/cs\/wp-json\/wp\/v2\/product_tag?post=36410"}],"curies":[{"name":"wp","href":"https:\/\/api.w.org\/{rel}","templated":true}]}}