{"id":36206,"date":"2024-12-03T18:08:01","date_gmt":"2024-12-03T17:08:01","guid":{"rendered":"http:\/\/igel.wovodo.de:8085\/product\/aero-lack-waessrige-glanzversiegelung-125-ml-schmincke-50-604\/"},"modified":"2025-01-27T12:28:19","modified_gmt":"2025-01-27T11:28:19","slug":"aero-lack-waessrige-glanzversiegelung-125-ml-schmincke-50-604","status":"publish","type":"product","link":"http:\/\/igel.wovodo.de:8085\/cs\/product\/aero-lack-waessrige-glanzversiegelung-125-ml-schmincke-50-604\/","title":{"rendered":"AERO LACK w\u00e4ssrige Glanzversiegelung  125 ml, Schmincke 50 604"},"content":{"rendered":"<div class=\"sale_description\">\n<p>Eine transparente, farblose Ledergrundierung und Glanzversiegelung f\u00fcr Arbeiten mit AERO COLOR&reg; Professional auf fast allen fettfreien Untergr\u00fcnden. Trocknet zu einem elastischen, gl\u00e4nzenden Film auf. AERO LACK ist gebrauchsfertig als Schlussversiegelung eingestellt, sollte zum Grundieren von Leder jedoch 1:1 mit Wasser verd\u00fcnnt werden.<\/p>\n<p>Inhalt: 125 ml, Schmincke 50 604<br \/>\nVerd\u00fcnnungsmittel: Wasser<br \/>\nEnth\u00e4lt: Polyurethan-Dispersion<\/p>\n<\/div>","protected":false},"excerpt":{"rendered":"<p>transparente, farblose Ledergrundierung und Glanzversiegelung<\/p>","protected":false},"featured_media":36205,"comment_status":"open","ping_status":"closed","template":"","meta":[],"product_cat":[415,426],"product_tag":[],"class_list":{"0":"post-36206","1":"product","2":"type-product","3":"status-publish","4":"has-post-thumbnail","6":"product_cat-hilfsmittel","7":"product_cat-hilfsmittel-farben-fa-schmincke-airbrush-farben-profi-airbrush","9":"first","10":"instock","11":"taxable","12":"shipping-taxable","13":"purchasable","14":"product-type-simple"},"_links":{"self":[{"href":"http:\/\/igel.wovodo.de:8085\/cs\/wp-json\/wp\/v2\/product\/36206","targetHints":{"allow":["GET"]}}],"collection":[{"href":"http:\/\/igel.wovodo.de:8085\/cs\/wp-json\/wp\/v2\/product"}],"about":[{"href":"http:\/\/igel.wovodo.de:8085\/cs\/wp-json\/wp\/v2\/types\/product"}],"replies":[{"embeddable":true,"href":"http:\/\/igel.wovodo.de:8085\/cs\/wp-json\/wp\/v2\/comments?post=36206"}],"version-history":[{"count":1,"href":"http:\/\/igel.wovodo.de:8085\/cs\/wp-json\/wp\/v2\/product\/36206\/revisions"}],"predecessor-version":[{"id":38979,"href":"http:\/\/igel.wovodo.de:8085\/cs\/wp-json\/wp\/v2\/product\/36206\/revisions\/38979"}],"wp:featuredmedia":[{"embeddable":true,"href":"http:\/\/igel.wovodo.de:8085\/cs\/wp-json\/wp\/v2\/media\/36205"}],"wp:attachment":[{"href":"http:\/\/igel.wovodo.de:8085\/cs\/wp-json\/wp\/v2\/media?parent=36206"}],"wp:term":[{"taxonomy":"product_cat","embeddable":true,"href":"http:\/\/igel.wovodo.de:8085\/cs\/wp-json\/wp\/v2\/product_cat?post=36206"},{"taxonomy":"product_tag","embeddable":true,"href":"http:\/\/igel.wovodo.de:8085\/cs\/wp-json\/wp\/v2\/product_tag?post=36206"}],"curies":[{"name":"wp","href":"https:\/\/api.w.org\/{rel}","templated":true}]}}