{"id":36148,"date":"2024-12-03T18:07:09","date_gmt":"2024-12-03T17:07:09","guid":{"rendered":"http:\/\/igel.wovodo.de:8085\/product\/teichpumpen-set-oasis-6000-fuer-bachlauf\/"},"modified":"2025-01-27T12:28:01","modified_gmt":"2025-01-27T11:28:01","slug":"teichpumpen-set-oasis-6000-fuer-bachlauf","status":"publish","type":"product","link":"http:\/\/igel.wovodo.de:8085\/cs\/product\/teichpumpen-set-oasis-6000-fuer-bachlauf\/","title":{"rendered":"Teichpumpen-Set Oasis-6000 f\u00fcr Bachlauf"},"content":{"rendered":"<div class=\"sale_application\">\n<ul>\nSolarbetriebene Teichpumpe\n<\/ul>\n<\/p><\/div>\n<div class=\"sale_description\"> Das Teichpumpen-Set &#8220;Oasis-6000&#8221;-1 setzt die Kraft der Sonne in flie\u00dfendes Wasser um. Hochwertige Komponenten bringen das Wasser in Bewegung, sobald das Sonnenlicht die Solarfl\u00e4che erreicht. Je st\u00e4rker die Sonne, umso intensiver wird das Wasserspiel! Das beruhigende Rauschen des Wassers gibt jedem Teich die besondere Note und die im Sonnenlicht funkelnde Font\u00e4ne ist stets der perfekte Blickfang. Flie\u00dfendes Wasser sorgt f\u00fcr noch mehr Wohlgef\u00fchl in Ihrem Garten und sorgt f\u00fcr ein angenehmes Mikroklima an hei\u00dfen Sommertagen.<br \/>\nSolar Teichpumpen-Set &#8220;Oasis-6000&#8221;-1 &#8211; Das Lebensgef\u00fchl f\u00fcr Ihre Teich-Oase! Das innovative Solar-Pumpensystem garantiert Ihnen jahrelange Freude. Es hat eine Lebensdauer \u00fcber 60.000 Stunden, in denen Sie die sch\u00f6nen Font\u00e4nen bewundern k\u00f6nnen, ohne an die stetig wachsenden Strompreise denken zu m\u00fcssen.<\/div>\n<h3>Mnoho dobr\u00fdch d\u016fvod\u016f, pro\u010d byste si m\u011bli koupit tento produkt:<\/h3>\n<div class=\"sale_motive\">\n<ul>\n<li>mit langlebigem, stabilem, belastbarem ALUMINIUM-RAHMEN<\/li>\n<li>hochwertige Solarpanels mit einer LEISTUNG von <b>60 Watt<\/b><\/li>\n<li>steckfertiges Solarpumpensystem &#8211; sofort einsatzbereit<\/li>\n<li>es wird kein zus\u00e4tzlicher Strom verbraucht &#8211; Betrieb ohne Folgekosten, das Verlegen von Kabeln im Garten entf\u00e4llt<\/li>\n<li>einstellbarer Winkel der Solarmodule und 5 Meter Anschlusskabel machen eine optimale Platzierung der Panels im sonnigen Bereich m\u00f6glich <\/li>\n<\/ul>\n<\/div>","protected":false},"excerpt":{"rendered":"<p>Leistung max. <b>60 Watt<\/b> | Max. F\u00f6rderh\u00f6he: 3,2 m<\/p>","protected":false},"featured_media":37584,"comment_status":"open","ping_status":"closed","template":"","meta":[],"product_cat":[363],"product_tag":[],"class_list":{"0":"post-36148","1":"product","2":"type-product","3":"status-publish","4":"has-post-thumbnail","6":"product_cat-solar-teichpumpen","8":"first","9":"instock","10":"taxable","11":"shipping-taxable","12":"purchasable","13":"product-type-simple"},"_links":{"self":[{"href":"http:\/\/igel.wovodo.de:8085\/cs\/wp-json\/wp\/v2\/product\/36148","targetHints":{"allow":["GET"]}}],"collection":[{"href":"http:\/\/igel.wovodo.de:8085\/cs\/wp-json\/wp\/v2\/product"}],"about":[{"href":"http:\/\/igel.wovodo.de:8085\/cs\/wp-json\/wp\/v2\/types\/product"}],"replies":[{"embeddable":true,"href":"http:\/\/igel.wovodo.de:8085\/cs\/wp-json\/wp\/v2\/comments?post=36148"}],"version-history":[{"count":1,"href":"http:\/\/igel.wovodo.de:8085\/cs\/wp-json\/wp\/v2\/product\/36148\/revisions"}],"predecessor-version":[{"id":38975,"href":"http:\/\/igel.wovodo.de:8085\/cs\/wp-json\/wp\/v2\/product\/36148\/revisions\/38975"}],"wp:featuredmedia":[{"embeddable":true,"href":"http:\/\/igel.wovodo.de:8085\/cs\/wp-json\/wp\/v2\/media\/37584"}],"wp:attachment":[{"href":"http:\/\/igel.wovodo.de:8085\/cs\/wp-json\/wp\/v2\/media?parent=36148"}],"wp:term":[{"taxonomy":"product_cat","embeddable":true,"href":"http:\/\/igel.wovodo.de:8085\/cs\/wp-json\/wp\/v2\/product_cat?post=36148"},{"taxonomy":"product_tag","embeddable":true,"href":"http:\/\/igel.wovodo.de:8085\/cs\/wp-json\/wp\/v2\/product_tag?post=36148"}],"curies":[{"name":"wp","href":"https:\/\/api.w.org\/{rel}","templated":true}]}}