{"id":30832,"date":"2024-10-31T14:13:36","date_gmt":"2024-10-31T13:13:36","guid":{"rendered":"http:\/\/igel.wovodo.de:8085\/product\/230v-zimmerbrunnen-fantasy-mit-led-licht\/"},"modified":"2025-01-27T12:32:28","modified_gmt":"2025-01-27T11:32:28","slug":"230v-zimmerbrunnen-fantasy-mit-led-licht","status":"publish","type":"product","link":"http:\/\/igel.wovodo.de:8085\/cs\/product\/230v-zimmerbrunnen-fantasy-mit-led-licht\/","title":{"rendered":"230V &#8211; Zimmerbrunnen FANTASY mit LED-Licht"},"content":{"rendered":"<div class=\"sale_application\">\n<ul>\n<li>LED-Zimmerbrunnen f\u00fcr den Innenbereich mit 230\/12V-Netzadapter<\/li>\n<\/ul><\/div>\n<div class=\"sale_description\">\n<div><strong>Dekorativn\u00ed a prosp\u011b\u0161n\u00e9<\/strong><\/p>\n<p>Der Brunnen <b>&#8220;FANTASY&#8221;<\/b> mit 1 austauschbaren LED-Licht (1*4) ist f\u00fcr den Innenbereich geeignet. Betrieben wird der stilvolle Wasserbrunnen mit einem 230\/12-Volt Netzadapter. Der moderne Zimmerbrunnen sorgt f\u00fcr eine harmonische Atmosph\u00e4re und Entspannung. Das Lebenselixier Wasser belebt Wohnzimmer, Esszimmer, Flure und Eingangsbereiche im privaten wie gewerblichen Umfeld.<\/p>\n<p><\/p>\n<div class=\"embed-responsive embed-responsive-16by9\">\n<iframe width=\"560\" height=\"315\" src=\"https:\/\/www.youtube-nocookie.com\/embed\/s0u_QK8U25o?si=sy0axhzfsAMzzpaZ&#038;rel=0\" title=\"YouTube video player\" frameborder=\"0\" allow=\"accelerometer; autoplay; clipboard-write; encrypted-media; gyroscope; picture-in-picture; web-share\" allowfullscreen=\"\"><\/iframe>\n<\/div>\n<p><strong>Der perfekte Blickfang<\/strong><\/p>\n<p>Der Zimmerbrunnen ist sowohl bei Tag als auch bei Nacht der perfekte Hingucker. Die mitgelieferte LED-Beleuchtung sorgt f\u00fcr die perfekte Illumination. Die LED-Lichter des austauschbaren LED-Rings erstrahlen in einem warmen Wei\u00df.<\/p>\n<p> <br \/>\n<strong>Werthaltig, best\u00e4ndig &amp; betriebssicher<\/strong><\/p>\n<p>Der Wasserbrunnen ist f\u00fcr den 230-Volt-Betrieb vorgesehen. Die Pumpe und die LEDs werden mit sicherer 12V-Niederspannung betrieben (Adapter im Lieferumfang enthalten). Alle Kabelverbindungen sind verpolungssicher, wasserdicht und absolut funktionssicher. Dank praktischer Steckverbindungen sind alle Komponenten jederzeit austauschbar. So k\u00f6nnen Sie den Wasserbrunnen mit der effektvollen LED-Beleuchtung und das flie\u00dfende Wasser jahrelang genie\u00dfen!<\/p>\n<p><\/p>\n<p style=\"font-size:11px;\"><b>Pr\u00e1vn\u00ed upozorn\u011bn\u00ed:<\/b> Na\u0161e v\u00fdrobky jsou barveny ru\u010dn\u011b, tak\u017ee se nelze vyhnout barevn\u00fdm odchylk\u00e1m. Krom\u011b toho se m\u016f\u017ee st\u00e1t, \u017ee v d\u016fsledku sv\u011bteln\u00fdch podm\u00ednek p\u0159i fotografov\u00e1n\u00ed v\u00fdrobku a r\u016fzn\u00fdch nastaven\u00ed obrazovky nebude barva v\u00fdrobku reprodukov\u00e1na autenticky, a proto nen\u00ed d\u016fvodem k reklamaci.<\/p>\n<\/div>\n<\/div>\n<h3>Mnoho dobr\u00fdch d\u016fvod\u016f, pro\u010d byste si m\u011bli koupit tento produkt:<\/h3>\n<div class=\"sale_motive\">\n<ul>\n<li>Steckfertiger, sofort einsatzbereiter Zimmerbrunnen<\/li>\n<li>2 Jahre Garantie, Lebensdauer \u00fcber 60.000 Betriebsstunden<b>* (Hinweis weiter unten)<\/b><\/li>\n<li>m\u00e1 povzbuzuj\u00edc\u00ed \u00fa\u010dinek na smysly.<\/li>\n<li>zlep\u0161uje kvalitu ovzdu\u0161\u00ed<\/li>\n<li>moderne Skulptur in Stein-Optik<\/li>\n<li>n\u00fctzlich und dekorativ<\/li>\n<li>Indoor-Brunnen<\/li>\n<li>S p\u0159ipojen\u00edm 230V\/12V<\/li>\n<li>Inkl. 2 Watt Pumpe<\/li>\n<li>Inkl. LED-Lichter in warmem Wei\u00df (austauschbar)<\/li>\n<\/ul>\n<p>*Garantie gilt nur f\u00fcr die Pumpe, nicht f\u00fcr die Figur oder die Kabel.<\/p>\n<\/div>","protected":false},"excerpt":{"rendered":"<p>Zimmerbrunnen &#8220;FANTASY&#8221; mit 1 austauschbarem LED-Licht (1*4)<br \/>\nin wirklichkeitsgetreuer Steinoptik<\/p>","protected":false},"featured_media":37749,"comment_status":"open","ping_status":"closed","template":"","meta":[],"product_cat":[319,403],"product_tag":[],"class_list":{"0":"post-30832","1":"product","2":"type-product","3":"status-publish","4":"has-post-thumbnail","6":"product_cat-zimmerbrunnen","7":"product_cat-klein","9":"first","10":"instock","11":"taxable","12":"shipping-taxable","13":"purchasable","14":"product-type-simple"},"_links":{"self":[{"href":"http:\/\/igel.wovodo.de:8085\/cs\/wp-json\/wp\/v2\/product\/30832","targetHints":{"allow":["GET"]}}],"collection":[{"href":"http:\/\/igel.wovodo.de:8085\/cs\/wp-json\/wp\/v2\/product"}],"about":[{"href":"http:\/\/igel.wovodo.de:8085\/cs\/wp-json\/wp\/v2\/types\/product"}],"replies":[{"embeddable":true,"href":"http:\/\/igel.wovodo.de:8085\/cs\/wp-json\/wp\/v2\/comments?post=30832"}],"version-history":[{"count":5,"href":"http:\/\/igel.wovodo.de:8085\/cs\/wp-json\/wp\/v2\/product\/30832\/revisions"}],"predecessor-version":[{"id":39961,"href":"http:\/\/igel.wovodo.de:8085\/cs\/wp-json\/wp\/v2\/product\/30832\/revisions\/39961"}],"wp:featuredmedia":[{"embeddable":true,"href":"http:\/\/igel.wovodo.de:8085\/cs\/wp-json\/wp\/v2\/media\/37749"}],"wp:attachment":[{"href":"http:\/\/igel.wovodo.de:8085\/cs\/wp-json\/wp\/v2\/media?parent=30832"}],"wp:term":[{"taxonomy":"product_cat","embeddable":true,"href":"http:\/\/igel.wovodo.de:8085\/cs\/wp-json\/wp\/v2\/product_cat?post=30832"},{"taxonomy":"product_tag","embeddable":true,"href":"http:\/\/igel.wovodo.de:8085\/cs\/wp-json\/wp\/v2\/product_tag?post=30832"}],"curies":[{"name":"wp","href":"https:\/\/api.w.org\/{rel}","templated":true}]}}