{"id":30767,"date":"2024-10-31T14:12:55","date_gmt":"2024-10-31T13:12:55","guid":{"rendered":"http:\/\/igel.wovodo.de:8085\/product\/umschaltventil-1komplett-mit-antrieb-3-wege-trinkwassernachspeisung\/"},"modified":"2025-01-27T12:32:07","modified_gmt":"2025-01-27T11:32:07","slug":"umschaltventil-1komplett-mit-antrieb-3-wege-trinkwassernachspeisung","status":"publish","type":"product","link":"http:\/\/igel.wovodo.de:8085\/cs\/product\/umschaltventil-1komplett-mit-antrieb-3-wege-trinkwassernachspeisung\/","title":{"rendered":"Umschaltventil 1&#8243;Komplett mit Antrieb 3-Wege Trinkwassernachspeisung"},"content":{"rendered":"<div class=\"sale_description\">\n<p>Motorisierte Ventile der Serie VMRl werden in kleinen Anlagen eingesetzt, um den Kalt- oder Warmwasserfluss zu kontrollieren. Sie k\u00f6nnen als Umlenk- oder Mischerventil in zentralen Heizungs- oder Klimaanlagen eingesetzt werden. Durch seinen zylindrischen Schieber, gestattet das Ventile eine Umlenkung, die vom Differenzialdruck unabh\u00e4ngig ist.<\/p>\n<p>Dieser Schieber kann zwei Funktionslagen einnehmen, je nach dem wie der zum Verfahren vorhandene Elektromotor angesteuert wird. Die Motoreinheit kann entfernt werden, ohne dass die hydraulische Anlage betroffen ist. Hiermit wird eine enorme Flexibilit\u00e4t und Schnelligkeit bei einem m\u00f6glichen Kundendiensteinsatz gew\u00e4hrleistet. Auf Anfrage kann ein zus\u00e4tzlicher Mikroschalter montiert werden, der w\u00e4hrend des Schaltvorgangs des Ventils geschaltet wird. Das Ventil ist mit einem externen Hebel zur manuellen Positionierung des Schiebers in Mittelstellung ausgestattet.<\/p>\n<\/div>\n<h3>Mnoho dobr\u00fdch d\u016fvod\u016f, pro\u010d byste si m\u011bli koupit tento produkt:<\/h3>\n<div class=\"sale_motive\">\n<ul>\n<li>Neu!!! Hergestellt in der EU!<\/li>\n<li>Regelungen der Sanit\u00e4r- und Heizungskreisl\u00e4ufe<\/li>\n<li>Regelungen der Trinkwasser-, Regenwassernutzung<\/li>\n<li>Regelungen der Solartechnik<\/li>\n<li>Regelungen der Klimaanlagen<\/li>\n<\/ul>\n<\/div>","protected":false},"excerpt":{"rendered":"<p>Motorisierte Ventile der Serie VMRl werden in kleinen Anlagen eingesetzt, um den Kalt- oder Warmwasserfluss zu kontrollieren. Sie k\u00f6nnen als<\/p>","protected":false},"featured_media":33899,"comment_status":"open","ping_status":"closed","template":"","meta":[],"product_cat":[376,249,354],"product_tag":[],"class_list":{"0":"post-30767","1":"product","2":"type-product","3":"status-publish","4":"has-post-thumbnail","6":"product_cat-zubehoer-regenwasserzentrale-regenwassernutzung","7":"product_cat-einzelteile-regenwassernutzung","8":"product_cat-ventile","10":"first","11":"instock","12":"taxable","13":"shipping-taxable","14":"purchasable","15":"product-type-simple"},"_links":{"self":[{"href":"http:\/\/igel.wovodo.de:8085\/cs\/wp-json\/wp\/v2\/product\/30767","targetHints":{"allow":["GET"]}}],"collection":[{"href":"http:\/\/igel.wovodo.de:8085\/cs\/wp-json\/wp\/v2\/product"}],"about":[{"href":"http:\/\/igel.wovodo.de:8085\/cs\/wp-json\/wp\/v2\/types\/product"}],"replies":[{"embeddable":true,"href":"http:\/\/igel.wovodo.de:8085\/cs\/wp-json\/wp\/v2\/comments?post=30767"}],"version-history":[{"count":1,"href":"http:\/\/igel.wovodo.de:8085\/cs\/wp-json\/wp\/v2\/product\/30767\/revisions"}],"predecessor-version":[{"id":35377,"href":"http:\/\/igel.wovodo.de:8085\/cs\/wp-json\/wp\/v2\/product\/30767\/revisions\/35377"}],"wp:featuredmedia":[{"embeddable":true,"href":"http:\/\/igel.wovodo.de:8085\/cs\/wp-json\/wp\/v2\/media\/33899"}],"wp:attachment":[{"href":"http:\/\/igel.wovodo.de:8085\/cs\/wp-json\/wp\/v2\/media?parent=30767"}],"wp:term":[{"taxonomy":"product_cat","embeddable":true,"href":"http:\/\/igel.wovodo.de:8085\/cs\/wp-json\/wp\/v2\/product_cat?post=30767"},{"taxonomy":"product_tag","embeddable":true,"href":"http:\/\/igel.wovodo.de:8085\/cs\/wp-json\/wp\/v2\/product_tag?post=30767"}],"curies":[{"name":"wp","href":"https:\/\/api.w.org\/{rel}","templated":true}]}}