{"id":30742,"date":"2024-10-31T14:12:38","date_gmt":"2024-10-31T13:12:38","guid":{"rendered":"http:\/\/igel.wovodo.de:8085\/product\/b-ware-230v-gartenbrunnen-wasserspiel-trio-basalt-2-grau-mit-led-licht\/"},"modified":"2025-01-27T12:31:55","modified_gmt":"2025-01-27T11:31:55","slug":"b-ware-230v-gartenbrunnen-wasserspiel-trio-basalt-2-grau-mit-led-licht","status":"publish","type":"product","link":"http:\/\/igel.wovodo.de:8085\/cs\/product\/b-ware-230v-gartenbrunnen-wasserspiel-trio-basalt-2-grau-mit-led-licht\/","title":{"rendered":"B-Ware  230V &#8211; Gartenbrunnen &amp; Wasserspiel &#8220;TRIO-BASALT-2 grau&#8221; mit LED-Licht"},"content":{"rendered":"<div class=\"sale_application\">\n<ul>\n<li>LED-Gartenbrunnen f\u00fcr den Innen- und Au\u00dfenbereich mit 230\/12V-Netzadapter<\/li>\n<\/ul><\/div>\n<div class=\"sale_description\"> <font color=\"FF0000\"><b>B-Ware:<\/b><\/p>\n<ul>\n<li>leichte optische Fehler (z.B. kleine Kratzer etc.)<\/li>\n<li>voll funktionsf\u00e4higes Produkt<\/li>\n<li>reduzierte gesetzliche Gew\u00e4hrleistung auf max. 1 Jahr<\/li>\n<\/ul>\n<p><\/font><\/p>\n<p><b>Dekorativn\u00ed a prosp\u011b\u0161n\u00e9<\/b><\/p>\n<p>Na str\u00e1nk\u00e1ch <b>B-Ware  230V &#8211; Gartenbrunnen &amp; Wasserspiel &#8220;TRIO-BASALT-2 grau&#8221; mit LED-Licht<\/b> ist f\u00fcr den Innen- und Au\u00dfenbereich geeignet. Betrieben wird der Garten- und Zimmerbrunnen mit einem 230\/12-Volt Netzadapter. Der moderne Brunnen zaubert mit seiner Eleganz eine tolle Atmosph\u00e4re. Das Lebenselixier Wasser belebt Wohnzimmer, Esszimmer, Flure und Eingangsbereiche, Winterg\u00e4rten oder Balkone, Terrassen und G\u00e4rten im privaten wie gewerblichen Umfeld.<\/p>\n<div class=\"embed-responsive embed-responsive-16by9\">\n<iframe src=\"https:\/\/www.youtube-nocookie.com\/embed\/u2cjI3haXT0?rel=0\" title=\"YouTube video player\" allow=\"accelerometer; autoplay; clipboard-write; encrypted-media; gyroscope; picture-in-picture\" allowfullscreen=\"\" width=\"560\" height=\"315\" frameborder=\"0\"><\/iframe>\n<\/div>\n<p><b>Pozn\u00e1mka:<\/b> Frost kann zu Sch\u00e4den am Gartenbrunnen und der Pumpe f\u00fchren. Bei Frostgefahr muss der <b>Gartenbrunnen und die Pumpe entleert werden<\/b>, mit klarem Wasser gesp\u00fclt und trocken eingelagert werden. Dann haben Sie sehr lange Freude daran!<\/p>\n<p><b>Perfekter Blickfang<\/b><\/p>\n<p>Der Gartenbrunnen ist sowohl bei Tag als auch bei Nacht der perfekte Blickfang. Die mitgelieferte LED-Beleuchtung sorgt f\u00fcr die perfekte Illumination. Die LED-Lichter des LED-Rings erstrahlen in einem warmen Wei\u00df.<\/p>\n<p><b>Steckfertiges Komplett-Set<\/b><\/p>\n<p>Der Zimmer- und Gartenbrunnen kommt als Komplett-Set und l\u00e4sst sich leicht instandsetzen.<\/p>\n<p><b>Werthaltig, best\u00e4ndig &amp; betriebssicher<\/b><\/p>\n<p>Der rustikale Zierbrunnen &#8220;TRIO-BASALT-2 grau&#8221;  ist f\u00fcr den 230-Volt-Betrieb vorgesehen. Die Pumpe und die LEDs werden mit sicherer 12V-Niederspannung betrieben (Adapter im Lieferumfang enthalten). Alle Kabelverbindungen sind verpolungssicher, wasserdicht, absolut funktionssicher. Dank praktischer Steckverbindungen sind alle Komponenten jederzeit austauschbar. So k\u00f6nnen Sie den Wasserbrunnen &#8220;TRIO-BASALT-2 grau&#8221;  und das flie\u00dfende Wasser jahrelang genie\u00dfen!<\/p>\n<p style=\"font-size:11px;\"><b>Pr\u00e1vn\u00ed upozorn\u011bn\u00ed:<\/b> Na\u0161e v\u00fdrobky jsou barveny ru\u010dn\u011b, tak\u017ee se nelze vyhnout barevn\u00fdm odchylk\u00e1m. Krom\u011b toho se m\u016f\u017ee st\u00e1t, \u017ee v d\u016fsledku sv\u011bteln\u00fdch podm\u00ednek p\u0159i fotografov\u00e1n\u00ed v\u00fdrobku a r\u016fzn\u00fdch nastaven\u00ed obrazovky nebude barva v\u00fdrobku reprodukov\u00e1na autenticky, a proto nen\u00ed d\u016fvodem k reklamaci.<\/p>\n<\/p>\n<p><b>Pozn\u00e1mka:<\/b> Frost kann zu Sch\u00e4den am Gartenbrunnen und der Pumpe f\u00fchren. Bei Frostgefahr muss der <b>Gartenbrunnen und die Pumpe entleert werden<\/b>, mit klarem Wasser gesp\u00fclt und trocken eingelagert werden. Dann haben Sie sehr lange Freude daran!<\/p>\n<\/p><\/div>\n<h3>Mnoho dobr\u00fdch d\u016fvod\u016f, pro\u010d byste si m\u011bli koupit tento produkt:<\/h3>\n<div class=\"sale_motive\">\n<ul>\n<li>steckfertiger, sofort einsatzbereiter Gartenbrunnen &#8220;TRIO-BASALT-2 grau&#8221;<\/li>\n<li>modernes, elegantes, unaufgeregtes Design<\/li>\n<li>m\u00e1 povzbuzuj\u00edc\u00ed \u00fa\u010dinek na smysly.<\/li>\n<li>zlep\u0161uje kvalitu ovzdu\u0161\u00ed<\/li>\n<li>Dekorativn\u00ed a u\u017eite\u010dn\u00e9<\/li>\n<li>Vnit\u0159n\u00ed a venkovn\u00ed zahradn\u00ed font\u00e1ny<\/li>\n<li>S p\u0159ipojen\u00edm 230V\/12V<\/li>\n<li>Komplett-Set inkl. Pumpe und LED-Beleuchtung<\/li>\n<\/ul>\n<\/div>","protected":false},"excerpt":{"rendered":"<p>Gartenbrunnen &#8220;TRIO-BASALT-2 grau&#8221; mit LED-Ring (3&#215;4 LED) und 230\/12V-Netzadapter. F\u00fcr den Innen- und Au\u00dfenbereich.<\/p>","protected":false},"featured_media":38555,"comment_status":"open","ping_status":"closed","template":"","meta":[],"product_cat":[183,179],"product_tag":[],"class_list":{"0":"post-30742","1":"product","2":"type-product","3":"status-publish","4":"has-post-thumbnail","6":"product_cat-230v","7":"product_cat-b-ware-garten-u-zimmer-brunnen","9":"first","10":"instock","11":"sale","12":"taxable","13":"shipping-taxable","14":"purchasable","15":"product-type-simple"},"_links":{"self":[{"href":"http:\/\/igel.wovodo.de:8085\/cs\/wp-json\/wp\/v2\/product\/30742","targetHints":{"allow":["GET"]}}],"collection":[{"href":"http:\/\/igel.wovodo.de:8085\/cs\/wp-json\/wp\/v2\/product"}],"about":[{"href":"http:\/\/igel.wovodo.de:8085\/cs\/wp-json\/wp\/v2\/types\/product"}],"replies":[{"embeddable":true,"href":"http:\/\/igel.wovodo.de:8085\/cs\/wp-json\/wp\/v2\/comments?post=30742"}],"version-history":[{"count":4,"href":"http:\/\/igel.wovodo.de:8085\/cs\/wp-json\/wp\/v2\/product\/30742\/revisions"}],"predecessor-version":[{"id":38787,"href":"http:\/\/igel.wovodo.de:8085\/cs\/wp-json\/wp\/v2\/product\/30742\/revisions\/38787"}],"wp:featuredmedia":[{"embeddable":true,"href":"http:\/\/igel.wovodo.de:8085\/cs\/wp-json\/wp\/v2\/media\/38555"}],"wp:attachment":[{"href":"http:\/\/igel.wovodo.de:8085\/cs\/wp-json\/wp\/v2\/media?parent=30742"}],"wp:term":[{"taxonomy":"product_cat","embeddable":true,"href":"http:\/\/igel.wovodo.de:8085\/cs\/wp-json\/wp\/v2\/product_cat?post=30742"},{"taxonomy":"product_tag","embeddable":true,"href":"http:\/\/igel.wovodo.de:8085\/cs\/wp-json\/wp\/v2\/product_tag?post=30742"}],"curies":[{"name":"wp","href":"https:\/\/api.w.org\/{rel}","templated":true}]}}