{"id":30736,"date":"2024-10-31T14:12:35","date_gmt":"2024-10-31T13:12:35","guid":{"rendered":"http:\/\/igel.wovodo.de:8085\/product\/230v-garten-wandbrunnen-loewe-toscana-mit-led-licht\/"},"modified":"2025-01-27T12:31:53","modified_gmt":"2025-01-27T11:31:53","slug":"230v-garten-wandbrunnen-loewe-toscana-mit-led-licht","status":"publish","type":"product","link":"http:\/\/igel.wovodo.de:8085\/cs\/product\/230v-garten-wandbrunnen-loewe-toscana-mit-led-licht\/","title":{"rendered":"230V - Zahradn\u00ed a n\u00e1st\u011bnn\u00e1 font\u00e1na \"L\u00d6WE TOSCANA\" s LED sv\u011btlem"},"content":{"rendered":"<div class=\"sale_application\">\n<ul>\n<li>Dekorativn\u00ed vodn\u00ed font\u00e1na pro vnit\u0159n\u00ed i venkovn\u00ed pou\u017eit\u00ed se s\u00ed\u0165ov\u00fdm adapt\u00e9rem 230\/12V<\/li>\n<\/ul><\/div>\n<div class=\"sale_description\">\n<h4><font color=\"#FF0000\">Doru\u010den\u00ed je mo\u017en\u00e9 pouze prost\u0159ednictv\u00edm spedit\u00e9ra s telefonickou AVIZAC\u00cd. Uve\u010fte pros\u00edm \u010d\u00edslo mobiln\u00edho telefonu.<\/font><\/h4>\n<\/p>\n<p><b><\/b><\/p>\n<p><b>Dekorativn\u00ed a prosp\u011b\u0161n\u00e9<\/b><\/p>\n<p>Na str\u00e1nk\u00e1ch <b>230V - Zahradn\u00ed a n\u00e1st\u011bnn\u00e1 font\u00e1na \"L\u00d6WE TOSCANA\" s LED sv\u011btlem <\/b> je vhodn\u00fd pro vnit\u0159n\u00ed i venkovn\u00ed pou\u017eit\u00ed. N\u00e1st\u011bnn\u00e1 font\u00e1na \"L\u00d6WE TOSCANA\" se nap\u00e1j\u00ed pomoc\u00ed s\u00ed\u0165ov\u00e9ho adapt\u00e9ru 230\/12 V. Dekorativn\u00ed font\u00e1na vykouzl\u00ed skv\u011blou atmosf\u00e9ru. Elix\u00edr \u017eivota, voda, o\u017eiv\u00ed ob\u00fdvac\u00ed pokoje, j\u00eddelny, chodby a vstupn\u00ed prostory, zimn\u00ed zahrady nebo balkony, terasy a zahrady v soukrom\u00e9m i komer\u010dn\u00edm prost\u0159ed\u00ed.<\/p>\n<p>Zahradn\u00ed a n\u00e1st\u011bnn\u00e1 font\u00e1na \"L\u00d6WE TOSCANA\" na 230 V s LED sv\u011btlem zp\u0159\u00edjemn\u00ed ka\u017ed\u00e9 prost\u0159ed\u00ed. Proud\u00edc\u00ed voda m\u00e1 pozitivn\u00ed vliv na va\u0161i n\u00e1ladu a v hork\u00fdch letn\u00edch dnech poskytuje p\u0159\u00edjemn\u00e9 mikroklima.<\/p>\n<p><b>Obnovitelnost a spolehlivost<\/b><\/p>\n<p>Dekorativn\u00ed font\u00e1na \"L\u00d6WE TOSCANA\" je ur\u010dena pro provoz na 230 V. \u010cerpadlo se nap\u00e1j\u00ed bezpe\u010dn\u00fdm n\u00edzk\u00fdm nap\u011bt\u00edm 12V (adapt\u00e9r je sou\u010d\u00e1st\u00ed dod\u00e1vky). V\u0161echny kabelov\u00e9 spoje jsou chr\u00e1n\u011bny proti p\u0159ep\u00f3lov\u00e1n\u00ed a jsou vodot\u011bsn\u00e9. Mont\u00e1\u017e je rychl\u00e1 a snadn\u00e1.<\/p>\n<p>V\u0161echny komponenty jsou naprosto spolehliv\u00e9, odoln\u00e9 a d\u00edky praktick\u00fdm z\u00e1suvn\u00fdm spoj\u016fm je lze kdykoli vym\u011bnit. Proto se m\u016f\u017eete z font\u00e1ny \"L\u00d6WE TOSCANA\" a tekouc\u00ed vody t\u011b\u0161it dlouh\u00e1 l\u00e9ta!<\/p>\n<p style=\"font-size:11px;\"><b>Pr\u00e1vn\u00ed upozorn\u011bn\u00ed:<\/b> Na\u0161e v\u00fdrobky jsou barveny ru\u010dn\u011b, tak\u017ee se nelze vyhnout barevn\u00fdm odchylk\u00e1m. Krom\u011b toho se m\u016f\u017ee st\u00e1t, \u017ee v d\u016fsledku sv\u011bteln\u00fdch podm\u00ednek p\u0159i fotografov\u00e1n\u00ed v\u00fdrobku a r\u016fzn\u00fdch nastaven\u00ed obrazovky nebude barva v\u00fdrobku reprodukov\u00e1na autenticky, a proto nen\u00ed d\u016fvodem k reklamaci.<\/p>\n<\/p>\n<p><b>Pozn\u00e1mka:<\/b> Frost kann zu Sch\u00e4den am Gartenbrunnen und der Pumpe f\u00fchren. Bei Frostgefahr muss der <b>Gartenbrunnen und die Pumpe entleert werden<\/b>, mit klarem Wasser gesp\u00fclt und trocken eingelagert werden. Dann haben Sie sehr lange Freude daran!<\/p>\n<\/div>\n<h3>Mnoho dobr\u00fdch d\u016fvod\u016f, pro\u010d byste si m\u011bli koupit tento produkt:<\/h3>\n<div class=\"sale_motive\">\n<ul>\n<li>Zahradn\u00ed font\u00e1na \"L\u00d6WE TOSCANA\" p\u0159ipraven\u00e1 k zapojen\u00ed a pou\u017eit\u00ed<\/li>\n<li>Kr\u00e1sn\u00e1 n\u00e1st\u011bnn\u00e1 font\u00e1na pro ji\u017eanskou atmosf\u00e9ru<\/li>\n<li>m\u00e1 povzbuzuj\u00edc\u00ed \u00fa\u010dinek na smysly.<\/li>\n<li>zlep\u0161uje kvalitu ovzdu\u0161\u00ed<\/li>\n<li>Dekorativn\u00ed a u\u017eite\u010dn\u00e9<\/li>\n<li>Vnit\u0159n\u00ed a venkovn\u00ed zahradn\u00ed font\u00e1ny<\/li>\n<li>S p\u0159ipojen\u00edm 230V\/12V<\/li>\n<\/ul>\n<\/div>","protected":false},"excerpt":{"rendered":"<p>Vnit\u0159n\u00ed a venkovn\u00ed zahradn\u00ed font\u00e1na s 12wattov\u00fdm \u010derpadlem<\/p>","protected":false},"featured_media":37733,"comment_status":"open","ping_status":"closed","template":"","meta":[],"product_cat":[318,254,319,408],"product_tag":[],"class_list":{"0":"post-30736","1":"product","2":"type-product","3":"status-publish","4":"has-post-thumbnail","6":"product_cat-gartenbrunnen","7":"product_cat-brunnen-mit-230-v-betrieb","8":"product_cat-zimmerbrunnen","9":"product_cat-zauberhafte-wasserwand","11":"first","12":"instock","13":"sale","14":"taxable","15":"shipping-taxable","16":"purchasable","17":"product-type-simple"},"_links":{"self":[{"href":"http:\/\/igel.wovodo.de:8085\/cs\/wp-json\/wp\/v2\/product\/30736","targetHints":{"allow":["GET"]}}],"collection":[{"href":"http:\/\/igel.wovodo.de:8085\/cs\/wp-json\/wp\/v2\/product"}],"about":[{"href":"http:\/\/igel.wovodo.de:8085\/cs\/wp-json\/wp\/v2\/types\/product"}],"replies":[{"embeddable":true,"href":"http:\/\/igel.wovodo.de:8085\/cs\/wp-json\/wp\/v2\/comments?post=30736"}],"version-history":[{"count":2,"href":"http:\/\/igel.wovodo.de:8085\/cs\/wp-json\/wp\/v2\/product\/30736\/revisions"}],"predecessor-version":[{"id":38785,"href":"http:\/\/igel.wovodo.de:8085\/cs\/wp-json\/wp\/v2\/product\/30736\/revisions\/38785"}],"wp:featuredmedia":[{"embeddable":true,"href":"http:\/\/igel.wovodo.de:8085\/cs\/wp-json\/wp\/v2\/media\/37733"}],"wp:attachment":[{"href":"http:\/\/igel.wovodo.de:8085\/cs\/wp-json\/wp\/v2\/media?parent=30736"}],"wp:term":[{"taxonomy":"product_cat","embeddable":true,"href":"http:\/\/igel.wovodo.de:8085\/cs\/wp-json\/wp\/v2\/product_cat?post=30736"},{"taxonomy":"product_tag","embeddable":true,"href":"http:\/\/igel.wovodo.de:8085\/cs\/wp-json\/wp\/v2\/product_tag?post=30736"}],"curies":[{"name":"wp","href":"https:\/\/api.w.org\/{rel}","templated":true}]}}