{"id":30734,"date":"2024-10-31T14:12:34","date_gmt":"2024-10-31T13:12:34","guid":{"rendered":"http:\/\/igel.wovodo.de:8085\/product\/reifenfuellpistolen-set-mit-manometer-luftpistole-schlauch-set\/"},"modified":"2025-01-27T12:31:52","modified_gmt":"2025-01-27T11:31:52","slug":"reifenfuellpistolen-set-mit-manometer-luftpistole-schlauch-set","status":"publish","type":"product","link":"http:\/\/igel.wovodo.de:8085\/cs\/product\/reifenfuellpistolen-set-mit-manometer-luftpistole-schlauch-set\/","title":{"rendered":"Reifenf\u00fcllpistolen-Set mit Manometer Luftpistole-\/Schlauch-Set"},"content":{"rendered":"<div class=\"sale_application\">\n<ul>\n<li>Aufblas-Set mit integriertem Manometer<\/li>\n<\/ul>\n<\/div>\n<div class=\"sale_description\">\n<p>Set zum Aufpumpen von Reifen und Luftspielzeug mit g\u00e4ngigen Anschl\u00fcssen. Gut ansteuerbare Pistole mit Manometer f\u00fcr bequemes Aufblasen und Luftdruckkontrolle.<\/p>\n<\/div>\n<h3>Mnoho dobr\u00fdch d\u016fvod\u016f, pro\u010d byste si m\u011bli koupit tento produkt:<\/h3>\n<div class=\"sale_motive\">\n<ul>\n<li>Aufblasen von Kinderspielzeug<\/li>\n<li>&#8230; Fahrradreifen<\/li>\n<li>&#8230; Luftmatrazen<\/li>\n<li>&#8230; und vieles mehr!<\/li>\n<\/ul>\n<\/div>","protected":false},"excerpt":{"rendered":"<p>Aufblas-Set Luftdruckpistole<\/p>","protected":false},"featured_media":33792,"comment_status":"open","ping_status":"closed","template":"","meta":[],"product_cat":[361,256],"product_tag":[],"class_list":{"0":"post-30734","1":"product","2":"type-product","3":"status-publish","4":"has-post-thumbnail","6":"product_cat-airbrush-fuer-fahrzeuge","7":"product_cat-zubehoer-airbrush","9":"first","10":"instock","11":"taxable","12":"shipping-taxable","13":"purchasable","14":"product-type-simple"},"_links":{"self":[{"href":"http:\/\/igel.wovodo.de:8085\/cs\/wp-json\/wp\/v2\/product\/30734","targetHints":{"allow":["GET"]}}],"collection":[{"href":"http:\/\/igel.wovodo.de:8085\/cs\/wp-json\/wp\/v2\/product"}],"about":[{"href":"http:\/\/igel.wovodo.de:8085\/cs\/wp-json\/wp\/v2\/types\/product"}],"replies":[{"embeddable":true,"href":"http:\/\/igel.wovodo.de:8085\/cs\/wp-json\/wp\/v2\/comments?post=30734"}],"version-history":[{"count":1,"href":"http:\/\/igel.wovodo.de:8085\/cs\/wp-json\/wp\/v2\/product\/30734\/revisions"}],"predecessor-version":[{"id":35344,"href":"http:\/\/igel.wovodo.de:8085\/cs\/wp-json\/wp\/v2\/product\/30734\/revisions\/35344"}],"wp:featuredmedia":[{"embeddable":true,"href":"http:\/\/igel.wovodo.de:8085\/cs\/wp-json\/wp\/v2\/media\/33792"}],"wp:attachment":[{"href":"http:\/\/igel.wovodo.de:8085\/cs\/wp-json\/wp\/v2\/media?parent=30734"}],"wp:term":[{"taxonomy":"product_cat","embeddable":true,"href":"http:\/\/igel.wovodo.de:8085\/cs\/wp-json\/wp\/v2\/product_cat?post=30734"},{"taxonomy":"product_tag","embeddable":true,"href":"http:\/\/igel.wovodo.de:8085\/cs\/wp-json\/wp\/v2\/product_tag?post=30734"}],"curies":[{"name":"wp","href":"https:\/\/api.w.org\/{rel}","templated":true}]}}