{"id":30728,"date":"2024-10-31T14:12:30","date_gmt":"2024-10-31T13:12:30","guid":{"rendered":"http:\/\/igel.wovodo.de:8085\/product\/pvc-diesel-spiral-schlauch-1-laenge-15m\/"},"modified":"2025-01-27T12:31:50","modified_gmt":"2025-01-27T11:31:50","slug":"pvc-diesel-spiral-schlauch-1-laenge-15m","status":"publish","type":"product","link":"http:\/\/igel.wovodo.de:8085\/cs\/product\/pvc-diesel-spiral-schlauch-1-laenge-15m\/","title":{"rendered":"PVC Diesel-Spiral-Schlauch 1&#8243;, L\u00e4nge 15m"},"content":{"rendered":"<div class=\"sale_application\">\n<ul>\n<li>Spiralverst\u00e4rkter PVC-Schlauch f\u00fcr Diesel, Heiz- und Schmier\u00f6len, Petroleum, F\u00e4kalien<\/li>\n<li>Innendurchmesser 25mm f\u00fcr 1&#8243;-T\u00fcllen<\/li>\n<\/ul>\n<\/div>\n<div class=\"sale_description\">\n<p>Der knickstabile Dieselschlauch aus PVC mit <b>Edelstahl-Spirale<\/b> ist innen und au\u00dfen glatt, cadmiumfrei und hat eine gute chemische Best\u00e4ndigkeit.<\/p>\n<p>Geeignet ist der PVC-Dieselschlauch zum Durchleiten von Diesel, Heiz\u00f6l, Schmier\u00f6len, Petroleum, F\u00e4kalien.<br \/>\n  <b>Der spiralverst\u00e4rkte Schlauch hat einen Innendurchmesser von 25mm und ist passend f\u00fcr den Anschluss an 1-Zoll-T\u00fcllen.<\/b><\/p>\n<\/div>\n<h3>Mnoho dobr\u00fdch d\u016fvod\u016f, pro\u010d byste si m\u011bli koupit tento produkt:<\/h3>\n<div class=\"sale_motive\">\n<ul>\n<li>mit <b>Edelstahl-Spirale<\/b><\/li>\n<li>max. Druck: 6bar<\/li>\n<li>cadmiumfrei<\/li>\n<li>gute chemische Best\u00e4ndigkeit<\/li>\n<li>Farbe: transparent<\/li>\n<li><b>knickstabil &amp; zugleich flexibel<\/b><\/li>\n<li>resistent gegen\u00fcber \u00d6l &amp; Benzin<\/li>\n<li>geeignet f\u00fcr Diesel, Heiz\u00f6l, Schmier\u00f6l, Petroleum, F\u00e4kalien<\/li>\n<\/ul>\n<\/div>","protected":false},"excerpt":{"rendered":"<p><b>Meterware:<\/b> Spiralverst\u00e4rkter PVC-Schlauch f\u00fcr<br \/>\n  Diesel, Heiz\u00f6l, Schmier\u00f6le, Petroleum, F\u00e4kalien<br \/>\n  max. Druck 6 bar<\/p>","protected":false},"featured_media":36955,"comment_status":"open","ping_status":"closed","template":"","meta":[],"product_cat":[260],"product_tag":[],"class_list":{"0":"post-30728","1":"product","2":"type-product","3":"status-publish","4":"has-post-thumbnail","6":"product_cat-diesel-schlauch","8":"first","9":"instock","10":"taxable","11":"shipping-taxable","12":"purchasable","13":"product-type-simple"},"_links":{"self":[{"href":"http:\/\/igel.wovodo.de:8085\/cs\/wp-json\/wp\/v2\/product\/30728","targetHints":{"allow":["GET"]}}],"collection":[{"href":"http:\/\/igel.wovodo.de:8085\/cs\/wp-json\/wp\/v2\/product"}],"about":[{"href":"http:\/\/igel.wovodo.de:8085\/cs\/wp-json\/wp\/v2\/types\/product"}],"replies":[{"embeddable":true,"href":"http:\/\/igel.wovodo.de:8085\/cs\/wp-json\/wp\/v2\/comments?post=30728"}],"version-history":[{"count":1,"href":"http:\/\/igel.wovodo.de:8085\/cs\/wp-json\/wp\/v2\/product\/30728\/revisions"}],"predecessor-version":[{"id":35338,"href":"http:\/\/igel.wovodo.de:8085\/cs\/wp-json\/wp\/v2\/product\/30728\/revisions\/35338"}],"wp:featuredmedia":[{"embeddable":true,"href":"http:\/\/igel.wovodo.de:8085\/cs\/wp-json\/wp\/v2\/media\/36955"}],"wp:attachment":[{"href":"http:\/\/igel.wovodo.de:8085\/cs\/wp-json\/wp\/v2\/media?parent=30728"}],"wp:term":[{"taxonomy":"product_cat","embeddable":true,"href":"http:\/\/igel.wovodo.de:8085\/cs\/wp-json\/wp\/v2\/product_cat?post=30728"},{"taxonomy":"product_tag","embeddable":true,"href":"http:\/\/igel.wovodo.de:8085\/cs\/wp-json\/wp\/v2\/product_tag?post=30728"}],"curies":[{"name":"wp","href":"https:\/\/api.w.org\/{rel}","templated":true}]}}