{"id":30588,"date":"2024-10-31T14:11:05","date_gmt":"2024-10-31T13:11:05","guid":{"rendered":"http:\/\/igel.wovodo.de:8085\/product\/10-er-set-selbstklebende-fingernagel-schablonen\/"},"modified":"2025-01-27T12:31:12","modified_gmt":"2025-01-27T11:31:12","slug":"10-er-set-selbstklebende-fingernagel-schablonen","status":"publish","type":"product","link":"http:\/\/igel.wovodo.de:8085\/cs\/product\/10-er-set-selbstklebende-fingernagel-schablonen\/","title":{"rendered":"10-er Set selbstklebende Fingernagel-Schablonen"},"content":{"rendered":"<div class=\"sale_application\">\n<p><b>Ideal f&uuml;r die Anwendung mit Airbrushkompressor und Airbrushpistolen f&uuml;r Airbrush Nail Art, Nageldesign, Fingern\u00e4gel und f&uuml;r andere Techniken des Nageldesigns.<\/b><\/p>\n<\/p><\/div>\n<div class=\"sale_description\">\n<p>Mit den Airbrush-Schablonen erhalten Sie ein tolles Zubeh&ouml;r-Set f\u00fcr Airbrush-Nailart sowie weitere Techniken des Nageldesigns oder andere Airbrush-Arbeiten, die mit h&uuml;bschen, winzigen Motiven versch&ouml;nert werden sollen.<\/p>\n<p>Die Airbrush-Schablonen sind <b>selbstklebend<\/b>, was daf&uuml;r sorgt, dass die Schablonen nicht verrutschen und noch so kleine Details auf Fingern&auml;geln oder anderen kleinen Fl&auml;chen dennoch pr&auml;zise aufgetragen werden k&ouml;nnen. Die Schablonen haften gut, lassen sich nach dem Airbrushen aber wieder leicht entfernen.<\/p>\n<p>Das Airbrush-Schablonen-Set eignet sich f&uuml;r Hobby und Beruf, f&uuml;r Anf&auml;nger und Profis der Airbrush-Technik.<\/p>\n<p>Das Airbrush-Schablonen-Set besteht aus <b>10 Schablonen<\/b> mit den unterschiedlichsten Motiven und Stilen. Mit dieser umfangreichen Auswahl an Schablonen sind der Kreativit&auml;t keine Grenzen gesetzt und Abwechlsung ist garantiert. Bei der Verwendung unterschiedlicher Airbrush-Farben, lassen sich nahezu unz&auml;hlige Nail-Designs kreieren.<\/p>\n<p>Das 10er-Set bietet graphische Muster, Symbole, florale Motive, Animal-Print, Wellen-, Punkt- und Streifendesign, Himmelsk&ouml;rper &#8211; von witzig, verspielt, feminin, mond&auml;n bis sexy ist f&uuml;r s&auml;mtliche Anl&auml;sse und Charaktere etwas passendes dabei.<\/p>\n<\/div>\n<h3>Mnoho dobr\u00fdch d\u016fvod\u016f, pro\u010d byste si m\u011bli koupit tento produkt:<\/h3>\n<div class=\"sale_motive\">\n<ul>\n<li>einfach in der Anwendung<\/li>\n<li><strong>trendige Motive &#8211; auch f\u00fcr Einsteiger<\/strong><\/li>\n<\/ul>\n<\/div>","protected":false},"excerpt":{"rendered":"<p>Airbrush-Schablonen f\u00fcr die Fingern&auml;gel<br \/>\n  10er-Set<br \/>\n  <b>Selbstklebend!<\/b><\/p>","protected":false},"featured_media":33409,"comment_status":"open","ping_status":"closed","template":"","meta":[],"product_cat":[465,235,193],"product_tag":[],"class_list":{"0":"post-30588","1":"product","2":"type-product","3":"status-publish","4":"has-post-thumbnail","6":"product_cat-schablonen","7":"product_cat-airbrush-farben","8":"product_cat-nailart-set","10":"first","11":"instock","12":"taxable","13":"shipping-taxable","14":"purchasable","15":"product-type-simple"},"_links":{"self":[{"href":"http:\/\/igel.wovodo.de:8085\/cs\/wp-json\/wp\/v2\/product\/30588","targetHints":{"allow":["GET"]}}],"collection":[{"href":"http:\/\/igel.wovodo.de:8085\/cs\/wp-json\/wp\/v2\/product"}],"about":[{"href":"http:\/\/igel.wovodo.de:8085\/cs\/wp-json\/wp\/v2\/types\/product"}],"replies":[{"embeddable":true,"href":"http:\/\/igel.wovodo.de:8085\/cs\/wp-json\/wp\/v2\/comments?post=30588"}],"version-history":[{"count":1,"href":"http:\/\/igel.wovodo.de:8085\/cs\/wp-json\/wp\/v2\/product\/30588\/revisions"}],"predecessor-version":[{"id":35199,"href":"http:\/\/igel.wovodo.de:8085\/cs\/wp-json\/wp\/v2\/product\/30588\/revisions\/35199"}],"wp:featuredmedia":[{"embeddable":true,"href":"http:\/\/igel.wovodo.de:8085\/cs\/wp-json\/wp\/v2\/media\/33409"}],"wp:attachment":[{"href":"http:\/\/igel.wovodo.de:8085\/cs\/wp-json\/wp\/v2\/media?parent=30588"}],"wp:term":[{"taxonomy":"product_cat","embeddable":true,"href":"http:\/\/igel.wovodo.de:8085\/cs\/wp-json\/wp\/v2\/product_cat?post=30588"},{"taxonomy":"product_tag","embeddable":true,"href":"http:\/\/igel.wovodo.de:8085\/cs\/wp-json\/wp\/v2\/product_tag?post=30588"}],"curies":[{"name":"wp","href":"https:\/\/api.w.org\/{rel}","templated":true}]}}