{"id":30583,"date":"2024-10-31T14:11:02","date_gmt":"2024-10-31T13:11:02","guid":{"rendered":"http:\/\/igel.wovodo.de:8085\/product\/airbrushpistole-profi-airbrush-gravity-double-action-gun-134s\/"},"modified":"2025-01-27T12:31:11","modified_gmt":"2025-01-27T11:31:11","slug":"airbrushpistole-profi-airbrush-gravity-double-action-gun-134s","status":"publish","type":"product","link":"http:\/\/igel.wovodo.de:8085\/cs\/product\/airbrushpistole-profi-airbrush-gravity-double-action-gun-134s\/","title":{"rendered":"Airbrushpistole Profi-AirBrush Gravity Double-Action-Gun 134s"},"content":{"rendered":"<div class=\"sale_application\">\n<b><\/p>\n<p>Ide\u00e1ln\u00ed pro kosmetiku a kr\u00e1su (airbrush nail art, make-up, barven\u00ed vlas\u016f, p\u00e9\u010de o vlasy, opalov\u00e1n\u00ed ve spreji), body art (malov\u00e1n\u00ed na t\u011blo, tetov\u00e1n\u00ed, n\u00e1vrhy masek), hobby (kv\u011btiny\/ kv\u011btinov\u00e9 vazby, model\u00e1\u0159stv\u00ed, keramika\/ keramika, textil), mal\u00e9 n\u00e1vrhy aut (benzinov\u00e9 v\u00ed\u010dka\/ helmy), technick\u00e9 ilustrace\/ retu\u0161ov\u00e1n\u00ed fotografi\u00ed a zdoben\u00ed potravin (dorty\/ cupcakes). Mo\u017enosti airbrushe jsou prakticky neomezen\u00e9.<\/p>\n<p><\/b> <\/div>\n<div class=\"sale_description\">\n<p><b>Die UNIVERSAL-Airbrush-Pistole <strong>&#8220;Double-Action-Gun 134s&#8221;<\/strong> ist einzigartig und einmalig f\u00fcr diese Preisklasse!<\/b><\/p>\n<p>Die Airbrush-Pistole &#8220;Double-Action-Gun 134s&#8221; mit 0,2mm \/ 0,3mm \/ 0,5mm NADEL\/D\u00dcSE Kombination und 2 verschiedenen Farbbeh\u00e4ltern (7ml und 22ml) ist besonders f\u00fcr den Beginner zum Kennenlernen der einzelnen Techniken und f\u00fcr ein z\u00fcgiges Arbeiten optimal geeignet. Damit lassen sich sowohl feine Linien ziehen, als auch gr\u00f6\u00dfere Fl\u00e4chen airbrushen. F\u00fcr gr\u00f6\u00dfere Farbmengen wird der 22ml-Glasbeh\u00e4lter und f\u00fcr kleinere Farbmengen der 7ccl Metallaufsatz verwendet. Mit der UNIVERSAL AIRBRUSH-PISTOLE DOUBLE-ACTION 134s macht das Hobby richtig Spa\u00df!<\/p>\n<\/div>\n<h3>Mnoho dobr\u00fdch d\u016fvod\u016f, pro\u010d byste si m\u011bli koupit tento produkt:<\/h3>\n<div class=\"sale_motive\">\n<ul>\n<li>Rozs\u00e1hl\u00e9 p\u0159\u00edslu\u0161enstv\u00ed <\/li>\n<li><strong>brillantes Spritzbild<\/strong><\/li>\n<li>erm\u00f6glichet ein breites Spektrum an Spr\u00fch- und Lackierarbeiten<\/li>\n<li>solide Verarbeitung<\/li>\n<li>Metall-Farbbeh\u00e4lter mit 7ml und ein Glasfarbbeh\u00e4lter mit 22l und Deckel erm\u00f6glichen einen schnellen Farbwechsel<\/li>\n<li>3 Nadeln inklusive 0,2mm \/ 0,3mm \/ 0,5mm<\/li>\n<li>zukunftsorientierte Bauweise <\/li>\n<li>formsch\u00f6nes Design <\/li>\n<li>Snadn\u00e1 manipulace<\/li>\n<\/ul>\n<\/div>","protected":false},"excerpt":{"rendered":"<p>Spr\u00fchpistole <strong>inkl. 3 D\u00fcsen<\/strong> \/ Double-Action \/ 7ml verchromter Farbbeh\u00e4lter (gravity) \/ 22ml Farbbeh\u00e4lter (side) \/ Arbeitsdruck: 1 &#8211; 3,5bar \/ Aufbewahrungsbox<\/p>","protected":false},"featured_media":31558,"comment_status":"open","ping_status":"closed","template":"","meta":[],"product_cat":[397,445],"product_tag":[],"class_list":{"0":"post-30583","1":"product","2":"type-product","3":"status-publish","4":"has-post-thumbnail","6":"product_cat-airbrushpistolen","7":"product_cat-double-action","9":"first","10":"instock","11":"taxable","12":"shipping-taxable","13":"purchasable","14":"product-type-simple"},"_links":{"self":[{"href":"http:\/\/igel.wovodo.de:8085\/cs\/wp-json\/wp\/v2\/product\/30583","targetHints":{"allow":["GET"]}}],"collection":[{"href":"http:\/\/igel.wovodo.de:8085\/cs\/wp-json\/wp\/v2\/product"}],"about":[{"href":"http:\/\/igel.wovodo.de:8085\/cs\/wp-json\/wp\/v2\/types\/product"}],"replies":[{"embeddable":true,"href":"http:\/\/igel.wovodo.de:8085\/cs\/wp-json\/wp\/v2\/comments?post=30583"}],"version-history":[{"count":1,"href":"http:\/\/igel.wovodo.de:8085\/cs\/wp-json\/wp\/v2\/product\/30583\/revisions"}],"predecessor-version":[{"id":35194,"href":"http:\/\/igel.wovodo.de:8085\/cs\/wp-json\/wp\/v2\/product\/30583\/revisions\/35194"}],"wp:featuredmedia":[{"embeddable":true,"href":"http:\/\/igel.wovodo.de:8085\/cs\/wp-json\/wp\/v2\/media\/31558"}],"wp:attachment":[{"href":"http:\/\/igel.wovodo.de:8085\/cs\/wp-json\/wp\/v2\/media?parent=30583"}],"wp:term":[{"taxonomy":"product_cat","embeddable":true,"href":"http:\/\/igel.wovodo.de:8085\/cs\/wp-json\/wp\/v2\/product_cat?post=30583"},{"taxonomy":"product_tag","embeddable":true,"href":"http:\/\/igel.wovodo.de:8085\/cs\/wp-json\/wp\/v2\/product_tag?post=30583"}],"curies":[{"name":"wp","href":"https:\/\/api.w.org\/{rel}","templated":true}]}}