{"id":30523,"date":"2024-10-31T14:10:25","date_gmt":"2024-10-31T13:10:25","guid":{"rendered":"http:\/\/igel.wovodo.de:8085\/product\/hauswasserwerk-inno-tec-1500-mit-durchflusswaechter-ac3vk\/"},"modified":"2025-01-27T12:30:54","modified_gmt":"2025-01-27T11:30:54","slug":"hauswasserwerk-inno-tec-1500-mit-durchflusswaechter-ac3vk","status":"publish","type":"product","link":"http:\/\/igel.wovodo.de:8085\/cs\/product\/hauswasserwerk-inno-tec-1500-mit-durchflusswaechter-ac3vk\/","title":{"rendered":"Hauswasserwerk INNO-TEC 1500 mit Durchflussw\u00e4chter AC3vk"},"content":{"rendered":"<div class=\"sale_application\">\n<ul>\n<li>zum Aus- und Umpumpen von Wasserspeichern etc.<\/li>\n<li>ideal zur Regenwassernutzung in Garten und Haus<\/li>\n<li>zum Bew\u00e4ssern von Rasen und Beeten (auch f\u00fcr mehrere Abnehmer)<\/li>\n<li>Beh\u00e4lter-Umf\u00fcllung <\/li>\n<li>zur Nutzung von Wasser aus Bach, Fluss und Brunnen<\/li>\n<\/ul><\/div>\n<div class=\"sale_description\">\n<p>Diese sebstansaugende mehrstufige <strong>selbstansaugende Kreiselpumpe<\/strong> mit geschlossenen Radiallaufr\u00e4dern ist f\u00fcr die F\u00f6rderung von sauberem Wasser mit einer max. Temperatur von 35\u00b0C bestimmt. Sie zeichnet sich durch ausgesprochene Laufruhe und ger\u00e4uscharmen Betrieb aus. Grunds\u00e4tzlich ist diese Pumpe ausschlie\u00dflich f\u00fcr Klarwasser mit einem Sandgehalt von max. 60 gr\/cbm einzusetzen. Zu beachten ist jedoch: Je h\u00f6her der Sandanteil, umso gr\u00f6\u00dfer ist die Pumpenabnutzung und umso mehr Betriebsst\u00f6rungen jeglicher Art k\u00f6nnen auftreten.\n<\/p>\n<p>Speziell geeignet f\u00fcr Bew\u00e4sserung, Druckanlangen, allgemeine industrielle und zivile Zwecke. Bei Einsatz in der Regenwassernutzung muss das Wasser ausreichend, bis auf mind. 0,2mm vorgefiltert und frei von Fremdpartikeln sein. Die Pumpe ist f\u00fcr Dauerbetrieb bestens geeignet. Aufgrund der Verwendung hochwertiger rostfreier Werkstoffe, europ\u00e4ischer Fertigung und sorgf\u00e4ltiger Qualit\u00e4tskontrolle mit strengen elektrischen und hydraulischen Pr\u00fcfungen, arbeitet die Pumpe wartungsfrei. Sie ist im Bedarfsfall einfach zu reparieren und zu s\u00e4ubern. Die max. Einschaltzahl von 40 Schaltungen\/Std. darf nicht \u00fcberschritten werden. Bei Sand- oder Schmutzablagerungen in der Pumpe ist die Gew\u00e4hrleistung ausgeschlossen. Bei Wechselstrom wird die Pumpe mit einem eingebauten Anlaufkondensator geliefert.<\/p>\n<p>Wir empfehlen, diese Pumpe mit der intelligenten  <strong>&#8220;STEADYPRES\u00ae -Pumpensteuerung &#8220;Art.Nr:&nbsp;<a class=\"headerNavigation\" href=\"http:\/\/www.profi-pumpe.de\/product_info.php\/info\/p834_INVERTER-Pumpensteuerung-1-IPS-1-.html\" target=\"_blank\" 1?.html?=\"\" inverter-pumpensteuerung=\"\"><\/a><a href=\"\/cs\/advanced_search_result.php\/?keywords=PS01117&amp;x=0&amp;y=0\" target=\"_blank\">PS01117<\/a> <\/strong> Die STEADYPRES\u00ae 8,5Amp M\/M mit integriertem Trockenlaufschutz und einstellbarem Auto-Start sorgt f\u00fcr nahezu konstanten Druck im Wasserkreislauf, vermeidet gef\u00e4hrliche Druckschl\u00e4ge, Takten und \u00dcberhitzung der Pumpe. Dar\u00fcber hinaus wird die Pumpenlebensdauer wesentlich erh\u00f6ht und die Ger\u00e4uschentwicklung deutlich reduziert.<\/p>\n<\/div>\n<h3>Mnoho dobr\u00fdch d\u016fvod\u016f, pro\u010d byste si m\u011bli koupit tento produkt:<\/h3>\n<div class=\"sale_motive\">\n<ul>\n<li>Solide, leistungsstarke, zuverl\u00e4ssige,mehrstufige Kreiselpumpe 5,5 bar und F\u00f6rdermenge von 6500l\/h bei einer Leistungsaufnahme von 1500 W<\/li>\n<li><strong>enorm leise<\/strong> trotz hoher Leistung<\/li>\n<li><strong>selbstansaugend<\/strong><\/li>\n<li><strong>Ansaugh\u00f6he bis 8 m<\/strong><\/li>\n<li>hohe Lebensdauer durch mechanische Dichtungen<\/li>\n<li>hochwertiges Edelstahlgeh\u00e4use mit extra breiten Montagefu\u00df und 2 Montagepunkten<\/li>\n<li>Jede Stufe ist mit einem verschlei\u00dffesten Ring aus Edelstahl versehen.<\/li>\n<li>Gleitringdichtung aus Aluminium\/ Graphit \u00f6lgeschmiert<\/li>\n<li>Spezieller Wellendichtring, um die Pumpe gegen Sand zu sch\u00fctzen.<\/li>\n<\/ul>\n<\/div>","protected":false},"excerpt":{"rendered":"<p>Mehrstufige, leistungsstarke Kreiselpumpe mit 1480Watt<br \/>\n  5,5bar | 6,500l\/h | SELBSTANSAUGEND! LEISE!<\/p>\n<p><strong>QUALIT\u00c4T &#8211; made in EU!<\/strong><\/p>","protected":false},"featured_media":33212,"comment_status":"open","ping_status":"closed","template":"","meta":[],"product_cat":[266,262],"product_tag":[],"class_list":{"0":"post-30523","1":"product","2":"type-product","3":"status-publish","4":"has-post-thumbnail","6":"product_cat-hauswasserautomat","7":"product_cat-kreiselpumpen-hauswasserwerke","9":"first","10":"instock","11":"taxable","12":"shipping-taxable","13":"purchasable","14":"product-type-simple"},"_links":{"self":[{"href":"http:\/\/igel.wovodo.de:8085\/cs\/wp-json\/wp\/v2\/product\/30523","targetHints":{"allow":["GET"]}}],"collection":[{"href":"http:\/\/igel.wovodo.de:8085\/cs\/wp-json\/wp\/v2\/product"}],"about":[{"href":"http:\/\/igel.wovodo.de:8085\/cs\/wp-json\/wp\/v2\/types\/product"}],"replies":[{"embeddable":true,"href":"http:\/\/igel.wovodo.de:8085\/cs\/wp-json\/wp\/v2\/comments?post=30523"}],"version-history":[{"count":1,"href":"http:\/\/igel.wovodo.de:8085\/cs\/wp-json\/wp\/v2\/product\/30523\/revisions"}],"predecessor-version":[{"id":35137,"href":"http:\/\/igel.wovodo.de:8085\/cs\/wp-json\/wp\/v2\/product\/30523\/revisions\/35137"}],"wp:featuredmedia":[{"embeddable":true,"href":"http:\/\/igel.wovodo.de:8085\/cs\/wp-json\/wp\/v2\/media\/33212"}],"wp:attachment":[{"href":"http:\/\/igel.wovodo.de:8085\/cs\/wp-json\/wp\/v2\/media?parent=30523"}],"wp:term":[{"taxonomy":"product_cat","embeddable":true,"href":"http:\/\/igel.wovodo.de:8085\/cs\/wp-json\/wp\/v2\/product_cat?post=30523"},{"taxonomy":"product_tag","embeddable":true,"href":"http:\/\/igel.wovodo.de:8085\/cs\/wp-json\/wp\/v2\/product_tag?post=30523"}],"curies":[{"name":"wp","href":"https:\/\/api.w.org\/{rel}","templated":true}]}}