{"id":30442,"date":"2024-10-31T14:09:35","date_gmt":"2024-10-31T13:09:35","guid":{"rendered":"http:\/\/igel.wovodo.de:8085\/product\/230v-garten-wandbrunnen-art-deco-mit-led-licht\/"},"modified":"2025-01-27T12:30:29","modified_gmt":"2025-01-27T11:30:29","slug":"230v-garten-wandbrunnen-art-deco-mit-led-licht","status":"publish","type":"product","link":"http:\/\/igel.wovodo.de:8085\/cs\/product\/230v-garten-wandbrunnen-art-deco-mit-led-licht\/","title":{"rendered":"230V - Zahradn\u00ed a n\u00e1st\u011bnn\u00e1 font\u00e1na \"ART-DECO\" s LED sv\u011btlem"},"content":{"rendered":"<div class=\"sale_application\">\n<ul>\n<li>Dekorativn\u00ed vodn\u00ed font\u00e1na pro vnit\u0159n\u00ed i venkovn\u00ed pou\u017eit\u00ed se s\u00ed\u0165ov\u00fdm adapt\u00e9rem 230\/12V<\/li>\n<\/ul><\/div>\n<div class=\"sale_description\">\n<p><b>Dekorativn\u00ed a prosp\u011b\u0161n\u00e9<\/b><\/p>\n<p>Na str\u00e1nk\u00e1ch <b>230V - Zahradn\u00ed a n\u00e1st\u011bnn\u00e1 font\u00e1na \"ART-DECO\" s LED sv\u011btlem<\/b> ist f\u00fcr den Innen- und Au\u00dfenbereich geeignet. Betrieben wird der Wandbrunnen mit einem 230\/12-Volt Netzadapter. Der 230V &#8211; Garten- &amp; Wandbrunnen &#8220;ART-DECO&#8221; mit LED-Licht f\u00fcr Menschen mit Sinn f\u00fcr \u00c4sthetik zaubert mit den sch\u00f6nen Flora-Fauna-Details eine tolle Atmosph\u00e4re. Das Lebenselixier Wasser belebt Wohnzimmer, Esszimmer, Flure und Eingangsbereiche, Winterg\u00e4rten oder Balkone, Terrassen und G\u00e4rten im privaten wie gewerblichen Umfeld.<\/p>\n<p>Der 230V &#8211; Garten- &amp; Wandbrunnen &#8220;ART-DECO&#8221; mit LED-Licht wertet jede Umgebung auf. Flie\u00dfendes Wasser wirkt sich positiv auf die Stimmung aus und liefert ein angenehmes Mikroklima an hei\u00dfen Sommertagen.<\/p>\n<p><b>Obnovitelnost a spolehlivost<\/b><\/p>\n<p>Der Zierbrunnen &#8220;ART-DECO&#8221; ist f\u00fcr den 230-Volt-Betrieb vorgesehen. Die Pumpe wird mit sicherer 12V-Niederspannung betrieben (Adapter im Lieferumfang enthalten). Alle Kabelverbindungen sind verpolungssicher und wasserdicht. Der Aufbau geht einfach und schnell.<\/p>\n<p>S\u00e4mtliche Komponenten sind absolut funktionssicher, langlebig und dank praktischer Steckverbindungen jederzeit austauschbar. So k\u00f6nnen Sie den Wasserbrunnen &#8220;ART-DECO&#8221; und das flie\u00dfende Wasser jahrelang genie\u00dfen!<\/p>\n<p class=\"embed-responsive embed-responsive-16by9\"><iframe width=\"560\" height=\"315\" src=\"https:\/\/www.youtube-nocookie.com\/embed\/BYGmoGgvbwM?si=X2luTabIcn86DOYg&#038;rel=0\" title=\"YouTube video player\" frameborder=\"0\" allow=\"accelerometer; autoplay; clipboard-write; encrypted-media; gyroscope; picture-in-picture; web-share\" allowfullscreen=\"\"><\/iframe><\/p>\n<p style=\"font-size:11px;\"><b>Pr\u00e1vn\u00ed upozorn\u011bn\u00ed:<\/b> Na\u0161e v\u00fdrobky jsou barveny ru\u010dn\u011b, tak\u017ee se nelze vyhnout barevn\u00fdm odchylk\u00e1m. Krom\u011b toho se m\u016f\u017ee st\u00e1t, \u017ee v d\u016fsledku sv\u011bteln\u00fdch podm\u00ednek p\u0159i fotografov\u00e1n\u00ed v\u00fdrobku a r\u016fzn\u00fdch nastaven\u00ed obrazovky nebude barva v\u00fdrobku reprodukov\u00e1na autenticky, a proto nen\u00ed d\u016fvodem k reklamaci.<\/p>\n<\/p>\n<p><b>Pozn\u00e1mka:<\/b> Frost kann zu Sch\u00e4den am Gartenbrunnen und der Pumpe f\u00fchren. Bei Frostgefahr muss der <b>Gartenbrunnen und die Pumpe entleert werden<\/b>, mit klarem Wasser gesp\u00fclt und trocken eingelagert werden. Dann haben Sie sehr lange Freude daran!<\/p>\n<\/p><\/div>\n<h3>Mnoho dobr\u00fdch d\u016fvod\u016f, pro\u010d byste si m\u011bli koupit tento produkt:<\/h3>\n<div class=\"sale_motive\">\n<ul>\n<li>steckfertiger, sofort einsatzbereiter Gartenbrunnen &#8220;ART-DECO&#8221;<\/li>\n<li>klassische Form mit antiker Nostalgie-Struktur<\/li>\n<li>m\u00e1 povzbuzuj\u00edc\u00ed \u00fa\u010dinek na smysly.<\/li>\n<li>zlep\u0161uje kvalitu ovzdu\u0161\u00ed<\/li>\n<li>Dekorativn\u00ed a u\u017eite\u010dn\u00e9<\/li>\n<li>Vnit\u0159n\u00ed a venkovn\u00ed zahradn\u00ed font\u00e1ny<\/li>\n<li>S p\u0159ipojen\u00edm 230V\/12V<\/li>\n<\/ul>\n<\/div>","protected":false},"excerpt":{"rendered":"<p>Der Wandbrunnen f\u00fcr Menschen mit Sinn f\u00fcr \u00c4sthetik zaubert mit den sch\u00f6nen Flora-Fauna-Details eine tolle Atmosph\u00e4re<\/p>","protected":false},"featured_media":38714,"comment_status":"open","ping_status":"closed","template":"","meta":[],"product_cat":[318,254,319,408],"product_tag":[],"class_list":{"0":"post-30442","1":"product","2":"type-product","3":"status-publish","4":"has-post-thumbnail","6":"product_cat-gartenbrunnen","7":"product_cat-brunnen-mit-230-v-betrieb","8":"product_cat-zimmerbrunnen","9":"product_cat-zauberhafte-wasserwand","11":"first","12":"instock","13":"sale","14":"taxable","15":"shipping-taxable","16":"purchasable","17":"product-type-simple"},"_links":{"self":[{"href":"http:\/\/igel.wovodo.de:8085\/cs\/wp-json\/wp\/v2\/product\/30442","targetHints":{"allow":["GET"]}}],"collection":[{"href":"http:\/\/igel.wovodo.de:8085\/cs\/wp-json\/wp\/v2\/product"}],"about":[{"href":"http:\/\/igel.wovodo.de:8085\/cs\/wp-json\/wp\/v2\/types\/product"}],"replies":[{"embeddable":true,"href":"http:\/\/igel.wovodo.de:8085\/cs\/wp-json\/wp\/v2\/comments?post=30442"}],"version-history":[{"count":8,"href":"http:\/\/igel.wovodo.de:8085\/cs\/wp-json\/wp\/v2\/product\/30442\/revisions"}],"predecessor-version":[{"id":38715,"href":"http:\/\/igel.wovodo.de:8085\/cs\/wp-json\/wp\/v2\/product\/30442\/revisions\/38715"}],"wp:featuredmedia":[{"embeddable":true,"href":"http:\/\/igel.wovodo.de:8085\/cs\/wp-json\/wp\/v2\/media\/38714"}],"wp:attachment":[{"href":"http:\/\/igel.wovodo.de:8085\/cs\/wp-json\/wp\/v2\/media?parent=30442"}],"wp:term":[{"taxonomy":"product_cat","embeddable":true,"href":"http:\/\/igel.wovodo.de:8085\/cs\/wp-json\/wp\/v2\/product_cat?post=30442"},{"taxonomy":"product_tag","embeddable":true,"href":"http:\/\/igel.wovodo.de:8085\/cs\/wp-json\/wp\/v2\/product_tag?post=30442"}],"curies":[{"name":"wp","href":"https:\/\/api.w.org\/{rel}","templated":true}]}}