{"id":30418,"date":"2024-10-31T14:09:17","date_gmt":"2024-10-31T13:09:17","guid":{"rendered":"http:\/\/igel.wovodo.de:8085\/product\/230v-gartenbrunnen-zhen-kraft-quelle-mit-led-licht\/"},"modified":"2025-01-27T12:30:22","modified_gmt":"2025-01-27T11:30:22","slug":"230v-gartenbrunnen-zhen-kraft-quelle-mit-led-licht","status":"publish","type":"product","link":"http:\/\/igel.wovodo.de:8085\/cs\/product\/230v-gartenbrunnen-zhen-kraft-quelle-mit-led-licht\/","title":{"rendered":"230V - Zahradn\u00ed font\u00e1na ZHEN KRAFT-QUELLE s LED sv\u011btlem"},"content":{"rendered":"<div class=\"sale_application\">\n<ul>\n<li>LED-Gartenbrunnen f\u00fcr den Innen- und Au\u00dfenbereich mit 230\/12V-Netzadapter<\/li>\n<\/ul><\/div>\n<div class=\"sale_description\"> <strong>Dekorativn\u00ed a prosp\u011b\u0161n\u00e9<\/strong><\/p>\n<p>Der Brunnen ZHEN KRAFT-QUELLE ist f\u00fcr den Innen- und Au\u00dfenbereich geeignet. Betrieben wird der stilvolle Gartenbrunnen mit einem 230\/12-Volt Netzadapter.<\/p>\n<p>Der meditierende Zen-M\u00f6nch mit dem friedlichen Gesichtsausdruck gibt seine Quelle der Kraft an die Umgebung weiter und sorgt f\u00fcr Harmonie und Entspannung.<\/p>\n<p>Das Lebensexlixier Wasser belebt Wohnzimmer, Esszimmer, Flure und Eingangsbereiche, Winterg\u00e4rten oder Balkone, Terrassen und G\u00e4rten im privaten wie gewerblichen Umfeld.<\/p>\n<\/p>\n<p>\n<strong>Perfekter Blickfang<\/strong><\/p>\n<p>Der Gartenbrunnen ist sowohl bei Tag als auch bei Nacht der perfekte Hingucker. Die mitgelieferte LED-Beleuchtung sorgt f\u00fcr die perfekte Illumination. Die LED-Lichter des austauschbaren LED-Rings erstrahlen in klassischem Wei\u00df.<\/p>\n<p>\n<strong>Werthaltig, best\u00e4ndig &amp; betriebssicher<\/strong><\/p>\n<p>Der moderne Zierbrunnen mit LED-Beleuchtung ist f\u00fcr den 230-Volt-Betrieb vorgesehen. Die Pumpe und die LEDs werden mit sicherer 12V-Niederspannung betrieben (Adapter im Lieferumfang enthalten). Alle Kabelverbindungen sind verpolungssicher, wasserdicht und absolut funktionssicher. Dank praktischer Steckverbindungen sind alle Komponenten jederzeit austauschbar. So k\u00f6nnen Sie den Wasserbrunnen ZHEN KRAFT-QUELLE und das flie\u00dfende Wasser jahrelang genie\u00dfen!<\/p>\n<p style=\"font-size:11px;\"><b>Pr\u00e1vn\u00ed upozorn\u011bn\u00ed:<\/b> Na\u0161e v\u00fdrobky jsou barveny ru\u010dn\u011b, tak\u017ee se nelze vyhnout barevn\u00fdm odchylk\u00e1m. Krom\u011b toho se m\u016f\u017ee st\u00e1t, \u017ee v d\u016fsledku sv\u011bteln\u00fdch podm\u00ednek p\u0159i fotografov\u00e1n\u00ed v\u00fdrobku a r\u016fzn\u00fdch nastaven\u00ed obrazovky nebude barva v\u00fdrobku reprodukov\u00e1na autenticky, a proto nen\u00ed d\u016fvodem k reklamaci.<\/p>\n<p><p><b>Pozn\u00e1mka:<\/b> Frost kann zu Sch\u00e4den am Gartenbrunnen und der Pumpe f\u00fchren. Bei Frostgefahr muss der <b>Gartenbrunnen und die Pumpe entleert werden<\/b>, mit klarem Wasser gesp\u00fclt und trocken eingelagert werden. Dann haben Sie sehr lange Freude daran!<\/p>\n<\/p><\/div>\n<h3>Mnoho dobr\u00fdch d\u016fvod\u016f, pro\u010d byste si m\u011bli koupit tento produkt:<\/h3>\n<div class=\"sale_motive\">\n<ul>\n<li>Steckfertiger, sofort einsatzbereiter Gartenbrunnen<\/li>\n<li>Indoor- und Outdoor-Brunnen<\/li>\n<li>m\u00e1 povzbuzuj\u00edc\u00ed \u00fa\u010dinek na smysly.<\/li>\n<li>zlep\u0161uje kvalitu ovzdu\u0161\u00ed<\/li>\n<li>Dekorativn\u00ed a u\u017eite\u010dn\u00e9<\/li>\n<li>S p\u0159ipojen\u00edm 230V\/12V<\/li>\n<li>Inkl. LED-Ring<\/li>\n<\/ul>\n<\/div>","protected":false},"excerpt":{"rendered":"<p>Gartenbrunnen ZHEN KRAFT-QUELLE mit LED-Ring (1*6 wei\u00df) und 230\/12V-Netzadapter. F\u00fcr den Innen- und Au\u00dfenbereich.<\/p>","protected":false},"featured_media":37655,"comment_status":"open","ping_status":"closed","template":"","meta":[],"product_cat":[318,254,319],"product_tag":[],"class_list":{"0":"post-30418","1":"product","2":"type-product","3":"status-publish","4":"has-post-thumbnail","6":"product_cat-gartenbrunnen","7":"product_cat-brunnen-mit-230-v-betrieb","8":"product_cat-zimmerbrunnen","10":"first","11":"instock","12":"taxable","13":"shipping-taxable","14":"purchasable","15":"product-type-simple"},"_links":{"self":[{"href":"http:\/\/igel.wovodo.de:8085\/cs\/wp-json\/wp\/v2\/product\/30418","targetHints":{"allow":["GET"]}}],"collection":[{"href":"http:\/\/igel.wovodo.de:8085\/cs\/wp-json\/wp\/v2\/product"}],"about":[{"href":"http:\/\/igel.wovodo.de:8085\/cs\/wp-json\/wp\/v2\/types\/product"}],"replies":[{"embeddable":true,"href":"http:\/\/igel.wovodo.de:8085\/cs\/wp-json\/wp\/v2\/comments?post=30418"}],"version-history":[{"count":2,"href":"http:\/\/igel.wovodo.de:8085\/cs\/wp-json\/wp\/v2\/product\/30418\/revisions"}],"predecessor-version":[{"id":38707,"href":"http:\/\/igel.wovodo.de:8085\/cs\/wp-json\/wp\/v2\/product\/30418\/revisions\/38707"}],"wp:featuredmedia":[{"embeddable":true,"href":"http:\/\/igel.wovodo.de:8085\/cs\/wp-json\/wp\/v2\/media\/37655"}],"wp:attachment":[{"href":"http:\/\/igel.wovodo.de:8085\/cs\/wp-json\/wp\/v2\/media?parent=30418"}],"wp:term":[{"taxonomy":"product_cat","embeddable":true,"href":"http:\/\/igel.wovodo.de:8085\/cs\/wp-json\/wp\/v2\/product_cat?post=30418"},{"taxonomy":"product_tag","embeddable":true,"href":"http:\/\/igel.wovodo.de:8085\/cs\/wp-json\/wp\/v2\/product_tag?post=30418"}],"curies":[{"name":"wp","href":"https:\/\/api.w.org\/{rel}","templated":true}]}}