{"id":30313,"date":"2024-10-31T14:08:19","date_gmt":"2024-10-31T13:08:19","guid":{"rendered":"http:\/\/igel.wovodo.de:8085\/product\/wanddurchfuehrung-fuer-regentonnen\/"},"modified":"2025-01-27T12:29:46","modified_gmt":"2025-01-27T11:29:46","slug":"wanddurchfuehrung-fuer-regentonnen","status":"publish","type":"product","link":"http:\/\/igel.wovodo.de:8085\/cs\/product\/wanddurchfuehrung-fuer-regentonnen\/","title":{"rendered":"Wanddurchf\u00fchrung f\u00fcr Regentonnen"},"content":{"rendered":"<div class=\"sale_application\">\n<ul>\n<li>Montage-Set zur Befestigung eines Schlauchs an einem Regenwasserbeh\u00e4lter<\/li>\n<\/ul><\/div>\n<div class=\"sale_description\">\n<p>Hier erhalten Sie eine Wanddurchf\u00fchrung\/ einen Fassanschluss\/ eine Tankdurchf\u00fchrung.<\/p>\n<p> Mit diesem Montage-Set haben Sie die M\u00f6glichkeit einen Schlauch an einer Regentonne zu befestigen.<\/p>\n<p> Das Montage-Set besteht aus einer Schraubenmutter, einem O-Ring und einer T\u00fclle.<\/p>\n<p> Die Wandbohrung im Regenwasserbeh\u00e4lter zur Befestigung der Wanddurchf\u00fchrung sollte ca. 3cm betragen.<\/p>\n<\/p><\/div>\n<h3>Mnoho dobr\u00fdch d\u016fvod\u016f, pro\u010d byste si m\u011bli koupit tento produkt:<\/h3>\n<div class=\"sale_motive\">\n<ul>\n<li>Dichtet Zulauf- oder Abgangs\u00f6ffnungen in der Regentonne ab<\/li>\n<li>Montage-Set zur effektiven Regenwassernutzung<\/li>\n<\/ul>\n<\/div>","protected":false},"excerpt":{"rendered":"<p>Wanddurchf\u00fchrung\/ Fassanschluss &#8211; Dichtet Zulauf- oder Abgangs\u00f6ffnungen in der Regentonne ab.<br \/>(5\/4 Zoll) Zoll Schlauchstutzen<\/p>","protected":false},"featured_media":32450,"comment_status":"open","ping_status":"closed","template":"","meta":[],"product_cat":[286,282],"product_tag":[],"class_list":{"0":"post-30313","1":"product","2":"type-product","3":"status-publish","4":"has-post-thumbnail","6":"product_cat-einzelteile-fallrohr-filter","7":"product_cat-zubehoer-regentonnen","9":"first","10":"instock","11":"taxable","12":"shipping-taxable","13":"purchasable","14":"product-type-simple"},"_links":{"self":[{"href":"http:\/\/igel.wovodo.de:8085\/cs\/wp-json\/wp\/v2\/product\/30313","targetHints":{"allow":["GET"]}}],"collection":[{"href":"http:\/\/igel.wovodo.de:8085\/cs\/wp-json\/wp\/v2\/product"}],"about":[{"href":"http:\/\/igel.wovodo.de:8085\/cs\/wp-json\/wp\/v2\/types\/product"}],"replies":[{"embeddable":true,"href":"http:\/\/igel.wovodo.de:8085\/cs\/wp-json\/wp\/v2\/comments?post=30313"}],"version-history":[{"count":1,"href":"http:\/\/igel.wovodo.de:8085\/cs\/wp-json\/wp\/v2\/product\/30313\/revisions"}],"predecessor-version":[{"id":34929,"href":"http:\/\/igel.wovodo.de:8085\/cs\/wp-json\/wp\/v2\/product\/30313\/revisions\/34929"}],"wp:featuredmedia":[{"embeddable":true,"href":"http:\/\/igel.wovodo.de:8085\/cs\/wp-json\/wp\/v2\/media\/32450"}],"wp:attachment":[{"href":"http:\/\/igel.wovodo.de:8085\/cs\/wp-json\/wp\/v2\/media?parent=30313"}],"wp:term":[{"taxonomy":"product_cat","embeddable":true,"href":"http:\/\/igel.wovodo.de:8085\/cs\/wp-json\/wp\/v2\/product_cat?post=30313"},{"taxonomy":"product_tag","embeddable":true,"href":"http:\/\/igel.wovodo.de:8085\/cs\/wp-json\/wp\/v2\/product_tag?post=30313"}],"curies":[{"name":"wp","href":"https:\/\/api.w.org\/{rel}","templated":true}]}}