{"id":30258,"date":"2024-10-31T14:07:44","date_gmt":"2024-10-31T13:07:44","guid":{"rendered":"http:\/\/igel.wovodo.de:8085\/product\/pe-well-schlauch-5-4-zoll-ca-110cm-lang-braun\/"},"modified":"2025-01-27T12:29:25","modified_gmt":"2025-01-27T11:29:25","slug":"pe-well-schlauch-5-4-zoll-ca-110cm-lang-braun","status":"publish","type":"product","link":"http:\/\/igel.wovodo.de:8085\/cs\/product\/pe-well-schlauch-5-4-zoll-ca-110cm-lang-braun\/","title":{"rendered":"PE-Well-Schlauch, (5\/4 Zoll) ca. 110cm lang, braun"},"content":{"rendered":"<div class=\"sale_description\">\n<p>Knickstabiler <b>5\/4 Zoll PE-Well-Schlauch<\/b> passend zum Filter T33 mit Anschn\u00e4belung zwecks besserer Anschlu\u00dfm\u00f6glichkeit zur Wanddurchf\u00fchrung.<\/p>\n<\/div>\n<h3>Mnoho dobr\u00fdch d\u016fvod\u016f, pro\u010d byste si m\u011bli koupit tento produkt:<\/h3>\n<div class=\"sale_motive\">\n<ul>\n<li>frostbest\u00e4ndiger &amp; knickstabiler PE-Well-Schlauch<\/li>\n<li>passend zum Filter T33<\/li>\n<li>in zwei Farben erh\u00e4ltlich<\/li>\n<li>in verschiedenen L\u00e4ngen erh\u00e4ltlich<\/li>\n<li>optimales Zubeh\u00f6r zur Regenwassernutzung in Haus &amp; Garten<\/li>\n<li>mit Anschn\u00e4belung zwecks besserer Anschlu\u00dfm\u00f6glichkeit zur Wanddurchf\u00fchrung<\/li>\n<\/ul>\n<\/div>","protected":false},"excerpt":{"rendered":"<p>Knickstabiler 5\/4 Zoll PE-Well-Schlauch passend zum Filter T33 mit Anschn\u00e4belung zwecks besserer Anschlu\u00dfm\u00f6glichkeit zur Wanddurchf\u00fchrung. Viele gute Gr\u00fcnde, warum Sie<\/p>","protected":false},"featured_media":31238,"comment_status":"open","ping_status":"closed","template":"","meta":[],"product_cat":[284,286,282],"product_tag":[],"class_list":{"0":"post-30258","1":"product","2":"type-product","3":"status-publish","4":"has-post-thumbnail","6":"product_cat-5-4-zoll","7":"product_cat-einzelteile-fallrohr-filter","8":"product_cat-zubehoer-regentonnen","10":"first","11":"outofstock","12":"taxable","13":"shipping-taxable","14":"purchasable","15":"product-type-simple"},"_links":{"self":[{"href":"http:\/\/igel.wovodo.de:8085\/cs\/wp-json\/wp\/v2\/product\/30258","targetHints":{"allow":["GET"]}}],"collection":[{"href":"http:\/\/igel.wovodo.de:8085\/cs\/wp-json\/wp\/v2\/product"}],"about":[{"href":"http:\/\/igel.wovodo.de:8085\/cs\/wp-json\/wp\/v2\/types\/product"}],"replies":[{"embeddable":true,"href":"http:\/\/igel.wovodo.de:8085\/cs\/wp-json\/wp\/v2\/comments?post=30258"}],"version-history":[{"count":1,"href":"http:\/\/igel.wovodo.de:8085\/cs\/wp-json\/wp\/v2\/product\/30258\/revisions"}],"predecessor-version":[{"id":34874,"href":"http:\/\/igel.wovodo.de:8085\/cs\/wp-json\/wp\/v2\/product\/30258\/revisions\/34874"}],"wp:featuredmedia":[{"embeddable":true,"href":"http:\/\/igel.wovodo.de:8085\/cs\/wp-json\/wp\/v2\/media\/31238"}],"wp:attachment":[{"href":"http:\/\/igel.wovodo.de:8085\/cs\/wp-json\/wp\/v2\/media?parent=30258"}],"wp:term":[{"taxonomy":"product_cat","embeddable":true,"href":"http:\/\/igel.wovodo.de:8085\/cs\/wp-json\/wp\/v2\/product_cat?post=30258"},{"taxonomy":"product_tag","embeddable":true,"href":"http:\/\/igel.wovodo.de:8085\/cs\/wp-json\/wp\/v2\/product_tag?post=30258"}],"curies":[{"name":"wp","href":"https:\/\/api.w.org\/{rel}","templated":true}]}}