{"id":30248,"date":"2024-10-31T14:07:39","date_gmt":"2024-10-31T13:07:39","guid":{"rendered":"http:\/\/igel.wovodo.de:8085\/product\/3-pumpe-brunnen-star-750-4-impellerpumpe\/"},"modified":"2025-01-27T12:29:22","modified_gmt":"2025-01-27T11:29:22","slug":"3-pumpe-brunnen-star-750-4-impellerpumpe","status":"publish","type":"product","link":"http:\/\/igel.wovodo.de:8085\/cs\/product\/3-pumpe-brunnen-star-750-4-impellerpumpe\/","title":{"rendered":"3&#8243; Pumpe BRUNNEN-STAR 750-4, Impellerpumpe"},"content":{"rendered":"<div class=\"sale_application\">\n<ul>\n<li>f\u00fcr Tiefbrunnenbohrungen mit mind. 80mm Durchmesser<\/li>\n<li>zur Hauswasserversorgung<\/li>\n<li>zur Bew\u00e4sserung<\/li>\n<li>zur Beregnung<\/li>\n<li>f\u00fcr Anwendungen im Umweltschutz <\/li>\n<li>bei Grundwasserabsenkung<\/li>\n<li>pro pln\u011bn\u00ed n\u00e1dob<\/li>\n<\/ul>\n<\/div>\n<div class=\"sale_description\">\n<p>Robuste, stabile Tiefbrunnenpumpe aus rostfreiem Edelsstahl f\u00fcr tiefe Brunnenbohrungen (bis ca 55m). Mit dieser robusten, sandvertr\u00e4glichen Tiefbrunnenpumpe ist die F\u00f6rderung von Wasser aus extrem tiefen Bohrungen, Brunnen bzw. Wasserreservoirs kein Problem.<\/p>\n<p>Die Impeller-Brunnenpumpe f\u00f6rdert dies mit hohem Druck weiter an die Abnahmestelle. Bei gleicher elektrischen Leistung f\u00f6rdert diese 3&#8243;-Brunnenpumpe dank der besonderen Bauweise wesentlich mehr Wasser als andere Pumpen mit vergleichbarem Verbrauch von elektrischen Energie. Daher bezeichnen wir diese Tiefbrunnenpumpe als echte ENERGIE-SPARPUMPE!<\/p>\n<p>Die Impellerpumpe hat einen Durchmesser von 78mm und erbringt eine F\u00f6rdermenge von 2.000 Liter pro Stunde und einen F\u00f6rderdruck von 5,3bar. Das Kabel ist 15m lang.<\/p>\n<p>Noch mehr <b>Energie und Kosten sparen<\/b> Sie, wenn Sie Ihre Pumpe mit einem <b>effizienten<\/b> Pumpen-Inverter erg\u00e4nzen. Unterst\u00fctzen Sie mit intelligenter Technik den <b>Klima- und Umweltschutz, sparen Sie Stromkosten und sorgen teuren Reparaturen und Wartungsarbeiten<\/b> vor. Die Inverter-Steuerung sorgt f\u00fcr besonders schonenden Pumpenbetrieb frei von Druckschl\u00e4gen.<\/p>\n<p>Bitte beachten: F\u00fcr die richtige Funktion der INVERTER-Pumpensteuerung MUSS ein Druckausdehnungsgef\u00e4\u00df \/Drucktank  in der Druckleitung in unmittelbarer N\u00e4he der Steuerung vorhanden sein. Bei unserer Zubeh\u00f6r-Auswahl k\u00f6nnen Sie f\u00fcr einen kleinen Aufpreis einen hochwertigen Drucktank mitbestellen.<\/p>\n<p>Ein Drucktank verl\u00e4ngert ma\u00dfgeblich die Lebensdauer von Tauch-, Kreisel-, Brunnenpumpen oder Hauswasserwerken. Typischerweise hat das im Haus ankommendes Trink- und Brauchwasser (z.B. aus Zisternen) eine Temperatur von ca 5-10\u00b0C. Im Hauskeller kann sich das Wasser auf bis zu 30\u00b0C erw\u00e4rmen. Dadurch kann der Leitungsdruck bis auf ca. 10-15bar steigen. Viele Bauteile, wie etwa Wasser-Vorfilter oder die Wasserleitungen selbst, k\u00f6nnen diesem Druck nicht standhalten und bersten infolgedessen. Der Drucktank nimmt die Wasserausdehnung auf, sodass Druckanstieg in den Leitungen und Sch\u00e4den zuverl\u00e4ssig vermieden werden. Beim Ein- und Ausschalten von Pumpen kommt es zu Druckschl\u00e4gen in den Wasserleitungen.<br \/>\nDer Drucktank puffert die Druckschwankungen ab. Druckschl\u00e4ge werden vermieden. Der Drucktank sch\u00fctzt die Pumpe sowie Bauteile und Wasserleitungen.Das Ausdehnungsgef\u00e4\u00df tr\u00e4gt au\u00dferdem zur K\u00fchlung der Pumpe bei und hilft, die Pumpe zu schonen.<\/p>\n<\/div>\n<h3>Mnoho dobr\u00fdch d\u016fvod\u016f, pro\u010d byste si m\u011bli koupit tento produkt:<\/h3>\n<div class=\"sale_motive\">\n<ul>\n<li>durch wartungs- und leckfreie mechanische Dichtung hat die Pumpe viel h\u00f6here Lebensdauer als herk\u00f6mmliche Pumpen<\/li>\n<li>leistungsstarke, solide Qualit\u00e4ts-Tiefbrunnenpumpe mit max<span class=\"high\"> 5,3bar<\/span> und max <span class=\"high\">2.000l\/h<\/span>\n<\/li>\n<li>f\u00fcr tiefe Brunnenbohrungen bis ca. 55m\n<\/li>\n<li>Pumpendurchmesser: 78 mm\n<\/li>\n<li>ausgezeichnetes Preis- \/ Leistungsverh\u00e4ltnis!\n<\/li>\n<li>solide, kompakt und zuverl\u00e4ssig\n<\/li>\n<li>robustes rostfreies Edelstahlgeh\u00e4use mit Messingteilen\n<\/li>\n<li><span style=\"font-size: 16px\"><strong>Handwerker-Qualit\u00e4t<\/strong> <\/span>\n<\/li>\n<li>keine Ansaugung von Bodensediment durch seitliche Ansaugung\n<\/li>\n<li>hochwertiger gekapselter Elektromotor\n<\/li>\n<li>keine Klarwasser, sondern &#8220;SANDVERTR\u00c4GLICHE BRUNNENPUMPE&#8221;\n<\/li>\n<li>mit Anschlu\u00dfbox, Kondensator im Geh\u00e4use integriert\n  <\/li>\n<\/ul>\n<\/div>","protected":false},"excerpt":{"rendered":"<p>3 Zoll | 750 Watt | 2.000 l\/h<br \/>\n  F\u00f6rderh\u00f6he max. 53m | F\u00f6rderdruck max. 5,3bar<\/p>","protected":false},"featured_media":36811,"comment_status":"open","ping_status":"closed","template":"","meta":[],"product_cat":[204,411,267],"product_tag":[],"class_list":{"0":"post-30248","1":"product","2":"type-product","3":"status-publish","4":"has-post-thumbnail","6":"product_cat-brunnenpumpen","7":"product_cat-3-zoll-schraubenpumpe","8":"product_cat-sandvertraeglich","10":"first","11":"instock","12":"taxable","13":"shipping-taxable","14":"purchasable","15":"product-type-simple"},"_links":{"self":[{"href":"http:\/\/igel.wovodo.de:8085\/cs\/wp-json\/wp\/v2\/product\/30248","targetHints":{"allow":["GET"]}}],"collection":[{"href":"http:\/\/igel.wovodo.de:8085\/cs\/wp-json\/wp\/v2\/product"}],"about":[{"href":"http:\/\/igel.wovodo.de:8085\/cs\/wp-json\/wp\/v2\/types\/product"}],"replies":[{"embeddable":true,"href":"http:\/\/igel.wovodo.de:8085\/cs\/wp-json\/wp\/v2\/comments?post=30248"}],"version-history":[{"count":4,"href":"http:\/\/igel.wovodo.de:8085\/cs\/wp-json\/wp\/v2\/product\/30248\/revisions"}],"predecessor-version":[{"id":39481,"href":"http:\/\/igel.wovodo.de:8085\/cs\/wp-json\/wp\/v2\/product\/30248\/revisions\/39481"}],"wp:featuredmedia":[{"embeddable":true,"href":"http:\/\/igel.wovodo.de:8085\/cs\/wp-json\/wp\/v2\/media\/36811"}],"wp:attachment":[{"href":"http:\/\/igel.wovodo.de:8085\/cs\/wp-json\/wp\/v2\/media?parent=30248"}],"wp:term":[{"taxonomy":"product_cat","embeddable":true,"href":"http:\/\/igel.wovodo.de:8085\/cs\/wp-json\/wp\/v2\/product_cat?post=30248"},{"taxonomy":"product_tag","embeddable":true,"href":"http:\/\/igel.wovodo.de:8085\/cs\/wp-json\/wp\/v2\/product_tag?post=30248"}],"curies":[{"name":"wp","href":"https:\/\/api.w.org\/{rel}","templated":true}]}}