{"id":30202,"date":"2024-10-31T14:07:09","date_gmt":"2024-10-31T13:07:09","guid":{"rendered":"http:\/\/igel.wovodo.de:8085\/product\/zaehlwerk-fuer-exelenz-2-1-120l-min-mechanisch\/"},"modified":"2025-01-27T12:29:09","modified_gmt":"2025-01-27T11:29:09","slug":"zaehlwerk-fuer-exelenz-2-1-120l-min-mechanisch","status":"publish","type":"product","link":"http:\/\/igel.wovodo.de:8085\/cs\/product\/zaehlwerk-fuer-exelenz-2-1-120l-min-mechanisch\/","title":{"rendered":"Z\u00e4hlwerk f\u00fcr EXELENZ 2.1, 120L\/Min, mechanisch"},"content":{"rendered":"<div class=\"sale_description\">\n<p>Die Messung der abgegebenen Menge erfolgt durch ein Getriebe hinter dem Z\u00e4hlwerk. Die Durchflusskammer des Z\u00e4hlwerks und das Getriebe sind abgedichtet. Es kann keine Fl\u00fcssigkeit ins Getriebe oder in das Z\u00e4hlwerk gelangen. Die Durchflussmenge auf der 3stelligen Anzeige wird in Liter angezeigt.<\/p>\n<p>Vor jedem Betankungsvorgang sollte das Z\u00e4hlwerk mit dem Stellrad auf Null gestellt werden. Das Gesamtz\u00e4hlwerk mit 6 Stellen kann nicht zur\u00fcckgesetzt werden. Da alle Z\u00e4hlwerke beim Hersteller gepr\u00fcft werden, kann das Gesamtz\u00e4hlwerk mehr als 0,0 Liter anzeigen.<\/p><\/div>\n<h3>Mnoho dobr\u00fdch d\u016fvod\u016f, pro\u010d byste si m\u011bli koupit tento produkt:<\/h3>\n<div class=\"sale_motive\">\n<ul>\n<li>Universaleinsatz f\u00fcr verschiedene Fl\u00fcssigkeiten (Diesel, \u00d6l&#8230;)\n<li>Pr\u00e4zise Messung von Durchflu\u00df und Menge\n<li>Verstellbare Anzeige\n<li>Sto\u00dfschutz\n<li>Leichte Handhabung\n<li>Einfache Kalibrierung und Betrieb\n<li>Das Z\u00e4hlwerk ist ideal zur Messung von Diesel oder anderen Fl\u00fcssigkeiten mit geringer Viskosit\u00e4t.<\/div>","protected":false},"excerpt":{"rendered":"<p>Die Messung der abgegebenen Menge erfolgt durch ein Getriebe hinter dem Z\u00e4hlwerk. Die Durchflusskammer des Z\u00e4hlwerks und das Getriebe sind<\/p>","protected":false},"featured_media":32103,"comment_status":"open","ping_status":"closed","template":"","meta":[],"product_cat":[195],"product_tag":[],"class_list":{"0":"post-30202","1":"product","2":"type-product","3":"status-publish","4":"has-post-thumbnail","6":"product_cat-diesel-zubehoer","8":"first","9":"instock","10":"taxable","11":"shipping-taxable","12":"purchasable","13":"product-type-simple"},"_links":{"self":[{"href":"http:\/\/igel.wovodo.de:8085\/cs\/wp-json\/wp\/v2\/product\/30202","targetHints":{"allow":["GET"]}}],"collection":[{"href":"http:\/\/igel.wovodo.de:8085\/cs\/wp-json\/wp\/v2\/product"}],"about":[{"href":"http:\/\/igel.wovodo.de:8085\/cs\/wp-json\/wp\/v2\/types\/product"}],"replies":[{"embeddable":true,"href":"http:\/\/igel.wovodo.de:8085\/cs\/wp-json\/wp\/v2\/comments?post=30202"}],"version-history":[{"count":1,"href":"http:\/\/igel.wovodo.de:8085\/cs\/wp-json\/wp\/v2\/product\/30202\/revisions"}],"predecessor-version":[{"id":34818,"href":"http:\/\/igel.wovodo.de:8085\/cs\/wp-json\/wp\/v2\/product\/30202\/revisions\/34818"}],"wp:featuredmedia":[{"embeddable":true,"href":"http:\/\/igel.wovodo.de:8085\/cs\/wp-json\/wp\/v2\/media\/32103"}],"wp:attachment":[{"href":"http:\/\/igel.wovodo.de:8085\/cs\/wp-json\/wp\/v2\/media?parent=30202"}],"wp:term":[{"taxonomy":"product_cat","embeddable":true,"href":"http:\/\/igel.wovodo.de:8085\/cs\/wp-json\/wp\/v2\/product_cat?post=30202"},{"taxonomy":"product_tag","embeddable":true,"href":"http:\/\/igel.wovodo.de:8085\/cs\/wp-json\/wp\/v2\/product_tag?post=30202"}],"curies":[{"name":"wp","href":"https:\/\/api.w.org\/{rel}","templated":true}]}}