{"id":30149,"date":"2024-10-31T14:06:39","date_gmt":"2024-10-31T13:06:39","guid":{"rendered":"http:\/\/igel.wovodo.de:8085\/product\/profi-airbrush-mini-kompressor-sets-carry-iv-tc-mit-zubehoerauswahl\/"},"modified":"2025-01-27T12:28:54","modified_gmt":"2025-01-27T11:28:54","slug":"profi-airbrush-mini-kompressor-sets-carry-iv-tc-mit-zubehoerauswahl","status":"publish","type":"product","link":"http:\/\/igel.wovodo.de:8085\/cs\/product\/profi-airbrush-mini-kompressor-sets-carry-iv-tc-mit-zubehoerauswahl\/","title":{"rendered":"Profi-AirBrush Mini Kompressor-Sets Carry IV-TC mit Zubeh\u00f6rauswahl"},"content":{"rendered":"<div class=\"sale_application\">\n<p>M\u00f6gliche Anwendungsgebiete neben Nail-Art: Kosmetik &amp; Beauty (Makeup, Haart\u00f6nung, Haarpflege, Spray Tanning), K\u00f6rper-Kunst (Body-Painting, Tattoo, Maskengestaltung), Hobby (Blumen\/ Gestecke, Modellbau, Keramik\/ Tonwaren, Textilien), kleinere Kfz-Designs (Tankdeckel\/ Helme), technische Illustrationen\/ Fotonachbesserungen und die Dekoration von Lebensmitteln (Torten\/ Cupcakes). Es stehen Ihnen praktisch unbegrenzte M\u00f6glichkeiten f\u00fcr Airbrushing zur Verf\u00fcgung.<\/p>\n<\/p><\/div>\n<div class=\"sale_description\">\n<p>Der \u00f6l- und wartungsfreie <b>Mini-Airbrush-Kompressor Carry IV-TC <\/b>ist mit einer innovativen <b>Sensor-Touch-Control-Technologie<\/b> a <b>5 Power-Stufen<\/b> ausgestattet. Der Airbrush-Kompressor Carry IV ist f\u00fcr alle Arbeiten mit handels\u00fcblichen Airbrush Farben geeignet.<\/p>\n<p>Mit nur 47dB erm\u00f6glicht der Mini-Kompressor angenehmes Arbeiten auch in kleineren, geschlossenen R\u00e4umen (bitte f\u00fcr eine Farbnebelabsaugung sorgen). Sein kompaktes Design, geringes Gewicht und die mitgelieferte Universal-Airbrush-Pistole erleichtern den mobilen Einsatz. Dieser kompakte Mini-Kompressor f\u00fcr Airbrush ist perfekt geeignet, um kleinere Arbeiten unterwegs zu erledigen. Der Mini-Airbrush-Kompressor mit Top-Technik ist in <b>4 attraktiven Farben<\/b> erh\u00e4ltlich: <b>schwarz, wei&szlig;, violett<\/b> a <b>pink<\/b>. W&auml;hlen Sie unter AirBrush mini Kompressor Ihren Favorit.<\/p>\n<p>Der Airbrush-Kompressor kommt als <b>Set inklusive Airbrush-Pistole<\/b>: Die Airbrush-Pistole <b>&#8220;Single-Action-Gun 208 D 0,4&#8221;<\/b> ist ein Zweistoff-Zerst\u00e4uber, der nach dem Prinzip einer Strahlpumpe arbeitet, wobei Druckluft als Treibmittel verwendet wird. In Abh\u00e4ngigkeit von der St\u00e4rke des Luftstroms und der Menge der Farbe, kann man mit einer Airbushpistole feinste Linien aber auch gro\u00dfe Fl\u00e4chen malen. Man kann Farbe deckend aufspr\u00fchen aber auch einen transparenten Farbfilm airbrushen.<\/p>\n<p><b>Weiteres Zubeh\u00f6r wie Farben, Reinigungsprodukte oder eine weitere Airbrush-Pistole k\u00f6nnen Sie kosteng\u00fcnstig bei der Auswahl <font color=\"#F60C0C\">&#8220;Optionales Zubeh\u00f6r bitte hier ausw\u00e4hlen&#8221;<\/font> zus\u00e4tzlich bestellen! So sparen Sie sich weitere Versandkosten!<\/b><\/p>\n<\/div>\n<h3>Mnoho dobr\u00fdch d\u016fvod\u016f, pro\u010d byste si m\u011bli koupit tento produkt:<\/h3>\n<div class=\"sale_motive\">\n<ul>\n<li><strong>vielf\u00e4ltige Einsatzgebiete mit Standard-Anforderungen<\/strong><\/li>\n<li><strong>innovative Sensor-Touch-Control-Technologie<\/strong><\/li>\n<li><strong>in 5 Power-Stufen leicht regelbare Kompressorleistung<\/strong><\/li>\n<li>Ide\u00e1ln\u00ed pro mobiln\u00ed pou\u017eit\u00ed<\/li>\n<li>P\u0159enosn\u00e9 a rychle p\u0159ipraven\u00e9 k pou\u017eit\u00ed<\/li>\n<li>Single-Action Trigger Air-Paint-Control-Pistole<\/li>\n<li>\u00d6l- und wartungsfreier Kompressor<\/li>\n<li>Kompressor-Anschluss: T\u00fclle f\u00fcr Standardschlauch (passend f\u00fcr alle g\u00e4ngigen Airbrushpistolen)<\/li>\n<li><strong>fl\u00fcsterleiser Betrieb ca. 47dB <\/strong>(Zum Vergleich: ein normales Gespr\u00e4ch in 1m Abstand = 60dB)<\/li>\n<\/ul>\n<\/div>","protected":false},"excerpt":{"rendered":"<p>Mini Airbrush Kompressor Set in <b>4 Ger&auml;te-Farben<\/b><br \/>\n  10 Watt | Pmax 0,35 &#8211; 1,7 bar<\/p>\n<p>Mit <b>Sensor-Touch-Technologie<\/b> a <b>5 Power-Stufen<\/b>!<\/p>\n<p><font color=\"#FF0000\"><strong>Neu!<\/strong><\/font><\/p>","protected":false},"featured_media":36775,"comment_status":"open","ping_status":"closed","template":"","meta":[],"product_cat":[185],"product_tag":[],"class_list":{"0":"post-30149","1":"product","2":"type-product","3":"status-publish","4":"has-post-thumbnail","6":"product_cat-airbrush-sets","8":"first","9":"outofstock","10":"taxable","11":"shipping-taxable","12":"purchasable","13":"product-type-simple"},"_links":{"self":[{"href":"http:\/\/igel.wovodo.de:8085\/cs\/wp-json\/wp\/v2\/product\/30149","targetHints":{"allow":["GET"]}}],"collection":[{"href":"http:\/\/igel.wovodo.de:8085\/cs\/wp-json\/wp\/v2\/product"}],"about":[{"href":"http:\/\/igel.wovodo.de:8085\/cs\/wp-json\/wp\/v2\/types\/product"}],"replies":[{"embeddable":true,"href":"http:\/\/igel.wovodo.de:8085\/cs\/wp-json\/wp\/v2\/comments?post=30149"}],"version-history":[{"count":1,"href":"http:\/\/igel.wovodo.de:8085\/cs\/wp-json\/wp\/v2\/product\/30149\/revisions"}],"predecessor-version":[{"id":34767,"href":"http:\/\/igel.wovodo.de:8085\/cs\/wp-json\/wp\/v2\/product\/30149\/revisions\/34767"}],"wp:featuredmedia":[{"embeddable":true,"href":"http:\/\/igel.wovodo.de:8085\/cs\/wp-json\/wp\/v2\/media\/36775"}],"wp:attachment":[{"href":"http:\/\/igel.wovodo.de:8085\/cs\/wp-json\/wp\/v2\/media?parent=30149"}],"wp:term":[{"taxonomy":"product_cat","embeddable":true,"href":"http:\/\/igel.wovodo.de:8085\/cs\/wp-json\/wp\/v2\/product_cat?post=30149"},{"taxonomy":"product_tag","embeddable":true,"href":"http:\/\/igel.wovodo.de:8085\/cs\/wp-json\/wp\/v2\/product_tag?post=30149"}],"curies":[{"name":"wp","href":"https:\/\/api.w.org\/{rel}","templated":true}]}}