{"id":30131,"date":"2024-10-31T14:06:30","date_gmt":"2024-10-31T13:06:30","guid":{"rendered":"http:\/\/igel.wovodo.de:8085\/product\/mauerdurchfuehrung-dn-100-fuer-nichtdrueckendes-wasser\/"},"modified":"2025-01-27T12:28:50","modified_gmt":"2025-01-27T11:28:50","slug":"mauerdurchfuehrung-dn-100-fuer-nichtdrueckendes-wasser","status":"publish","type":"product","link":"http:\/\/igel.wovodo.de:8085\/cs\/product\/mauerdurchfuehrung-dn-100-fuer-nichtdrueckendes-wasser\/","title":{"rendered":"Mauerdurchf\u00fchrung DN 100 f\u00fcr nichtdr\u00fcckendes Wasser"},"content":{"rendered":"<div class=\"sale_description\">\n<p><p>Mauerdurchf\u00fchrungen erm\u00f6glichen einen einfachen und<br \/>  fachgerechten Mauerdurchgang f\u00fcr Rohre, Kabel, etc. Durch<br \/>  Anziehen der Muttern wird das Gummi zusammengepresst, wodurch<br \/>  sich der Umfang der Mauerdurchf\u00fchrung erh\u00f6ht und der<br \/>  Mauerdurchgang dicht verschlossen wird. Die Mauerdurchf\u00fchrung DN<br \/>  100 hat 2 \u00d6ffnungen (35mm) f\u00fcr Rohre und 3 seitliche \u00d6ffnungen<br \/>  f\u00fcr das leichte Durchf\u00fchren von Kabeln mit vormontierten<br \/>  Steckern. Mauerdurchf\u00fchrungen erm\u00f6glichen den spielendleichten,<br \/>  nachtr\u00e4glichen, Austausch von Kabeln oder Saug- \/<br \/>  Druckschl\u00e4uchen. Bei zugesch\u00e4umten Mauerdurchg\u00e4ngen ist der<br \/>  nachtr\u00e4gliche Austausch von Bauteilen nicht m\u00f6glich.<br \/>  Schlimmstenfalls sind sogar neue Erdarbeiten n\u00f6tig.<\/p>\n<p>  <\/p>\n<p class=\"high\">Lieber gleich fachgerecht, als sp\u00e4ter umst\u00e4ndlich<br \/>  und teuer!<\/p>\n<\/p>\n<\/div>","protected":false},"excerpt":{"rendered":"<p>Mauerdurchf\u00fchrungen erm\u00f6glichen einen einfachen und fachgerechten Mauerdurchgang f\u00fcr Rohre, Kabel, etc. Durch Anziehen der Muttern wird das Gummi zusammengepresst, wodurch<\/p>","protected":false},"featured_media":0,"comment_status":"open","ping_status":"closed","template":"","meta":[],"product_cat":[380,248],"product_tag":[],"class_list":{"0":"post-30131","1":"product","2":"type-product","3":"status-publish","5":"product_cat-zubehoer-komplettsysteme-regenwassernutzung-regentonne24","6":"product_cat-zubehoer-komplettsysteme","8":"first","9":"instock","10":"taxable","11":"shipping-taxable","12":"purchasable","13":"product-type-simple"},"_links":{"self":[{"href":"http:\/\/igel.wovodo.de:8085\/cs\/wp-json\/wp\/v2\/product\/30131","targetHints":{"allow":["GET"]}}],"collection":[{"href":"http:\/\/igel.wovodo.de:8085\/cs\/wp-json\/wp\/v2\/product"}],"about":[{"href":"http:\/\/igel.wovodo.de:8085\/cs\/wp-json\/wp\/v2\/types\/product"}],"replies":[{"embeddable":true,"href":"http:\/\/igel.wovodo.de:8085\/cs\/wp-json\/wp\/v2\/comments?post=30131"}],"version-history":[{"count":1,"href":"http:\/\/igel.wovodo.de:8085\/cs\/wp-json\/wp\/v2\/product\/30131\/revisions"}],"predecessor-version":[{"id":34749,"href":"http:\/\/igel.wovodo.de:8085\/cs\/wp-json\/wp\/v2\/product\/30131\/revisions\/34749"}],"wp:attachment":[{"href":"http:\/\/igel.wovodo.de:8085\/cs\/wp-json\/wp\/v2\/media?parent=30131"}],"wp:term":[{"taxonomy":"product_cat","embeddable":true,"href":"http:\/\/igel.wovodo.de:8085\/cs\/wp-json\/wp\/v2\/product_cat?post=30131"},{"taxonomy":"product_tag","embeddable":true,"href":"http:\/\/igel.wovodo.de:8085\/cs\/wp-json\/wp\/v2\/product_tag?post=30131"}],"curies":[{"name":"wp","href":"https:\/\/api.w.org\/{rel}","templated":true}]}}