{"id":30119,"date":"2024-10-31T14:06:22","date_gmt":"2024-10-31T13:06:22","guid":{"rendered":"http:\/\/igel.wovodo.de:8085\/product\/profi-airbrush-set-compact-ii-mit-tattoo-farben-und-tattoo-schablonen\/"},"modified":"2025-01-27T12:28:46","modified_gmt":"2025-01-27T11:28:46","slug":"profi-airbrush-set-compact-ii-mit-tattoo-farben-und-tattoo-schablonen","status":"publish","type":"product","link":"http:\/\/igel.wovodo.de:8085\/cs\/product\/profi-airbrush-set-compact-ii-mit-tattoo-farben-und-tattoo-schablonen\/","title":{"rendered":"Profi-AirBrush Set Compact II mit Tattoo Farben und Tattoo Schablonen"},"content":{"rendered":"<div class=\"sale_application\">\n<b><\/p>\n<p>Ide\u00e1ln\u00ed pro kosmetiku a kr\u00e1su (airbrush nail art, make-up, barven\u00ed vlas\u016f, p\u00e9\u010de o vlasy, opalov\u00e1n\u00ed ve spreji), body art (malov\u00e1n\u00ed na t\u011blo, tetov\u00e1n\u00ed, n\u00e1vrhy masek), hobby (kv\u011btiny\/ kv\u011btinov\u00e9 vazby, model\u00e1\u0159stv\u00ed, keramika\/ keramika, textil), mal\u00e9 n\u00e1vrhy aut (benzinov\u00e9 v\u00ed\u010dka\/ helmy), technick\u00e9 ilustrace\/ retu\u0161ov\u00e1n\u00ed fotografi\u00ed a zdoben\u00ed potravin (dorty\/ cupcakes). Mo\u017enosti airbrushe jsou prakticky neomezen\u00e9.<\/p>\n<p><\/b> <\/div>\n<div class=\"sale_description\">\n<p>Tento bezolejov\u00fd a bez\u00fadr\u017ebov\u00fd <strong>Airbrush Kompressor Set Compact II<\/strong> ist f\u00fcr Arbeiten mit allen handels\u00fcblichen Airbrush Farben geeignet. Mit nur 47dB erm\u00f6glicht er angenehmes Arbeiten auch in kleineren, geschlossenen R\u00e4umen. Sein kompaktes Design und der integrierte Tragegriff erleichtern den mobilen Einsatz. Die Abschaltautomatik erm\u00f6glicht einen stromsparenden Betrieb.<\/p>\n<p><b>Wir achten auf Qualit\u00e4t! Der Vorfilter hat ein Metallgeh\u00e4use. Kein Plastik! Das ist besonders wichtig, weil bei schon leichter \u00dcberbeanspruchung des Plastik-Gewindes dieses besch\u00e4digt werden kann. Dann brauchen Sie gleich einen neuen Vorfilter, den Sie teuer bezahlen m\u00fcssen.<\/b><\/p>\n<\/p>\n<p>Die Airbrush-Pistole <strong>Dvojit\u00e1 akce<\/strong> ist ein Zweistoff-Zerst\u00e4uber, der nach dem Prinzip einer Strahlpumpe arbeitet, wobei Druckluft als Treibmittel verwendet wird. In Abh\u00e4ngigkeit von der St\u00e4rke des Luftstroms und der Menge der Farbe, kann man mit einer Airbushpistole feinste Linien aber auch gro\u00dfe Fl\u00e4chen malen. Man kann Farbe deckend aufspr\u00fchen aber auch einen transparenten Farbfilm airbrushen. Bei einer Double-Action Airbrush werden Luft und Farbmenge mit einem Hebel gesteuert.<\/p>\n<p>Bei der Airbrush Pistole <strong>Single-Action-Gun 138<\/strong> wird mit dem Bedienungshebel die Luftmenge und mit einem anderen Regler die Farbmenge gesteuert. Die maximale Farbmenge kann hinten an der R\u00e4ndelschraube (Farbmengen-Regulierschraube) eingestellt werden.<\/p>\n<p><b>Die UNIVERSAL-Airbrush-Pistole <strong>&#8220;Double-Action-Gun 134s&#8221;<\/strong> ist einzigartig und einmalig f\u00fcr diese Preisklasse!<\/b><\/p>\n<p>Die Airbrush-Pistole &#8220;Double-Action-Gun 134s&#8221; mit 0,2mm \/ 0,3mm \/ 0,5mm NADEL\/D\u00dcSE Kombination und 2 verschiedenen Farbbeh\u00e4ltern (7ml und 22ml) ist besonders f\u00fcr den Beginner zum Kennenlernen der einzelnen Techniken und f\u00fcr ein z\u00fcgiges Arbeiten optimal geeignet. Damit lassen sich sowohl feine Linien ziehen, als auch gr\u00f6\u00dfere Fl\u00e4chen airbrushen. F\u00fcr gr\u00f6\u00dfere Farbmengen wird der 22ml-Glasbeh\u00e4lter und f\u00fcr kleinere Farbmengen der 7ccl Metallaufsatz verwendet. Mit der UNIVERSAL AIRBRUSH-PISTOLE DOUBLE-ACTION 134s macht das Hobby richtig Spa\u00df!<\/p>\n<\/p><\/div>\n<h3>Mnoho dobr\u00fdch d\u016fvod\u016f, pro\u010d byste si m\u011bli koupit tento produkt:<\/h3>\n<div class=\"sale_motive\">\n<ul>\n<li>energieeffizienter Einzel-Zylinder Kolbenkompressor<\/li>\n<li><b>vielf\u00e4ltige Einsatzgebiete<\/b><\/li>\n<li>P\u0159enosn\u00e9 a rychle p\u0159ipraven\u00e9 k pou\u017eit\u00ed<\/li>\n<li>Olej a bez\u00fadr\u017ebov\u00fd provoz<\/li>\n<li>Snadn\u00e1 manipulace<\/li>\n<li>Perfektn\u00ed pr\u00e1ce d\u00edky st\u00e1l\u00e9mu pracovn\u00edmu tlaku<\/li>\n<li>P\u0159ipojen\u00ed: 0,3cm (1\/8\u2033) z\u00e1vit pro v\u0161echny b\u011b\u017en\u00e9 airbrush pistole<\/li>\n<li>Ide\u00e1ln\u00ed pro mobiln\u00ed pou\u017eit\u00ed<\/li>\n<li>Tepeln\u011b chr\u00e1n\u011bn\u00e9<\/li>\n<li><b>integrierter Durchfluss- und Druckregler, Manometer, Wasserabscheider<\/b><\/li>\n<li><b>fl\u00fcsterleiser Betrieb ca. 47dB <\/b>(Zum Vergleich: eine normale Sprache in 1 m Abstand = 60dB)<\/li>\n<\/ul>\n<ul>\n<li><b>2 Pistolen und Wechselfarbbeh\u00e4lter mit bis zu 22ml erm\u00f6glichen einen schnellen Farbwechsel<\/b><\/li>\n<li><strong>Rozs\u00e1hl\u00e9 p\u0159\u00edslu\u0161enstv\u00ed<\/strong><\/li>\n<\/ul>\n<\/div>","protected":false},"excerpt":{"rendered":"<p>Robuster Airbrushkompressor vom Typ Einzel-Zylinder Kolbenkompressor<br \/>\n  mit max. Druck: 4bar | max. Luftabgabemenge: 20-25 l\/min | 125 Watt<br \/>\n  inklusive Profi-AirBrush Pistole &#8220;Gravity-Dual-Action&#8221; 134s und 1,8m Schlauch<\/p>\n<p>Ideal f\u00fcr Einsteiger und Fortgeschrittene der Airbrush Technik!<\/p>","protected":false},"featured_media":36753,"comment_status":"open","ping_status":"closed","template":"","meta":[],"product_cat":[213],"product_tag":[],"class_list":{"0":"post-30119","1":"product","2":"type-product","3":"status-publish","4":"has-post-thumbnail","6":"product_cat-airbrush-sets-mit-farben","8":"first","9":"instock","10":"taxable","11":"shipping-taxable","12":"purchasable","13":"product-type-simple"},"_links":{"self":[{"href":"http:\/\/igel.wovodo.de:8085\/cs\/wp-json\/wp\/v2\/product\/30119","targetHints":{"allow":["GET"]}}],"collection":[{"href":"http:\/\/igel.wovodo.de:8085\/cs\/wp-json\/wp\/v2\/product"}],"about":[{"href":"http:\/\/igel.wovodo.de:8085\/cs\/wp-json\/wp\/v2\/types\/product"}],"replies":[{"embeddable":true,"href":"http:\/\/igel.wovodo.de:8085\/cs\/wp-json\/wp\/v2\/comments?post=30119"}],"version-history":[{"count":1,"href":"http:\/\/igel.wovodo.de:8085\/cs\/wp-json\/wp\/v2\/product\/30119\/revisions"}],"predecessor-version":[{"id":34737,"href":"http:\/\/igel.wovodo.de:8085\/cs\/wp-json\/wp\/v2\/product\/30119\/revisions\/34737"}],"wp:featuredmedia":[{"embeddable":true,"href":"http:\/\/igel.wovodo.de:8085\/cs\/wp-json\/wp\/v2\/media\/36753"}],"wp:attachment":[{"href":"http:\/\/igel.wovodo.de:8085\/cs\/wp-json\/wp\/v2\/media?parent=30119"}],"wp:term":[{"taxonomy":"product_cat","embeddable":true,"href":"http:\/\/igel.wovodo.de:8085\/cs\/wp-json\/wp\/v2\/product_cat?post=30119"},{"taxonomy":"product_tag","embeddable":true,"href":"http:\/\/igel.wovodo.de:8085\/cs\/wp-json\/wp\/v2\/product_tag?post=30119"}],"curies":[{"name":"wp","href":"https:\/\/api.w.org\/{rel}","templated":true}]}}