{"id":30114,"date":"2024-10-31T14:06:19","date_gmt":"2024-10-31T13:06:19","guid":{"rendered":"http:\/\/igel.wovodo.de:8085\/product\/profi-airbrush-zubehoer-paket-iv\/"},"modified":"2025-01-27T12:28:45","modified_gmt":"2025-01-27T11:28:45","slug":"profi-airbrush-zubehoer-paket-iv","status":"publish","type":"product","link":"http:\/\/igel.wovodo.de:8085\/cs\/product\/profi-airbrush-zubehoer-paket-iv\/","title":{"rendered":"Profi-AirBrush Zubeh\u00f6r Paket IV"},"content":{"rendered":"<div class=\"sale_application\">\n<b><\/p>\n<p>Ide\u00e1ln\u00ed pro kosmetiku a kr\u00e1su (airbrush nail art, make-up, barven\u00ed vlas\u016f, p\u00e9\u010de o vlasy, opalov\u00e1n\u00ed ve spreji), body art (malov\u00e1n\u00ed na t\u011blo, tetov\u00e1n\u00ed, n\u00e1vrhy masek), hobby (kv\u011btiny\/ kv\u011btinov\u00e9 vazby, model\u00e1\u0159stv\u00ed, keramika\/ keramika, textil), mal\u00e9 n\u00e1vrhy aut (benzinov\u00e9 v\u00ed\u010dka\/ helmy), technick\u00e9 ilustrace\/ retu\u0161ov\u00e1n\u00ed fotografi\u00ed a zdoben\u00ed potravin (dorty\/ cupcakes). Mo\u017enosti airbrushe jsou prakticky neomezen\u00e9.<\/p>\n<p><\/b> <\/div>\n<div class=\"sale_description\"> <b>Die UNIVERSAL-Airbrush-Pistole &#8220;Double-Action-Gun 134s&#8221; ist einzigartig und einmalig f\u00fcr diese Preisklasse!<\/b><\/p>\n<p>Die Airbrush-Pistole <b>&#8220;Double-Action-Gun 134s&#8221;<\/b> mit 0,2mm \/ 0,3mm \/ 0,5mm NADEL\/D\u00dcSE Kombination und 2 verschiedenen Farbbeh\u00e4ltern (7ccl und 22ml) ist besonders f\u00fcr den Beginner zum Kennenlernen der einzelnen Techniken und f\u00fcr ein z\u00fcgiges Arbeiten optimal geeignet. Damit lassen sich sowohl feine Linien ziehen, als auch gr\u00f6\u00dfere Fl\u00e4chen airbrushen. F\u00fcr gr\u00f6\u00dfere Farbmengen wird der 22ml-Glasbeh\u00e4lter und f\u00fcr kleinere Farbmengen der 7ccl Metallaufsatz verwendet. Mit der UNIVERSAL AIRBRUSH-PISTOLE DOUBLE-ACTION 134s macht das Hobby richtig Spa\u00df!<\/p>\n<p>Bei der <b>&#8220;Single-Action-Gun 138 D 0,5&#8221;<\/b> wird mit dem Bedienungshebel die Luftmenge und mit einem anderen Regler die Farbmenge gesteuert. Die maximale Farbmenge kann hinten an der R\u00e4ndelschraube (Farbmengen-Regulierschraube) eingestellt werden.<\/p>\n<p>  Das Spr\u00fchmuster dieser Pistole weist mit einem Umfang von 1\/4 &#8211; 1 1\/2 Zoll eine gro\u00dfe Vielseitigkeit aus. F\u00fcr den Einsatz wird ein Adapter ben\u00f6tigt, um die g\u00e4ngigen 1\/4 Zoll Kompressoranschl\u00fcsse auf den kleinern Schlauchdurchmesser zu reduzieren.<\/p>\n<p>Die Airbrush-Pistole <b>&#8220;Double-Action-Gun 134 D 0,3&#8221;<\/b> ist ein Zweistoff-Zerst\u00e4uber, der nach dem Prinzip einer Strahlpumpe arbeitet, wobei Druckluft als Treibmittel verwendet wird.<br \/>\nIn Abh\u00e4ngigkeit von der St\u00e4rke des Luftstroms und der Menge der Farbe, kann man mit einer Airbushpistole feinste Linien, aber auch gro\u00dfe Fl\u00e4chen malen. Man kann Farbe deckend aufspr\u00fchen, aber auch einen transparenten Farbfilm airbrushen.<\/p>\n<p>Bei der internen Farbmischung erfolgt die Zusammenf\u00fchrung von Luft und Farbe direkt im Luftstrom und in oder unmittelbar vor der Pistole. Die Technik ist aufwendiger und teurer, liefert aber ein wesentlich besseres Spritzbild. Die 0,3mm D\u00fcse gestattet Arbeiten bis auf Haarliniengenauigkeit. <\/p>\n<p>Die Spr\u00fchpistole bringt 1 Metal- und 1 Glasfarbmischer mit, was einen schnellen Farbwechsel gew\u00e4hrleistet. Der Metallbeh\u00e4lter kann seitlich an der Spr\u00fchpistole platziert werden.<\/p>\n<\/div>\n<h3>Mnoho dobr\u00fdch d\u016fvod\u016f, pro\u010d byste si m\u011bli koupit tento produkt:<\/h3>\n<div class=\"sale_motive\">\n<ul>\n<li>Rozs\u00e1hl\u00e9 p\u0159\u00edslu\u0161enstv\u00ed<\/li>\n<li><strong>3 Airbrush Pistolen<\/strong> erm\u00f6glichen ein breites Spektrum an Lackierarbeiten<\/li>\n<li><strong>brillantes Spritzbild<\/strong><\/li>\n<li>Airbrush Wasserabscheider f\u00fcr Kompressor<\/li>\n<\/li>\n<li>solide Verarbeitung<\/li>\n<li>Metall-Farbbeh\u00e4lter mit 7ml und ein Glasfarbbeh\u00e4lter mit 22l und Deckel erm\u00f6glichen einen schnellen Farbwechsel<\/li>\n<li>3 Nadeln inklusive (0,2mm \/ 0,3mm \/ 0,5mm)<\/li>\n<li>zukunftsorientierte Bauweise <\/li>\n<li>formsch\u00f6nes Design<\/li>\n<li>Snadn\u00e1 manipulace<\/li>\n<\/ul>\n<\/div>","protected":false},"excerpt":{"rendered":"<p>Drei Airbrush Pistolen &#8220;Dual-Action 134s&#8221; mit D\u00fcse: 0,2mm \/ 0,3mm \/ 0,5mm, &#8220;Single-Action 138&#8221; und Double-Action-Gun 134 D 0,3 + 1,8m Schlauch und viel Zubeh\u00f6r<\/p>","protected":false},"featured_media":31814,"comment_status":"open","ping_status":"closed","template":"","meta":[],"product_cat":[328,256],"product_tag":[],"class_list":{"0":"post-30114","1":"product","2":"type-product","3":"status-publish","4":"has-post-thumbnail","6":"product_cat-sets","7":"product_cat-zubehoer-airbrush","9":"first","10":"instock","11":"taxable","12":"shipping-taxable","13":"purchasable","14":"product-type-simple"},"_links":{"self":[{"href":"http:\/\/igel.wovodo.de:8085\/cs\/wp-json\/wp\/v2\/product\/30114","targetHints":{"allow":["GET"]}}],"collection":[{"href":"http:\/\/igel.wovodo.de:8085\/cs\/wp-json\/wp\/v2\/product"}],"about":[{"href":"http:\/\/igel.wovodo.de:8085\/cs\/wp-json\/wp\/v2\/types\/product"}],"replies":[{"embeddable":true,"href":"http:\/\/igel.wovodo.de:8085\/cs\/wp-json\/wp\/v2\/comments?post=30114"}],"version-history":[{"count":1,"href":"http:\/\/igel.wovodo.de:8085\/cs\/wp-json\/wp\/v2\/product\/30114\/revisions"}],"predecessor-version":[{"id":34732,"href":"http:\/\/igel.wovodo.de:8085\/cs\/wp-json\/wp\/v2\/product\/30114\/revisions\/34732"}],"wp:featuredmedia":[{"embeddable":true,"href":"http:\/\/igel.wovodo.de:8085\/cs\/wp-json\/wp\/v2\/media\/31814"}],"wp:attachment":[{"href":"http:\/\/igel.wovodo.de:8085\/cs\/wp-json\/wp\/v2\/media?parent=30114"}],"wp:term":[{"taxonomy":"product_cat","embeddable":true,"href":"http:\/\/igel.wovodo.de:8085\/cs\/wp-json\/wp\/v2\/product_cat?post=30114"},{"taxonomy":"product_tag","embeddable":true,"href":"http:\/\/igel.wovodo.de:8085\/cs\/wp-json\/wp\/v2\/product_tag?post=30114"}],"curies":[{"name":"wp","href":"https:\/\/api.w.org\/{rel}","templated":true}]}}