{"id":30077,"date":"2024-10-31T14:05:54","date_gmt":"2024-10-31T13:05:54","guid":{"rendered":"http:\/\/igel.wovodo.de:8085\/product\/drei-wege-ventil-zonenventil-3-4-zoll-aqua-valve-i\/"},"modified":"2025-01-27T12:28:34","modified_gmt":"2025-01-27T11:28:34","slug":"drei-wege-ventil-zonenventil-3-4-zoll-aqua-valve-i","status":"publish","type":"product","link":"http:\/\/igel.wovodo.de:8085\/cs\/product\/drei-wege-ventil-zonenventil-3-4-zoll-aqua-valve-i\/","title":{"rendered":"Drei-Wege-Ventil Zonenventil 3\/4 Zoll &#8220;AQUA-VALVE I&#8221;"},"content":{"rendered":"<div class=\"sale_application\"><span><b><br \/>Anwendungsbereiche:<\/span><\/b><\/p>\n<div>\n<ul>\n<li><span><font>Regelungen der <\/font><\/span><span><span>Sanit\u00e4r- und Heizungskreisl\u00e4ufe<\/span><br \/><\/span>\n<\/li>\n<li><span><font>Regelungen der Trinkwasser-, Regenwassernutzung<\/font><\/span>\n<\/li>\n<li><span><font>Regelungen der <\/font><\/span><span>Solartechnik <br \/><\/span>\n<\/li>\n<li><span><font>Regelungen der <\/font><\/span><span>Klimaanlagen<\/span> <\/div>\n<div class=\"sale_description\"><span><span>Das motorisierte Zonenventil<\/span> wird als kompakte Einheit, bestehend aus Ventilk\u00f6rper mit aufgesetztem Steuerger\u00e4t (Stellmotor 230 Volt) geliefert.<\/p>\n<p><\/span><span><span>Die Umschaltventile der Baureihe AQUA-VALVE I sind f\u00fcr die Aufgaben im Bereich Sanit\u00e4r- und Heizungstechnik konzipiert. Sie eignen sich hervorragend f\u00fcr die typischen Eins\u00e4tze bei der Regelung der Heizungskreisl\u00e4ufe, Solartechnik, Regenwassernutzung und vieles mehr. Jedes individuelle Ventil wird auf die Einhaltung der festgelegten Qualit\u00e4tsparameter gepr\u00fcft, was hiermit zertifiziert wird.<\/span><br \/><\/span><span><br \/>Das Anschlu\u00dfschema entnehmen Sie bitte dem Foto. Das 3-Wegeventil ist als Wechselschalter vorgesehen. Der &#8220;Blaue&#8221; Leiter dient als &#8220;Nulleiter&#8221;. Bei Anlegen der Spannung an &#8220;Schwarzen&#8221; Leiter wird die Ventil-Stellung &#8220;A-AB&#8221; erzielt. Bei Anlegen der Spannung an &#8220;Braunen&#8221; Leiter wird die Ventil-Stellung &#8220;B-AB&#8221; erreicht. Das Ventil hat keine automatische R\u00fcckstellung.Bei Stromausfall kann das Ventil, nach Abnahme des Steuerteils, mit einem Maulschl\u00fcssel verstellt werden.<\/p>\n<p>Bei Stromausfall kann das Ventil, nach Abnahme des Steuerteils, mit einem Maulschl\u00fcssel verstellt werden.<\/p>\n<p><strong><span><strong><span><strong><strong>Anschluss f\u00fcr Drei-Wege-Ventil Zonenventil 3\/4 Zoll<br \/><\/strong><\/strong><\/span><\/strong><\/span><\/strong><br \/>\n<\/span><\/p>\n<ul>\n<li><span>Schaltet nur im Wechselschalter Betrieb!!<\/span>\n<\/li>\n<li><span>keine autom. R\u00fcckstellung!!<\/span>\n<\/li>\n<li><span>Leitung schwarz schaltet<\/span>\n<\/li>\n<li><span>AB A<\/span>\n<\/li>\n<li><span>Leitung braun schaltet<\/span>\n<\/li>\n<li><span>AB B <\/span>\n<\/li>\n<li><span>Leitung blau = Null Leiter<\/span><\/div>","protected":false},"excerpt":{"rendered":"<p>Anwendungsbereiche: Regelungen der Sanit\u00e4r- und Heizungskreisl\u00e4ufe Regelungen der Trinkwasser-, Regenwassernutzung Regelungen der Solartechnik Regelungen der Klimaanlagen Das motorisierte Zonenventil wird<\/p>","protected":false},"featured_media":31658,"comment_status":"open","ping_status":"closed","template":"","meta":[],"product_cat":[354],"product_tag":[],"class_list":{"0":"post-30077","1":"product","2":"type-product","3":"status-publish","4":"has-post-thumbnail","6":"product_cat-ventile","8":"first","9":"instock","10":"taxable","11":"shipping-taxable","12":"purchasable","13":"product-type-simple"},"_links":{"self":[{"href":"http:\/\/igel.wovodo.de:8085\/cs\/wp-json\/wp\/v2\/product\/30077","targetHints":{"allow":["GET"]}}],"collection":[{"href":"http:\/\/igel.wovodo.de:8085\/cs\/wp-json\/wp\/v2\/product"}],"about":[{"href":"http:\/\/igel.wovodo.de:8085\/cs\/wp-json\/wp\/v2\/types\/product"}],"replies":[{"embeddable":true,"href":"http:\/\/igel.wovodo.de:8085\/cs\/wp-json\/wp\/v2\/comments?post=30077"}],"version-history":[{"count":1,"href":"http:\/\/igel.wovodo.de:8085\/cs\/wp-json\/wp\/v2\/product\/30077\/revisions"}],"predecessor-version":[{"id":34696,"href":"http:\/\/igel.wovodo.de:8085\/cs\/wp-json\/wp\/v2\/product\/30077\/revisions\/34696"}],"wp:featuredmedia":[{"embeddable":true,"href":"http:\/\/igel.wovodo.de:8085\/cs\/wp-json\/wp\/v2\/media\/31658"}],"wp:attachment":[{"href":"http:\/\/igel.wovodo.de:8085\/cs\/wp-json\/wp\/v2\/media?parent=30077"}],"wp:term":[{"taxonomy":"product_cat","embeddable":true,"href":"http:\/\/igel.wovodo.de:8085\/cs\/wp-json\/wp\/v2\/product_cat?post=30077"},{"taxonomy":"product_tag","embeddable":true,"href":"http:\/\/igel.wovodo.de:8085\/cs\/wp-json\/wp\/v2\/product_tag?post=30077"}],"curies":[{"name":"wp","href":"https:\/\/api.w.org\/{rel}","templated":true}]}}