{"id":30022,"date":"2024-10-31T14:05:17","date_gmt":"2024-10-31T13:05:17","guid":{"rendered":"http:\/\/igel.wovodo.de:8085\/product\/b-ware-invert-tech2-inverter-hauswasserwerk-permanent-magnet-centrifugal-pumpe\/"},"modified":"2025-01-27T12:28:17","modified_gmt":"2025-01-27T11:28:17","slug":"b-ware-invert-tech2-inverter-hauswasserwerk-permanent-magnet-centrifugal-pumpe","status":"publish","type":"product","link":"http:\/\/igel.wovodo.de:8085\/cs\/product\/b-ware-invert-tech2-inverter-hauswasserwerk-permanent-magnet-centrifugal-pumpe\/","title":{"rendered":"B-Ware INVERT-Tech2 INVERTER-HAUSWASSERWERK Permanent Magnet Centrifugal-Pumpe"},"content":{"rendered":"<div class=\"sale_application\">\n<ul>\n<li>Hochwertige, mehrstufige, <b>smarte<\/b> Centrifugal-Pumpe mit Permanent-Magnet-Motor<\/li>\n<li>zur F\u00f6rderung von Klarwasser<\/li>\n<li>zum Umw\u00e4lzen gro\u00dfer Wassermengen, z.B. in privaten\/ \u00f6ffentlichen Schwimmbecken<\/li>\n<li>zur Regenwasser-\/ Brauchwasser-Nutzung in Haus &amp; Garten<\/li>\n<\/ul>\n<\/div>\n<div class=\"sale_description\"><font color=\"FF0000\"><b>B-Ware:<\/b><\/p>\n<ul>\n<li>leichte optische Fehler (z.B. kleine Kratzer etc.)<\/li>\n<li>voll funktionsf\u00e4higes Produkt<\/li>\n<li>reduzierte gesetzliche Gew\u00e4hrleistung auf max. 1 Jahr<\/li>\n<\/ul>\n<p><\/font><\/p>\n<p>Die Pumpe INVERT-Tech2 mit Permanent-Magnetmotor, Drucktank und integriertem Inverter ist nach neuestem technischen Stand entwickelt worden. Sie eignet sich zur Brauchwassernutzung in Haus &amp; Garten sowie zur Umw\u00e4lzung und Filterung gro\u00dfer Wassermengen. <\/p>\n<p>Na str\u00e1nk\u00e1ch <b>INVERT-Tech2 ist eine echte Sensation<\/b> &amp; eine Super-Alternative zu \u00fcblichen Hauswasserwerken und Druckerh\u00f6hungsanlagen!<\/p>\n<p>Die Funktionen der Centrifugal-Pumpe lassen sich am bedienfreundlichen, modernen LED-Display einstellen und ablesen. Die hochwertige Centrifugal-Pumpe hat einen Motor mit Magnetkern. Dieser Magnetkern-Motor sorgt daf\u00fcr, dass der Leistungssdruck konstant bleibt. Variabel ist daf\u00fcr die Umdrehungsszahl (variabel) des Motors.<\/p>\n<p>Durch den eingebauten Inverter verf\u00fcgt das Hauswasserwerk INVERT-Tech2 mit <b>mehrstufiger Centrifugalpumpe<\/b> \u00fcber intelligente Selbst\u00fcberwachungseigenschaften. Der Inverter \u00fcberwacht und regelt den Druck, das automatische Ein- und Ausschalten der Pumpe und bietet \u00dcberspannungs-, Niederspannungs, \u00dcberhitzungs, \u00dcberdruck- und \u00dcberlastschutz. Der Arbeitsdruck l\u00e4sst sich pr\u00e4zise einstellen, Ein- und Ausschaltdruck werden automatisch ermittelt.<\/p>\n<p>Die maximale F\u00f6rdermenge betr\u00e4gt <b>4.300 L\/h<\/b>, der maximale Druck liegt bei <b>4 bar<\/b> und die maximale F\u00f6rderh\u00f6he <b>40 m<\/b>.<\/p>\n<p>Man kann immer die aktuell ben\u00f6tigte Energieleistung sehen und direkt nachvollziehen, wie energiesparsam die Pumpe ist!<\/p>\n<p>Die Pumpe INVERT-Tech2 ist extrem <b>leise, laufruhig<\/b> und hat dabei eine <b>sehr hohe Wasserleistung<\/b>. Spitze!<\/p>\n<p>Im Display wird stets angezeigt:\n  <\/p>\n<ol>\n<li> Der eingestellte Solldruck (werksseitig 3bar)<\/li>\n<li> Der aktuelle Druck<\/li>\n<li> Die aktuell ben\u00f6tigte elektrische Leistung<\/li>\n<li> Die aktuelle Umdrehungszahl<\/li>\n<\/ol>\n<p>Die Pumpe l\u00e4uft sehr sanft los, \u00fcberpr\u00fcft den Wasserdruck und regelt in mehreren Stufen die Umdrehungszahl auf den Solldruck nach. Ist der Solldruck erreicht, schaltet sich die Pumpe ab. Genauso erfolgt das Abschalten beim Zudrehen des Verbrauchers sehr sanft. Die Pumpe regelt die Drehzahl \u00fcber mehrere Stufen runter, bis sie sich abschaltet.<br \/>\n  Die Druckeinstellung erfolgt \u00fcber die beiden Pfeiltasten: hoch und runter.<br \/>\n  <b>Mehr muss nichts eingestellt werden!<\/b><br \/>\n Tropft der Wasserhahn, kann nichts passieren, denn bevor die Pumpe INVERT-Tech2 hei\u00df wird, schaltet sie sich automatisch ab, und nach kurzer Pause wieder an. Dabei wird kaum Strom verbraucht, da die Pumpe stets ganz langsam anl\u00e4uft und sich abschaltet, womit verhindert wird, dass sie auf Hochtouren l\u00e4uft.<br \/>\n  Kurzum: <b>Technik, die begeistert!<\/b><\/p>\n<\/div>\n<h3>Mnoho dobr\u00fdch d\u016fvod\u016f, pro\u010d byste si m\u011bli koupit tento produkt:<\/h3>\n<div class=\"sale_motive\">\n<ul>\n<li>Hochwertige, mehrstufige, <b>smarte<\/b> Centrifugal-Pumpe mit Permanent-Magnet-Motor<\/li>\n<li><b>Gut f\u00fcr die Umwelt &amp; das Klima und KOSTENSPAREND zugleich<\/b><\/li>\n<li>Ausgezeichnete Effizienz, leistunsstark, bis zu 80% energiesparend<\/li>\n<li>Selbstansaugend nach Bef\u00fcllung der Saugleitung<\/li>\n<li>Mit Magnetkern f\u00fcr konstanten Leistungsdruck<\/li>\n<li>Mit variabler Umdrehungszahl<\/li>\n<li>Optimal f\u00fcr ver\u00e4nderlichen Wasserbedarf<\/li>\n<li>Mit eingebautem Inverter<\/li>\n<li>Mit Drucktank<\/li>\n<li>G\u00e4ngiger 1 Zoll Anschluss<\/li>\n<li>Display mit LED-Anzeige<\/li>\n<li>Permanent-Magnet-Motor<\/li>\n<li>nach neuestem Stand der Technik entwickelt<\/li>\n<li>intelligentes Pumpensystem<\/li>\n<li>Pr\u00e4szise einstellbarer Arbeitsdruck (Soll-Wert)<\/li>\n<li>Hochentwickelter Drucksensor<\/li>\n<li>Automatische Regelung der Pumpe durch integrierten Inverter<\/li>\n<li>Mit \u00dcberspannungs-, Niederspannungs- und \u00dcberhitzungsschutz<\/li>\n<\/ul>\n<\/div>","protected":false},"excerpt":{"rendered":"<p><b>Inverter-Hauswasserwerk<br \/>\n  mit selbstansaugender, mehrstufiger Kreiselpumpe, Permanent-Magnetkern-Motor, integriertem Inverter,<br \/>\n  LED-Display, variabler Umdrehungszahl,<br \/>\n  intelligenten Selbst\u00fcberwachungsfunktionen<\/b><br \/>\n  Qmax 4.300 L\/h | Hmax 40 m | Pmax 4 bar<\/p>","protected":false},"featured_media":31288,"comment_status":"open","ping_status":"closed","template":"","meta":[],"product_cat":[311],"product_tag":[],"class_list":{"0":"post-30022","1":"product","2":"type-product","3":"status-publish","4":"has-post-thumbnail","6":"product_cat-b-ware-hauswasserwek","8":"first","9":"instock","10":"sale","11":"taxable","12":"shipping-taxable","13":"purchasable","14":"product-type-simple"},"_links":{"self":[{"href":"http:\/\/igel.wovodo.de:8085\/cs\/wp-json\/wp\/v2\/product\/30022","targetHints":{"allow":["GET"]}}],"collection":[{"href":"http:\/\/igel.wovodo.de:8085\/cs\/wp-json\/wp\/v2\/product"}],"about":[{"href":"http:\/\/igel.wovodo.de:8085\/cs\/wp-json\/wp\/v2\/types\/product"}],"replies":[{"embeddable":true,"href":"http:\/\/igel.wovodo.de:8085\/cs\/wp-json\/wp\/v2\/comments?post=30022"}],"version-history":[{"count":1,"href":"http:\/\/igel.wovodo.de:8085\/cs\/wp-json\/wp\/v2\/product\/30022\/revisions"}],"predecessor-version":[{"id":34642,"href":"http:\/\/igel.wovodo.de:8085\/cs\/wp-json\/wp\/v2\/product\/30022\/revisions\/34642"}],"wp:featuredmedia":[{"embeddable":true,"href":"http:\/\/igel.wovodo.de:8085\/cs\/wp-json\/wp\/v2\/media\/31288"}],"wp:attachment":[{"href":"http:\/\/igel.wovodo.de:8085\/cs\/wp-json\/wp\/v2\/media?parent=30022"}],"wp:term":[{"taxonomy":"product_cat","embeddable":true,"href":"http:\/\/igel.wovodo.de:8085\/cs\/wp-json\/wp\/v2\/product_cat?post=30022"},{"taxonomy":"product_tag","embeddable":true,"href":"http:\/\/igel.wovodo.de:8085\/cs\/wp-json\/wp\/v2\/product_tag?post=30022"}],"curies":[{"name":"wp","href":"https:\/\/api.w.org\/{rel}","templated":true}]}}