{"id":29986,"date":"2024-10-31T14:04:52","date_gmt":"2024-10-31T13:04:52","guid":{"rendered":"http:\/\/igel.wovodo.de:8085\/product\/b-ware-3-tiefbrunnenpumpe-screw-star-370-4-230v\/"},"modified":"2025-01-27T12:28:08","modified_gmt":"2025-01-27T11:28:08","slug":"b-ware-3-tiefbrunnenpumpe-screw-star-370-4-230v","status":"publish","type":"product","link":"http:\/\/igel.wovodo.de:8085\/cs\/product\/b-ware-3-tiefbrunnenpumpe-screw-star-370-4-230v\/","title":{"rendered":"B-Ware 3&#8243; Tiefbrunnenpumpe SCREW-STAR 370-4-230V"},"content":{"rendered":"<div class=\"sale_application\">\n<ul>\n<li>pro v\u0161echny hlubinn\u00e9 vrty<\/li>\n<li>Pro lehk\u00fd a\u017e st\u0159edn\u011b t\u011b\u017ek\u00fd p\u00edsek<\/li>\n<li>pro zavla\u017eov\u00e1n\u00ed nebo kropen\u00ed zahrady<\/li>\n<li>pro sni\u017eov\u00e1n\u00ed hladiny podzemn\u00ed vody<\/li>\n<li>pro pln\u011bn\u00ed n\u00e1dob<\/li>\n<\/ul><\/div>\n<div class=\"sale_description\"> <font color=\"FF0000\"><b>B-Ware:<\/b><\/p>\n<ul>\n<li>leichte optische Fehler (z.B. kleine Kratzer etc.)<\/li>\n<li>voll funktionsf\u00e4higes Produkt<\/li>\n<li>reduzierte gesetzliche Gew\u00e4hrleistung auf max. 1 Jahr<\/li>\n<\/ul>\n<p><\/font><\/p>\n<p>Robustn\u00ed, stabiln\u00ed, p\u00edsku odoln\u00e9 \u0161roubov\u00e9 \u010derpadlo do hlubok\u00fdch vrt\u016f z nerezov\u00e9 oceli pro extr\u00e9mn\u011b hlubok\u00e9 vrty. S t\u00edmto robustn\u00edm \u010derpadlem do hlubok\u00fdch vrt\u016f nen\u00ed \u010derp\u00e1n\u00ed vody z extr\u00e9mn\u011b hlubok\u00fdch vrt\u016f, studn\u00ed nebo vodn\u00edch n\u00e1dr\u017e\u00ed \u017e\u00e1dn\u00fd probl\u00e9m. Toto \u010derpadlo do studn\u00ed dopravuje vodu do m\u00edsta pou\u017eit\u00ed pod vysok\u00fdm tlakem. Je ide\u00e1ln\u00ed pro v\u0161echny studny o pr\u016fm\u011bru nejm\u00e9n\u011b 90 mm.<\/p>\n<p>Maxim\u00e1ln\u00ed pr\u016ftok je 1 600 litr\u016f za hodinu, maxim\u00e1ln\u00ed v\u00fdtla\u010dn\u00fd tlak je 64 metr\u016f a maxim\u00e1ln\u00ed tlak 6,4 baru. Vezm\u011bte pros\u00edm na v\u011bdom\u00ed, \u017ee s rostouc\u00edm v\u00fdtlakem se pr\u016ftok odpov\u00eddaj\u00edc\u00edm zp\u016fsobem sni\u017euje.<\/p>\n<p>Toto \u010derpadlo do studny je jedn\u00edm z m\u00e1la skute\u010dn\u00fdch \u010derpadel do hlubok\u00fdch studn\u00ed, kter\u00e9 si porad\u00ed i s mno\u017estv\u00edm p\u00edsku, p\u0159i kter\u00e9m b\u011b\u017en\u00e1 \u010derpadla s ob\u011b\u017en\u00fdm kolem po kr\u00e1tk\u00e9 dob\u011b selh\u00e1vaj\u00ed! \u010c\u00edm vy\u0161\u0161\u00ed je v\u0161ak obsah p\u00edsku, t\u00edm v\u011bt\u0161\u00ed je opot\u0159eben\u00ed \u0161neku a spojky. Z tohoto d\u016fvodu doporu\u010dujeme p\u0159i v\u00fdskytu p\u00edsku v\u017edy objednat sadu n\u00e1hradn\u00edch d\u00edl\u016f jako d\u00edl podl\u00e9haj\u00edc\u00ed opot\u0159eben\u00ed. Za t\u00edmto \u00fa\u010delem lze sk\u0159\u00ed\u0148 \u010derpadla otev\u0159\u00edt a \u0161nekov\u00fd dopravn\u00edk z nerezov\u00e9 oceli a spojku z tvrd\u00e9 pry\u017ee snadno vym\u011bnit.<\/p>\n<p>Jak zjist\u00edte, kolik p\u00edsku je ve vod\u011b? Jednodu\u0161e napus\u0165te 500-1000 litr\u016f vody do vysok\u00e9 n\u00e1doby tak, aby voda tekla p\u0159es okraj, ale p\u00edsek se mohl usadit. Zm\u011b\u0159te mno\u017estv\u00ed vody a pot\u00e9 hmotnost usazen\u00e9ho p\u00edsku. Pot\u00e9 vypo\u010d\u00edtejte pom\u011br mno\u017estv\u00ed.<\/p>\n<p>Navzdory n\u00edzk\u00e9 spot\u0159eb\u011b elektrick\u00e9 energie pouh\u00fdch 370 W je dosa\u017eeno vysok\u00e9ho hydraulick\u00e9ho v\u00fdkonu.<\/p>\n<p><strong>Toto \u010derpadlo do studny v\u00e1m z dlouhodob\u00e9ho hlediska u\u0161et\u0159\u00ed pen\u00edze!<\/strong><\/p>\n<\/p><\/div>\n<h3>Mnoho dobr\u00fdch d\u016fvod\u016f, pro\u010d byste si m\u011bli koupit tento produkt:<\/h3>\n<div class=\"sale_motive\">\n<ul>\n<li>Levn\u00e1, pevn\u00e1 \u010derpadla do hlubok\u00fdch studn\u00ed<\/li>\n<li>\u00daspora energie<\/li>\n<li>pro extr\u00e9mn\u011b hlubok\u00e9 vrty (a\u017e 55 m).<\/li>\n<li>kompatibiln\u00ed s p\u00edskem<\/li>\n<li>Spolehliv\u00e9, v\u00fdkonn\u00e9<\/li>\n<li>Dlouh\u00e1 \u017eivotnost<\/li>\n<li>Motor s olejov\u00fdm lo\u017eiskem<\/li>\n<li>Pouzdro z nerezov\u00e9 oceli s d\u00edly z mosazi a \u0161ed\u00e9 litiny<\/li>\n<\/ul>\n<\/div>","protected":false},"excerpt":{"rendered":"<p>\u010cerpadlo do studny 230V\/50HZ | 370W<br \/>\n  Hmax. 64m | Qmax. 1 600L\/h | Pmax. 6,4bar<\/p>\n<p><b>Robustn\u00ed pouzdro z nerezov\u00e9 oceli<\/b><\/p>","protected":false},"featured_media":31142,"comment_status":"open","ping_status":"closed","template":"","meta":[],"product_cat":[268,214],"product_tag":[],"class_list":{"0":"post-29986","1":"product","2":"type-product","3":"status-publish","4":"has-post-thumbnail","6":"product_cat-b-ware-sandvertraeglich","7":"product_cat-b-ware-brunnenpumpen","9":"first","10":"instock","11":"sale","12":"taxable","13":"shipping-taxable","14":"purchasable","15":"product-type-simple"},"_links":{"self":[{"href":"http:\/\/igel.wovodo.de:8085\/cs\/wp-json\/wp\/v2\/product\/29986","targetHints":{"allow":["GET"]}}],"collection":[{"href":"http:\/\/igel.wovodo.de:8085\/cs\/wp-json\/wp\/v2\/product"}],"about":[{"href":"http:\/\/igel.wovodo.de:8085\/cs\/wp-json\/wp\/v2\/types\/product"}],"replies":[{"embeddable":true,"href":"http:\/\/igel.wovodo.de:8085\/cs\/wp-json\/wp\/v2\/comments?post=29986"}],"version-history":[{"count":1,"href":"http:\/\/igel.wovodo.de:8085\/cs\/wp-json\/wp\/v2\/product\/29986\/revisions"}],"predecessor-version":[{"id":34608,"href":"http:\/\/igel.wovodo.de:8085\/cs\/wp-json\/wp\/v2\/product\/29986\/revisions\/34608"}],"wp:featuredmedia":[{"embeddable":true,"href":"http:\/\/igel.wovodo.de:8085\/cs\/wp-json\/wp\/v2\/media\/31142"}],"wp:attachment":[{"href":"http:\/\/igel.wovodo.de:8085\/cs\/wp-json\/wp\/v2\/media?parent=29986"}],"wp:term":[{"taxonomy":"product_cat","embeddable":true,"href":"http:\/\/igel.wovodo.de:8085\/cs\/wp-json\/wp\/v2\/product_cat?post=29986"},{"taxonomy":"product_tag","embeddable":true,"href":"http:\/\/igel.wovodo.de:8085\/cs\/wp-json\/wp\/v2\/product_tag?post=29986"}],"curies":[{"name":"wp","href":"https:\/\/api.w.org\/{rel}","templated":true}]}}